{"id":7303,"date":"2022-09-09T18:00:53","date_gmt":"2022-09-09T23:00:53","guid":{"rendered":"https:\/\/zazilha.com\/servicios\/profractional\/"},"modified":"2023-12-13T17:20:33","modified_gmt":"2023-12-13T22:20:33","slug":"cicatrizacion-con-plasma","status":"publish","type":"page","link":"https:\/\/zazilha.com\/es\/servicios-de-spa\/cicatrizacion-con-plasma\/","title":{"rendered":"ProFractional"},"content":{"rendered":"\t\t<div data-elementor-type=\"wp-page\" data-elementor-id=\"7303\" class=\"elementor elementor-7303 elementor-4661\" data-elementor-post-type=\"page\">\n\t\t\t\t\t\t\t\t\t<section class=\"elementor-section elementor-top-section elementor-element elementor-element-76f2d36 elementor-section-full_width elementor-section-height-default elementor-section-height-default\" data-id=\"76f2d36\" data-element_type=\"section\">\n\t\t\t\t\t\t<div class=\"elementor-container elementor-column-gap-default\">\n\t\t\t\t\t<div class=\"elementor-column elementor-col-100 elementor-top-column elementor-element elementor-element-da7f186\" data-id=\"da7f186\" data-element_type=\"column\">\n\t\t\t<div class=\"elementor-widget-wrap elementor-element-populated\">\n\t\t\t\t\t\t\t\t<div class=\"elementor-element elementor-element-2c04f70 elementor-widget elementor-widget-art-ordinary-page-header\" data-id=\"2c04f70\" data-element_type=\"widget\" data-widget_type=\"art-ordinary-page-header.default\">\n\t\t\t\t<div class=\"elementor-widget-container\">\n\t\t\t\r\n\t\t<div class=\"art-ordinary-page-header\" style=\"background-image:url(https:\/\/zazilha.com\/wp-content\/uploads\/2022\/09\/Lv4n73uzXxg.jpg)\">\r\n\r\n\t\t\t<div class=\"container\">\r\n\r\n\t\t\t\t<div class=\"art-ordinary-page-data\" style=\"text-align:center\">\r\n\r\n\t\t\t\t\t<h1 class=\"art-page-header-title\">ProFractional  <\/h1>\r\n\r\n                    \r\n\t\t\t\t<\/div>\r\n\r\n\t\t\t<\/div>\r\n\r\n\t\t<\/div>\r\n\r\n\t\t\t\t<\/div>\n\t\t\t\t<\/div>\n\t\t\t\t\t<\/div>\n\t\t<\/div>\n\t\t\t\t\t\t\t<\/div>\n\t\t<\/section>\n\t\t\t\t<section class=\"elementor-section elementor-top-section elementor-element elementor-element-03432f7 elementor-section-boxed elementor-section-height-default elementor-section-height-default\" data-id=\"03432f7\" data-element_type=\"section\">\n\t\t\t\t\t\t<div class=\"elementor-container elementor-column-gap-default\">\n\t\t\t\t\t<div class=\"elementor-column elementor-col-100 elementor-top-column elementor-element elementor-element-9c98937\" data-id=\"9c98937\" data-element_type=\"column\">\n\t\t\t<div class=\"elementor-widget-wrap elementor-element-populated\">\n\t\t\t\t\t\t\t\t<div class=\"elementor-element elementor-element-2207577 elementor-widget elementor-widget-text-editor\" data-id=\"2207577\" data-element_type=\"widget\" data-widget_type=\"text-editor.default\">\n\t\t\t\t<div class=\"elementor-widget-container\">\n\t\t\t<style>\/*! elementor - v3.18.0 - 20-12-2023 *\/\n.elementor-widget-text-editor.elementor-drop-cap-view-stacked .elementor-drop-cap{background-color:#69727d;color:#fff}.elementor-widget-text-editor.elementor-drop-cap-view-framed .elementor-drop-cap{color:#69727d;border:3px solid;background-color:transparent}.elementor-widget-text-editor:not(.elementor-drop-cap-view-default) .elementor-drop-cap{margin-top:8px}.elementor-widget-text-editor:not(.elementor-drop-cap-view-default) .elementor-drop-cap-letter{width:1em;height:1em}.elementor-widget-text-editor .elementor-drop-cap{float:left;text-align:center;line-height:1;font-size:50px}.elementor-widget-text-editor .elementor-drop-cap-letter{display:inline-block}<\/style>\t\t\t\t<p><span style=\"font-weight: 400;\">El tratamiento ProFractional es un procedimiento l\u00e1ser r\u00e1pido, c\u00f3modo y muy eficaz dise\u00f1ado para mejorar el aspecto general de tu piel. ProFractional destaca por sus notables resultados en el rejuvenecimiento de zonas problem\u00e1ticas, todo ello minimizando el tiempo de inactividad y priorizando tu comodidad.<\/span><\/p>\n\t\t\t\t\t\t<\/div>\n\t\t\t\t<\/div>\n\t\t\t\t\t<\/div>\n\t\t<\/div>\n\t\t\t\t\t\t\t<\/div>\n\t\t<\/section>\n\t\t\t\t<section class=\"elementor-section elementor-top-section elementor-element elementor-element-21f727d elementor-section-boxed elementor-section-height-default elementor-section-height-default\" data-id=\"21f727d\" data-element_type=\"section\">\n\t\t\t\t\t\t<div class=\"elementor-container elementor-column-gap-default\">\n\t\t\t\t\t<div class=\"elementor-column elementor-col-50 elementor-top-column elementor-element elementor-element-7b5cfca\" data-id=\"7b5cfca\" data-element_type=\"column\">\n\t\t\t<div class=\"elementor-widget-wrap elementor-element-populated\">\n\t\t\t\t\t\t\t\t<div class=\"elementor-element elementor-element-58bd080 elementor-widget elementor-widget-heading\" data-id=\"58bd080\" data-element_type=\"widget\" data-widget_type=\"heading.default\">\n\t\t\t\t<div class=\"elementor-widget-container\">\n\t\t\t<style>\/*! elementor - v3.18.0 - 20-12-2023 *\/\n.elementor-heading-title{padding:0;margin:0;line-height:1}.elementor-widget-heading .elementor-heading-title[class*=elementor-size-]>a{color:inherit;font-size:inherit;line-height:inherit}.elementor-widget-heading .elementor-heading-title.elementor-size-small{font-size:15px}.elementor-widget-heading .elementor-heading-title.elementor-size-medium{font-size:19px}.elementor-widget-heading .elementor-heading-title.elementor-size-large{font-size:29px}.elementor-widget-heading .elementor-heading-title.elementor-size-xl{font-size:39px}.elementor-widget-heading .elementor-heading-title.elementor-size-xxl{font-size:59px}<\/style><h2 class=\"elementor-heading-title elementor-size-default\">ProFractional <\/h2>\t\t<\/div>\n\t\t\t\t<\/div>\n\t\t\t\t<div class=\"elementor-element elementor-element-133ac26 elementor-widget elementor-widget-text-editor\" data-id=\"133ac26\" data-element_type=\"widget\" data-widget_type=\"text-editor.default\">\n\t\t\t\t<div class=\"elementor-widget-container\">\n\t\t\t\t\t\t\t<h3><strong>\u00bfC\u00f3mo funciona? <\/strong><\/h3>\n<p><span style=\"font-weight: 400;\">ProFractional aprovecha la potencia de un peque\u00f1o rayo l\u00e1ser para tratar miles de zonas precisas de la piel. Al tratar solo una fracci\u00f3n de la piel directamente con el l\u00e1ser, el tejido no tratado favorece una r\u00e1pida cicatrizaci\u00f3n. La respuesta de cicatrizaci\u00f3n de esta piel no tratada desencadena la producci\u00f3n de nuevo col\u00e1geno, lo que confiere mayor firmeza y elasticidad a la piel.<\/span><\/p>\n<p><span style=\"font-weight: 400;\">Este innovador proceso consiste en eliminar la capa superficial de la zona tratada, de forma similar al proceso de cicatrizaci\u00f3n natural que se produce al rascarse la piel. De este modo, se incita a las c\u00e9lulas a trabajar para restaurar la textura de la piel a su estado normal. ProFractional puede aplicarse en varias zonas, incluidas las zonas peri-oral, peri-orbital, el rostro completo, el cuello y las manos.<\/span><\/p>\n<p><span style=\"font-weight: 400;\">\u00a1Reserva ya tu cita! Nuestro equipo de expertos elaborar\u00e1 un plan de tratamiento personalizado adaptado a sus necesidades \u00fanicas, asegur\u00e1ndose de obtener los resultados que deseas.<\/span><\/p><\/p>\n\t\t\t\t\t\t<\/div>\n\t\t\t\t<\/div>\n\t\t\t\t<section class=\"elementor-section elementor-inner-section elementor-element elementor-element-66e2865 elementor-section-full_width elementor-section-height-default elementor-section-height-default\" data-id=\"66e2865\" data-element_type=\"section\">\n\t\t\t\t\t\t<div class=\"elementor-container elementor-column-gap-default\">\n\t\t\t\t\t<div class=\"elementor-column elementor-col-50 elementor-inner-column elementor-element elementor-element-c164536\" data-id=\"c164536\" data-element_type=\"column\">\n\t\t\t<div class=\"elementor-widget-wrap elementor-element-populated\">\n\t\t\t\t\t\t\t\t<div class=\"elementor-element elementor-element-cbaf78d elementor-widget elementor-widget-text-editor\" data-id=\"cbaf78d\" data-element_type=\"widget\" data-widget_type=\"text-editor.default\">\n\t\t\t\t<div class=\"elementor-widget-container\">\n\t\t\t\t\t\t\t<ul>\n<li data-leveltext=\"-\" data-font=\"Calibri\" data-listid=\"8\" data-list-defn-props=\"{\"335552541\":1,\"335559683\":0,\"335559684\":-2,\"335559685\":720,\"335559991\":360,\"469769226\":\"Calibri\",\"469769242\":[8226],\"469777803\":\"left\",\"469777804\":\"-\",\"469777815\":\"hybridMultilevel\"}\" aria-setsize=\"-1\" data-aria-posinset=\"1\" data-aria-level=\"1\"><span data-contrast=\"auto\">Peri-oral<\/span><span data-ccp-props=\"{\"201341983\":0,\"335559739\":160,\"335559740\":259}\"> <\/span><\/li>\n<li data-leveltext=\"-\" data-font=\"Calibri\" data-listid=\"8\" data-list-defn-props=\"{\"335552541\":1,\"335559683\":0,\"335559684\":-2,\"335559685\":720,\"335559991\":360,\"469769226\":\"Calibri\",\"469769242\":[8226],\"469777803\":\"left\",\"469777804\":\"-\",\"469777815\":\"hybridMultilevel\"}\" aria-setsize=\"-1\" data-aria-posinset=\"2\" data-aria-level=\"1\"><span data-contrast=\"auto\">Peri-orbital <\/span><span data-ccp-props=\"{\"201341983\":0,\"335559739\":160,\"335559740\":259}\"> <\/span><\/li>\n<li data-leveltext=\"-\" data-font=\"Calibri\" data-listid=\"8\" data-list-defn-props=\"{\"335552541\":1,\"335559683\":0,\"335559684\":-2,\"335559685\":720,\"335559991\":360,\"469769226\":\"Calibri\",\"469769242\":[8226],\"469777803\":\"left\",\"469777804\":\"-\",\"469777815\":\"hybridMultilevel\"}\" aria-setsize=\"-1\" data-aria-posinset=\"3\" data-aria-level=\"1\"><span data-contrast=\"auto\">Cara completa <\/span><span data-ccp-props=\"{\"201341983\":0,\"335559739\":160,\"335559740\":259}\"> <\/span><\/li>\n<\/ul>\n\t\t\t\t\t\t<\/div>\n\t\t\t\t<\/div>\n\t\t\t\t\t<\/div>\n\t\t<\/div>\n\t\t\t\t<div class=\"elementor-column elementor-col-50 elementor-inner-column elementor-element elementor-element-e138ebd\" data-id=\"e138ebd\" data-element_type=\"column\">\n\t\t\t<div class=\"elementor-widget-wrap elementor-element-populated\">\n\t\t\t\t\t\t\t\t<div class=\"elementor-element elementor-element-ba7eff2 elementor-widget elementor-widget-text-editor\" data-id=\"ba7eff2\" data-element_type=\"widget\" data-widget_type=\"text-editor.default\">\n\t\t\t\t<div class=\"elementor-widget-container\">\n\t\t\t\t\t\t\t<ul>\n<li data-leveltext=\"-\" data-font=\"Calibri\" data-listid=\"8\" data-list-defn-props=\"{\"335552541\":1,\"335559683\":0,\"335559684\":-2,\"335559685\":720,\"335559991\":360,\"469769226\":\"Calibri\",\"469769242\":[8226],\"469777803\":\"left\",\"469777804\":\"-\",\"469777815\":\"hybridMultilevel\"}\" aria-setsize=\"-1\" data-aria-posinset=\"4\" data-aria-level=\"1\"><span data-contrast=\"auto\">Cuello <\/span><span data-ccp-props=\"{\"201341983\":0,\"335559739\":160,\"335559740\":259}\"> <\/span><\/li>\n<li data-leveltext=\"-\" data-font=\"Calibri\" data-listid=\"8\" data-list-defn-props=\"{\"335552541\":1,\"335559683\":0,\"335559684\":-2,\"335559685\":720,\"335559991\":360,\"469769226\":\"Calibri\",\"469769242\":[8226],\"469777803\":\"left\",\"469777804\":\"-\",\"469777815\":\"hybridMultilevel\"}\" aria-setsize=\"-1\" data-aria-posinset=\"5\" data-aria-level=\"1\"><span data-contrast=\"auto\">Brazos <\/span><\/li>\n<\/ul>\n\t\t\t\t\t\t<\/div>\n\t\t\t\t<\/div>\n\t\t\t\t\t<\/div>\n\t\t<\/div>\n\t\t\t\t\t\t\t<\/div>\n\t\t<\/section>\n\t\t\t\t<section class=\"elementor-section elementor-inner-section elementor-element elementor-element-5462c41 elementor-section-boxed elementor-section-height-default elementor-section-height-default\" data-id=\"5462c41\" data-element_type=\"section\">\n\t\t\t\t\t\t<div class=\"elementor-container elementor-column-gap-default\">\n\t\t\t\t\t<div class=\"elementor-column elementor-col-100 elementor-inner-column elementor-element elementor-element-bf9b06b\" data-id=\"bf9b06b\" data-element_type=\"column\">\n\t\t\t<div class=\"elementor-widget-wrap elementor-element-populated\">\n\t\t\t\t\t\t\t\t<div class=\"elementor-element elementor-element-84a08fd elementor-align-center elementor-widget elementor-widget-button\" data-id=\"84a08fd\" data-element_type=\"widget\" data-widget_type=\"button.default\">\n\t\t\t\t<div class=\"elementor-widget-container\">\n\t\t\t\t\t<div class=\"elementor-button-wrapper\">\n\t\t\t<a class=\"elementor-button elementor-button-link elementor-size-sm\" href=\"https:\/\/zazilha.com\/contact\/\">\n\t\t\t\t\t\t<span class=\"elementor-button-content-wrapper\">\n\t\t\t\t\t\t<span class=\"elementor-button-text\">ENVIAR MENSAJE<\/span>\n\t\t<\/span>\n\t\t\t\t\t<\/a>\n\t\t<\/div>\n\t\t\t\t<\/div>\n\t\t\t\t<\/div>\n\t\t\t\t\t<\/div>\n\t\t<\/div>\n\t\t\t\t\t\t\t<\/div>\n\t\t<\/section>\n\t\t\t\t\t<\/div>\n\t\t<\/div>\n\t\t\t\t<div class=\"elementor-column elementor-col-50 elementor-top-column elementor-element elementor-element-c125e1f\" data-id=\"c125e1f\" data-element_type=\"column\">\n\t\t\t<div class=\"elementor-widget-wrap elementor-element-populated\">\n\t\t\t\t\t\t\t\t<section class=\"elementor-section elementor-inner-section elementor-element elementor-element-4223260 elementor-hidden-tablet elementor-section-boxed elementor-section-height-default elementor-section-height-default\" data-id=\"4223260\" data-element_type=\"section\">\n\t\t\t\t\t\t<div class=\"elementor-container elementor-column-gap-default\">\n\t\t\t\t\t<div class=\"elementor-column elementor-col-100 elementor-inner-column elementor-element elementor-element-3d2ea77\" data-id=\"3d2ea77\" data-element_type=\"column\">\n\t\t\t<div class=\"elementor-widget-wrap elementor-element-populated\">\n\t\t\t\t\t\t\t\t<div class=\"elementor-element elementor-element-7ca3708 elementor-widget elementor-widget-image\" data-id=\"7ca3708\" data-element_type=\"widget\" data-widget_type=\"image.default\">\n\t\t\t\t<div class=\"elementor-widget-container\">\n\t\t\t<style>\/*! elementor - v3.18.0 - 20-12-2023 *\/\n.elementor-widget-image{text-align:center}.elementor-widget-image a{display:inline-block}.elementor-widget-image a img[src$=\".svg\"]{width:48px}.elementor-widget-image img{vertical-align:middle;display:inline-block}<\/style>\t\t\t\t\t\t\t\t\t\t\t\t<img decoding=\"async\" src=\"https:\/\/zazilha.com\/wp-content\/uploads\/elementor\/thumbs\/cropped-shot-of-young-womans-face-with-acne-skin-in-zoom-circle-pimples-red-scars-rash-on-cheeks-ptsp3qbn7jagejeieskqkhwh19cgq02mhsogrwz0js.jpg\" title=\"cropped-shot-of-young-womans-face-with-acne-skin-in-zoom-circle-pimples-red-scars-rash-on-cheeks\" alt=\"cropped-shot-of-young-womans-face-with-acne-skin-in-zoom-circle-pimples-red-scars-rash-on-cheeks\" loading=\"lazy\" \/>\t\t\t\t\t\t\t\t\t\t\t\t\t\t\t<\/div>\n\t\t\t\t<\/div>\n\t\t\t\t<div class=\"elementor-element elementor-element-2a020d5 elementor-widget elementor-widget-image\" data-id=\"2a020d5\" data-element_type=\"widget\" data-widget_type=\"image.default\">\n\t\t\t\t<div class=\"elementor-widget-container\">\n\t\t\t\t\t\t\t\t\t\t\t\t\t\t\t<img decoding=\"async\" src=\"https:\/\/zazilha.com\/wp-content\/uploads\/elementor\/thumbs\/Profractional-3-pv3mtekt74j08ywou96ddu9xf1mko4nssq770e7ix4.jpg\" title=\"Profractional-3\" alt=\"Profractional-3\" loading=\"lazy\" \/>\t\t\t\t\t\t\t\t\t\t\t\t\t\t\t<\/div>\n\t\t\t\t<\/div>\n\t\t\t\t\t<\/div>\n\t\t<\/div>\n\t\t\t\t\t\t\t<\/div>\n\t\t<\/section>\n\t\t\t\t<section class=\"elementor-section elementor-inner-section elementor-element elementor-element-706e093 elementor-hidden-desktop elementor-hidden-mobile elementor-section-boxed elementor-section-height-default elementor-section-height-default\" data-id=\"706e093\" data-element_type=\"section\">\n\t\t\t\t\t\t<div class=\"elementor-container elementor-column-gap-default\">\n\t\t\t\t\t<div class=\"elementor-column elementor-col-100 elementor-inner-column elementor-element elementor-element-6f5b4b3\" data-id=\"6f5b4b3\" data-element_type=\"column\">\n\t\t\t<div class=\"elementor-widget-wrap elementor-element-populated\">\n\t\t\t\t\t\t\t\t<div class=\"elementor-element elementor-element-00d9b54 elementor-widget elementor-widget-image\" data-id=\"00d9b54\" data-element_type=\"widget\" data-widget_type=\"image.default\">\n\t\t\t\t<div class=\"elementor-widget-container\">\n\t\t\t\t\t\t\t\t\t\t\t\t\t\t\t<img decoding=\"async\" src=\"https:\/\/zazilha.com\/wp-content\/uploads\/elementor\/thumbs\/cropped-shot-of-young-womans-face-with-acne-skin-in-zoom-circle-pimples-red-scars-rash-on-cheeks-ptsp3qbn7j9lpne2wok1ru5ggho5t63ulkfpqh6jzg.jpg\" title=\"cropped-shot-of-young-womans-face-with-acne-skin-in-zoom-circle-pimples-red-scars-rash-on-cheeks\" alt=\"cropped-shot-of-young-womans-face-with-acne-skin-in-zoom-circle-pimples-red-scars-rash-on-cheeks\" loading=\"lazy\" \/>\t\t\t\t\t\t\t\t\t\t\t\t\t\t\t<\/div>\n\t\t\t\t<\/div>\n\t\t\t\t<div class=\"elementor-element elementor-element-da2da11 elementor-widget elementor-widget-image\" data-id=\"da2da11\" data-element_type=\"widget\" data-widget_type=\"image.default\">\n\t\t\t\t<div class=\"elementor-widget-container\">\n\t\t\t\t\t\t\t\t\t\t\t\t\t\t\t<img decoding=\"async\" src=\"https:\/\/zazilha.com\/wp-content\/uploads\/elementor\/thumbs\/Profractional-3-pv3mtekt74i5k2w9c55ol6iwu9y9rap0whyfyyf2cs.jpg\" title=\"Profractional-3\" alt=\"Profractional-3\" loading=\"lazy\" \/>\t\t\t\t\t\t\t\t\t\t\t\t\t\t\t<\/div>\n\t\t\t\t<\/div>\n\t\t\t\t\t<\/div>\n\t\t<\/div>\n\t\t\t\t\t\t\t<\/div>\n\t\t<\/section>\n\t\t\t\t\t<\/div>\n\t\t<\/div>\n\t\t\t\t\t\t\t<\/div>\n\t\t<\/section>\n\t\t\t\t<section class=\"elementor-section elementor-top-section elementor-element elementor-element-88f0129 elementor-section-boxed elementor-section-height-default elementor-section-height-default\" data-id=\"88f0129\" data-element_type=\"section\">\n\t\t\t\t\t\t<div class=\"elementor-container elementor-column-gap-default\">\n\t\t\t\t\t<div class=\"elementor-column elementor-col-100 elementor-top-column elementor-element elementor-element-91b5d33\" data-id=\"91b5d33\" data-element_type=\"column\">\n\t\t\t<div class=\"elementor-widget-wrap elementor-element-populated\">\n\t\t\t\t\t\t\t\t<div class=\"elementor-element elementor-element-ceac463 elementor-widget elementor-widget-heading\" data-id=\"ceac463\" data-element_type=\"widget\" data-widget_type=\"heading.default\">\n\t\t\t\t<div class=\"elementor-widget-container\">\n\t\t\t<h2 class=\"elementor-heading-title elementor-size-default\">Preguntas frecuentes<\/h2>\t\t<\/div>\n\t\t\t\t<\/div>\n\t\t\t\t<section class=\"elementor-section elementor-inner-section elementor-element elementor-element-ad2ca64 elementor-section-boxed elementor-section-height-default elementor-section-height-default\" data-id=\"ad2ca64\" data-element_type=\"section\">\n\t\t\t\t\t\t<div class=\"elementor-container elementor-column-gap-default\">\n\t\t\t\t\t<div class=\"elementor-column elementor-col-50 elementor-inner-column elementor-element elementor-element-f37de66\" data-id=\"f37de66\" data-element_type=\"column\">\n\t\t\t<div class=\"elementor-widget-wrap elementor-element-populated\">\n\t\t\t\t\t\t\t\t<div class=\"elementor-element elementor-element-c06696a elementor-widget elementor-widget-image\" data-id=\"c06696a\" data-element_type=\"widget\" data-widget_type=\"image.default\">\n\t\t\t\t<div class=\"elementor-widget-container\">\n\t\t\t\t\t\t\t\t\t\t\t\t\t\t\t<img decoding=\"async\" src=\"https:\/\/zazilha.com\/wp-content\/uploads\/elementor\/thumbs\/Profractional-2-pv3mtativhxl9cp1lvxa9t8schnyl2py0trxc69ll4.jpg\" title=\"Profractional-2\" alt=\"Profractional-2\" loading=\"lazy\" \/>\t\t\t\t\t\t\t\t\t\t\t\t\t\t\t<\/div>\n\t\t\t\t<\/div>\n\t\t\t\t\t<\/div>\n\t\t<\/div>\n\t\t\t\t<div class=\"elementor-column elementor-col-50 elementor-inner-column elementor-element elementor-element-b52fc84\" data-id=\"b52fc84\" data-element_type=\"column\">\n\t\t\t<div class=\"elementor-widget-wrap elementor-element-populated\">\n\t\t\t\t\t\t\t\t<div class=\"elementor-element elementor-element-9b20db9 elementor-widget elementor-widget-text-editor\" data-id=\"9b20db9\" data-element_type=\"widget\" data-widget_type=\"text-editor.default\">\n\t\t\t\t<div class=\"elementor-widget-container\">\n\t\t\t\t\t\t\t<p><em><strong>\u00bfSe requiere reposo despu\u00e9s del procedimiento?<\/strong><\/em><\/p>\n<p><span style=\"font-weight: 400;\">Dado que se trata de un procedimiento no quir\u00fargico, el tiempo de inactividad se reduce significativamente a entre 2 y 4 d\u00edas.<\/span><\/p>\n<p><em><strong>\u00bfExisten efectos secundarios asociados al tratamiento?<\/strong><\/em><\/p>\n<p><span style=\"font-weight: 400;\">Gracias al tipo espec\u00edfico de haz utilizado, la zona circundante permanecer\u00e1 segura.<\/span><\/p>\n<p><em><strong>\u00bfEl procedimiento produce molestias?<\/strong><\/em><\/p>\n<p><span style=\"font-weight: 400;\">Se trata de un l\u00e1ser suave; incluso las personas con piel sensible pueden sentirlo como si una goma el\u00e1stica golpeara la piel. Para mejorar su experiencia, puede consultar a un experto sobre la posibilidad de utilizar una crema anest\u00e9sica antes del procedimiento.<\/span><\/p>\n\t\t\t\t\t\t<\/div>\n\t\t\t\t<\/div>\n\t\t\t\t\t<\/div>\n\t\t<\/div>\n\t\t\t\t\t\t\t<\/div>\n\t\t<\/section>\n\t\t\t\t\t<\/div>\n\t\t<\/div>\n\t\t\t\t\t\t\t<\/div>\n\t\t<\/section>\n\t\t\t\t<section class=\"elementor-section elementor-top-section elementor-element elementor-element-29ddb92 elementor-section-full_width elementor-section-height-default elementor-section-height-default\" data-id=\"29ddb92\" data-element_type=\"section\" data-settings=\"{&quot;background_background&quot;:&quot;classic&quot;}\">\n\t\t\t\t\t\t<div class=\"elementor-container elementor-column-gap-default\">\n\t\t\t\t\t<div class=\"elementor-column elementor-col-100 elementor-top-column elementor-element elementor-element-4a8f37a\" data-id=\"4a8f37a\" data-element_type=\"column\">\n\t\t\t<div class=\"elementor-widget-wrap elementor-element-populated\">\n\t\t\t\t\t\t\t\t<div class=\"elementor-element elementor-element-2208d41 elementor-widget elementor-widget-heading\" data-id=\"2208d41\" data-element_type=\"widget\" data-widget_type=\"heading.default\">\n\t\t\t\t<div class=\"elementor-widget-container\">\n\t\t\t<h2 class=\"elementor-heading-title elementor-size-default\">Palabras de nuestros clientes satisfechos<\/h2>\t\t<\/div>\n\t\t\t\t<\/div>\n\t\t\t\t<div class=\"elementor-element elementor-element-7e11223 elementor-widget elementor-widget-art-testimonials\" data-id=\"7e11223\" data-element_type=\"widget\" data-widget_type=\"art-testimonials.default\">\n\t\t\t\t<div class=\"elementor-widget-container\">\n\t\t\t\r\n\r\n\t\t<div class=\"art-testimonial-wrapper\">\r\n\r\n\t\t\t\r\n\t\t\t<div class=\"swiper-container-testimonial-info\">\r\n\t\t\t\t<div class=\"swiper-wrapper \">\r\n\r\n\t\t\t\t\t\t\t\t\t\t\t<div class=\"swiper-slide testimonial-item\">\r\n\t\t\t\t\t\t\t<div class=\"art-testimonial-data art-h5\"><p><span class=\"TextRun SCXW119808013 BCX8\" lang=\"EN-US\" xml:lang=\"EN-US\" data-contrast=\"auto\"><span class=\"NormalTextRun SCXW119808013 BCX8\">\u201c<span class=\"NormalTextRun SCXW158786431 BCX8\">I suffered from a lot of acne when I was a teen,<\/span><span class=\"NormalTextRun SCXW158786431 BCX8\"> a session and a couple of weeks in the island have make wonders <\/span><span class=\"NormalTextRun SCXW158786431 BCX8\">for my skin and\u00a0<\/span><span class=\"NormalTextRun SCXW158786431 BCX8\">self-esteem<\/span><\/span><\/span><span class=\"TextRun SCXW119808013 BCX8\" lang=\"EN-US\" xml:lang=\"EN-US\" data-contrast=\"auto\"><span class=\"NormalTextRun SCXW119808013 BCX8\">\u201d.<\/span><\/span><\/p><\/div>\r\n\t\t\t\t\t\t\t<div class=\"art-testimonial-name art-body-three-font\">Kate Beringer<\/div>\r\n\t\t\t\t\t\t<\/div>\r\n\t\t\t\t\t\t\t\t\t\t\t<div class=\"swiper-slide testimonial-item\">\r\n\t\t\t\t\t\t\t<div class=\"art-testimonial-data art-h5\"><p><span class=\"TextRun SCXW119808013 BCX8\" lang=\"EN-US\" xml:lang=\"EN-US\" data-contrast=\"auto\"><span class=\"NormalTextRun SCXW119808013 BCX8\">\u201cGreat gift for my 40<\/span><\/span><span class=\"TextRun SCXW119808013 BCX8\" lang=\"EN-US\" xml:lang=\"EN-US\" data-contrast=\"auto\"><span class=\"NormalTextRun Superscript SCXW119808013 BCX8\" data-fontsize=\"11\">th<\/span><\/span><span class=\"TextRun SCXW119808013 BCX8\" lang=\"EN-US\" xml:lang=\"EN-US\" data-contrast=\"auto\"><span class=\"NormalTextRun SCXW119808013 BCX8\"> birthday! Now I look as <\/span><span class=\"NormalTextRun SCXW119808013 BCX8\">young<\/span><span class=\"NormalTextRun SCXW119808013 BCX8\"> as I<\/span><span class=\"NormalTextRun SCXW119808013 BCX8\"> feel\u201d.<\/span><\/span><\/p><\/div>\r\n\t\t\t\t\t\t\t<div class=\"art-testimonial-name art-body-three-font\">F\u00e1tima Saldivar<\/div>\r\n\t\t\t\t\t\t<\/div>\r\n\t\t\t\t\t\t\t\t\t\t\t<div class=\"swiper-slide testimonial-item\">\r\n\t\t\t\t\t\t\t<div class=\"art-testimonial-data art-h5\"><p><span class=\"TextRun SCXW119808013 BCX8\" lang=\"EN-US\" xml:lang=\"EN-US\" data-contrast=\"auto\"><span class=\"NormalTextRun SCXW119808013 BCX8\">\u201c<span class=\"NormalTextRun SCXW267549237 BCX8\">Feeling young and now looking young! <\/span><span class=\"NormalTextRun SCXW267549237 BCX8\">The best service at the best place.<\/span><\/span><\/span><span class=\"TextRun SCXW119808013 BCX8\" lang=\"EN-US\" xml:lang=\"EN-US\" data-contrast=\"auto\"><span class=\"NormalTextRun SCXW119808013 BCX8\">\u201d<\/span><\/span><\/p><\/div>\r\n\t\t\t\t\t\t\t<div class=\"art-testimonial-name art-body-three-font\">Frank Welker <\/div>\r\n\t\t\t\t\t\t<\/div>\r\n\t\t\t\t\t\r\n\t\t\t\t<\/div>\r\n\r\n\t\t\t\t<!-- Add Arrows -->\r\n\t\t\t\t<div class=\"swiper-button-prev \"><\/div>\r\n\t\t\t\t<div class=\"swiper-button-next \"><\/div>\r\n\r\n\t\t\t<\/div>\r\n\r\n\t\t<\/div>\r\n\r\n\r\n\t\t\t\t<\/div>\n\t\t\t\t<\/div>\n\t\t\t\t\t<\/div>\n\t\t<\/div>\n\t\t\t\t\t\t\t<\/div>\n\t\t<\/section>\n\t\t\t\t\t\t\t<\/div>\n\t\t","protected":false},"excerpt":{"rendered":"<p>El tratamiento ProFractional es un procedimiento l\u00e1ser r\u00e1pido, c\u00f3modo y muy eficaz dise\u00f1ado para mejorar el aspecto general de tu piel. ProFractional destaca por sus notables resultados en el rejuvenecimiento de zonas problem\u00e1ticas, todo ello minimizando el tiempo de inactividad y priorizando tu comodidad. ProFractional \u00bfC\u00f3mo funciona? ProFractional aprovecha la potencia de un peque\u00f1o rayo [&hellip;]<\/p>\n","protected":false},"author":1,"featured_media":7131,"parent":7192,"menu_order":0,"comment_status":"closed","ping_status":"closed","template":"elementor_header_footer","meta":{"inline_featured_image":false,"footnotes":""},"class_list":["post-7303","page","type-page","status-publish","has-post-thumbnail","hentry"],"acf":[],"_links":{"self":[{"href":"https:\/\/zazilha.com\/es\/wp-json\/wp\/v2\/pages\/7303","targetHints":{"allow":["GET"]}}],"collection":[{"href":"https:\/\/zazilha.com\/es\/wp-json\/wp\/v2\/pages"}],"about":[{"href":"https:\/\/zazilha.com\/es\/wp-json\/wp\/v2\/types\/page"}],"author":[{"embeddable":true,"href":"https:\/\/zazilha.com\/es\/wp-json\/wp\/v2\/users\/1"}],"replies":[{"embeddable":true,"href":"https:\/\/zazilha.com\/es\/wp-json\/wp\/v2\/comments?post=7303"}],"version-history":[{"count":3,"href":"https:\/\/zazilha.com\/es\/wp-json\/wp\/v2\/pages\/7303\/revisions"}],"predecessor-version":[{"id":7507,"href":"https:\/\/zazilha.com\/es\/wp-json\/wp\/v2\/pages\/7303\/revisions\/7507"}],"up":[{"embeddable":true,"href":"https:\/\/zazilha.com\/es\/wp-json\/wp\/v2\/pages\/7192"}],"wp:featuredmedia":[{"embeddable":true,"href":"https:\/\/zazilha.com\/es\/wp-json\/wp\/v2\/media\/7131"}],"wp:attachment":[{"href":"https:\/\/zazilha.com\/es\/wp-json\/wp\/v2\/media?parent=7303"}],"curies":[{"name":"wp","href":"https:\/\/api.w.org\/{rel}","templated":true}]}}