{"id":7308,"date":"2022-09-20T10:07:15","date_gmt":"2022-09-20T15:07:15","guid":{"rendered":"https:\/\/zazilha.com\/isla-mujeres\/"},"modified":"2026-01-27T14:07:46","modified_gmt":"2026-01-27T19:07:46","slug":"spa-laser-isla-mujeres","status":"publish","type":"page","link":"https:\/\/zazilha.com\/es\/spa-laser-isla-mujeres\/","title":{"rendered":"Isla Mujeres"},"content":{"rendered":"\t\t<div data-elementor-type=\"wp-page\" data-elementor-id=\"7308\" class=\"elementor elementor-7308 elementor-5576\" data-elementor-post-type=\"page\">\n\t\t\t\t\t\t\t\t\t<section class=\"elementor-section elementor-top-section elementor-element elementor-element-96409d4 elementor-section-full_width elementor-section-height-default elementor-section-height-default\" data-id=\"96409d4\" data-element_type=\"section\" data-settings=\"{&quot;background_background&quot;:&quot;classic&quot;}\">\n\t\t\t\t\t\t\t<div class=\"elementor-background-overlay\"><\/div>\n\t\t\t\t\t\t\t<div class=\"elementor-container elementor-column-gap-default\">\n\t\t\t\t\t<div class=\"elementor-column elementor-col-100 elementor-top-column elementor-element elementor-element-a8c6cdb\" data-id=\"a8c6cdb\" data-element_type=\"column\">\n\t\t\t<div class=\"elementor-widget-wrap elementor-element-populated\">\n\t\t\t\t\t\t\t\t<div class=\"elementor-element elementor-element-c3a0b5f elementor-widget elementor-widget-heading\" data-id=\"c3a0b5f\" data-element_type=\"widget\" data-widget_type=\"heading.default\">\n\t\t\t\t<div class=\"elementor-widget-container\">\n\t\t\t<style>\/*! elementor - v3.18.0 - 20-12-2023 *\/\n.elementor-heading-title{padding:0;margin:0;line-height:1}.elementor-widget-heading .elementor-heading-title[class*=elementor-size-]>a{color:inherit;font-size:inherit;line-height:inherit}.elementor-widget-heading .elementor-heading-title.elementor-size-small{font-size:15px}.elementor-widget-heading .elementor-heading-title.elementor-size-medium{font-size:19px}.elementor-widget-heading .elementor-heading-title.elementor-size-large{font-size:29px}.elementor-widget-heading .elementor-heading-title.elementor-size-xl{font-size:39px}.elementor-widget-heading .elementor-heading-title.elementor-size-xxl{font-size:59px}<\/style><h1 class=\"elementor-heading-title elementor-size-default\">Fusi\u00f3n de naturaleza e innovaci\u00f3n<\/h1>\t\t<\/div>\n\t\t\t\t<\/div>\n\t\t\t\t<div class=\"elementor-element elementor-element-d1fba37 elementor-hidden-desktop elementor-hidden-tablet elementor-hidden-mobile elementor-widget elementor-widget-text-editor\" data-id=\"d1fba37\" data-element_type=\"widget\" data-widget_type=\"text-editor.default\">\n\t\t\t\t<div class=\"elementor-widget-container\">\n\t\t\t<style>\/*! elementor - v3.18.0 - 20-12-2023 *\/\n.elementor-widget-text-editor.elementor-drop-cap-view-stacked .elementor-drop-cap{background-color:#69727d;color:#fff}.elementor-widget-text-editor.elementor-drop-cap-view-framed .elementor-drop-cap{color:#69727d;border:3px solid;background-color:transparent}.elementor-widget-text-editor:not(.elementor-drop-cap-view-default) .elementor-drop-cap{margin-top:8px}.elementor-widget-text-editor:not(.elementor-drop-cap-view-default) .elementor-drop-cap-letter{width:1em;height:1em}.elementor-widget-text-editor .elementor-drop-cap{float:left;text-align:center;line-height:1;font-size:50px}.elementor-widget-text-editor .elementor-drop-cap-letter{display:inline-block}<\/style>\t\t\t\t<p style=\"text-align: left;\">Si\u00e9ntase y luzca un aspecto sin edad, con nuestros m\u00faltiples tratamientos: depilaci\u00f3n, estiramiento de la piel y mucho m\u00e1s.<\/p>\n\t\t\t\t\t\t<\/div>\n\t\t\t\t<\/div>\n\t\t\t\t\t<\/div>\n\t\t<\/div>\n\t\t\t\t\t\t\t<\/div>\n\t\t<\/section>\n\t\t\t\t<section class=\"elementor-section elementor-top-section elementor-element elementor-element-d52b68c elementor-section-boxed elementor-section-height-default elementor-section-height-default\" data-id=\"d52b68c\" data-element_type=\"section\">\n\t\t\t\t\t\t<div class=\"elementor-container elementor-column-gap-default\">\n\t\t\t\t\t<div class=\"elementor-column elementor-col-100 elementor-top-column elementor-element elementor-element-e0a75ec\" data-id=\"e0a75ec\" data-element_type=\"column\">\n\t\t\t<div class=\"elementor-widget-wrap elementor-element-populated\">\n\t\t\t\t\t\t\t\t<div class=\"elementor-element elementor-element-0cb4b4d elementor-widget elementor-widget-heading\" data-id=\"0cb4b4d\" data-element_type=\"widget\" data-widget_type=\"heading.default\">\n\t\t\t\t<div class=\"elementor-widget-container\">\n\t\t\t<h2 class=\"elementor-heading-title elementor-size-default\">Desvelando la Tranquilidad: Su oasis en Isla Mujeres<\/h2>\t\t<\/div>\n\t\t\t\t<\/div>\n\t\t\t\t<div class=\"elementor-element elementor-element-60be45c elementor-widget elementor-widget-text-editor\" data-id=\"60be45c\" data-element_type=\"widget\" data-widget_type=\"text-editor.default\">\n\t\t\t\t<div class=\"elementor-widget-container\">\n\t\t\t\t\t\t\t<p><span style=\"font-weight: 400;\">Bienvenida a nuestro santuario enclavado en el coraz\u00f3n de Isla Mujeres, un para\u00edso donde convergen belleza y rejuvenecimiento. Nuestro spa l\u00e1ser, situado dentro del prestigioso Hotel Casa del Jaguar, te invita a embarcarte en un viaje transformador hacia el autocuidado y el bienestar.<\/span><\/p>\n\t\t\t\t\t\t<\/div>\n\t\t\t\t<\/div>\n\t\t\t\t\t<\/div>\n\t\t<\/div>\n\t\t\t\t\t\t\t<\/div>\n\t\t<\/section>\n\t\t\t\t<section class=\"elementor-section elementor-top-section elementor-element elementor-element-4397b25 elementor-section-boxed elementor-section-height-default elementor-section-height-default\" data-id=\"4397b25\" data-element_type=\"section\">\n\t\t\t\t\t\t<div class=\"elementor-container elementor-column-gap-default\">\n\t\t\t\t\t<div class=\"elementor-column elementor-col-50 elementor-top-column elementor-element elementor-element-114bc4a\" data-id=\"114bc4a\" data-element_type=\"column\">\n\t\t\t<div class=\"elementor-widget-wrap elementor-element-populated\">\n\t\t\t\t\t\t\t\t<div class=\"elementor-element elementor-element-aa745bf elementor-hidden-mobile elementor-widget elementor-widget-image\" data-id=\"aa745bf\" data-element_type=\"widget\" data-widget_type=\"image.default\">\n\t\t\t\t<div class=\"elementor-widget-container\">\n\t\t\t<style>\/*! elementor - v3.18.0 - 20-12-2023 *\/\n.elementor-widget-image{text-align:center}.elementor-widget-image a{display:inline-block}.elementor-widget-image a img[src$=\".svg\"]{width:48px}.elementor-widget-image img{vertical-align:middle;display:inline-block}<\/style>\t\t\t\t\t\t\t\t\t\t\t\t<img decoding=\"async\" src=\"https:\/\/zazilha.com\/wp-content\/uploads\/elementor\/thumbs\/Fotografia-isla-6-pv3l9254qi6nwgwu9t8n14zkivk3x26rlmyjio8bxs.jpg\" title=\"Fotografia-isla-6\" alt=\"Fotografia-isla-6\" loading=\"lazy\" \/>\t\t\t\t\t\t\t\t\t\t\t\t\t\t\t<\/div>\n\t\t\t\t<\/div>\n\t\t\t\t\t<\/div>\n\t\t<\/div>\n\t\t\t\t<div class=\"elementor-column elementor-col-50 elementor-top-column elementor-element elementor-element-3d78350\" data-id=\"3d78350\" data-element_type=\"column\">\n\t\t\t<div class=\"elementor-widget-wrap elementor-element-populated\">\n\t\t\t\t\t\t\t\t<div class=\"elementor-element elementor-element-2dd54d7 elementor-widget elementor-widget-heading\" data-id=\"2dd54d7\" data-element_type=\"widget\" data-widget_type=\"heading.default\">\n\t\t\t\t<div class=\"elementor-widget-container\">\n\t\t\t<h2 class=\"elementor-heading-title elementor-size-default\">Un compromiso con la belleza y el bienestar<\/h2>\t\t<\/div>\n\t\t\t\t<\/div>\n\t\t\t\t<div class=\"elementor-element elementor-element-bc800f5 elementor-widget elementor-widget-text-editor\" data-id=\"bc800f5\" data-element_type=\"widget\" data-widget_type=\"text-editor.default\">\n\t\t\t\t<div class=\"elementor-widget-container\">\n\t\t\t\t\t\t\t<p><span style=\"font-weight: 400;\">En Zazil Ha, imaginamos un espacio donde el encanto natural de Isla Mujeres se entremezcla a la perfecci\u00f3n con tratamientos de belleza y rejuvenecimiento de vanguardia. Nuestra misi\u00f3n es proporcionar un refugio donde los hu\u00e9spedes puedan escapar del ajetreo y el bullicio, sumergi\u00e9ndose en un mundo de tranquilidad y auto cuidado.<\/span><\/p>\n\t\t\t\t\t\t<\/div>\n\t\t\t\t<\/div>\n\t\t\t\t<div class=\"elementor-element elementor-element-147718b elementor-hidden-desktop elementor-hidden-tablet elementor-widget elementor-widget-image\" data-id=\"147718b\" data-element_type=\"widget\" data-widget_type=\"image.default\">\n\t\t\t\t<div class=\"elementor-widget-container\">\n\t\t\t\t\t\t\t\t\t\t\t\t\t\t\t<img decoding=\"async\" src=\"https:\/\/zazilha.com\/wp-content\/uploads\/elementor\/thumbs\/Fotografia-isla-6-pv3l9254qi6nwgwu9t8n14zkivk3x26rlmyjio8bxs.jpg\" title=\"Fotografia-isla-6\" alt=\"Fotografia-isla-6\" loading=\"lazy\" \/>\t\t\t\t\t\t\t\t\t\t\t\t\t\t\t<\/div>\n\t\t\t\t<\/div>\n\t\t\t\t\t<\/div>\n\t\t<\/div>\n\t\t\t\t\t\t\t<\/div>\n\t\t<\/section>\n\t\t\t\t<section class=\"elementor-section elementor-top-section elementor-element elementor-element-07b5c53 elementor-section-boxed elementor-section-height-default elementor-section-height-default\" data-id=\"07b5c53\" data-element_type=\"section\">\n\t\t\t\t\t\t<div class=\"elementor-container elementor-column-gap-default\">\n\t\t\t\t\t<div class=\"elementor-column elementor-col-50 elementor-top-column elementor-element elementor-element-a977fb2\" data-id=\"a977fb2\" data-element_type=\"column\">\n\t\t\t<div class=\"elementor-widget-wrap elementor-element-populated\">\n\t\t\t\t\t\t\t\t<div class=\"elementor-element elementor-element-eb67067 elementor-hidden-desktop elementor-hidden-tablet elementor-widget elementor-widget-image\" data-id=\"eb67067\" data-element_type=\"widget\" data-widget_type=\"image.default\">\n\t\t\t\t<div class=\"elementor-widget-container\">\n\t\t\t\t\t\t\t\t\t\t\t\t\t\t\t<img decoding=\"async\" src=\"https:\/\/zazilha.com\/wp-content\/uploads\/elementor\/thumbs\/Fotografia-isla-3-pv3l8o1jvznd2bhbk558hqjnm3hlplmsjp69bit8j4.jpg\" title=\"Fotografia-isla-3\" alt=\"Fotografia-isla-3\" loading=\"lazy\" \/>\t\t\t\t\t\t\t\t\t\t\t\t\t\t\t<\/div>\n\t\t\t\t<\/div>\n\t\t\t\t<div class=\"elementor-element elementor-element-0255f48 elementor-widget elementor-widget-heading\" data-id=\"0255f48\" data-element_type=\"widget\" data-widget_type=\"heading.default\">\n\t\t\t\t<div class=\"elementor-widget-container\">\n\t\t\t<h2 class=\"elementor-heading-title elementor-size-default\">Santuario de belleza Isla Mujeres<\/h2>\t\t<\/div>\n\t\t\t\t<\/div>\n\t\t\t\t<div class=\"elementor-element elementor-element-0b57714 elementor-widget elementor-widget-text-editor\" data-id=\"0b57714\" data-element_type=\"widget\" data-widget_type=\"text-editor.default\">\n\t\t\t\t<div class=\"elementor-widget-container\">\n\t\t\t\t\t\t\t<p><span style=\"font-weight: 400;\">El nombre &#8220;Isla Mujeres&#8221; de este paradis\u00edaco lugar rinde homenaje a las antiguas estatuillas descubiertas por los primeros colonos, en honor a la diosa del amor, la medicina, el trabajo textil y la luna: Ixchel. Zazil Ha entrelaza a la perfecci\u00f3n la esencia de la feminidad y la influencia celestial en nuestros tratamientos de belleza. Creamos un santuario donde cada tratamiento de belleza se convierte en una celebraci\u00f3n de lo divino femenino.<\/span><\/p>\n\t\t\t\t\t\t<\/div>\n\t\t\t\t<\/div>\n\t\t\t\t\t<\/div>\n\t\t<\/div>\n\t\t\t\t<div class=\"elementor-column elementor-col-50 elementor-top-column elementor-element elementor-element-d45b508\" data-id=\"d45b508\" data-element_type=\"column\">\n\t\t\t<div class=\"elementor-widget-wrap elementor-element-populated\">\n\t\t\t\t\t\t\t\t<div class=\"elementor-element elementor-element-9682f1c elementor-hidden-mobile elementor-widget elementor-widget-image\" data-id=\"9682f1c\" data-element_type=\"widget\" data-widget_type=\"image.default\">\n\t\t\t\t<div class=\"elementor-widget-container\">\n\t\t\t\t\t\t\t\t\t\t\t\t\t\t\t<img decoding=\"async\" src=\"https:\/\/zazilha.com\/wp-content\/uploads\/elementor\/thumbs\/Fotografia-isla-3-pv3l8o1jvznd2bhbk558hqjnm3hlplmsjp69bit8j4.jpg\" title=\"Fotografia-isla-3\" alt=\"Fotografia-isla-3\" loading=\"lazy\" \/>\t\t\t\t\t\t\t\t\t\t\t\t\t\t\t<\/div>\n\t\t\t\t<\/div>\n\t\t\t\t\t<\/div>\n\t\t<\/div>\n\t\t\t\t\t\t\t<\/div>\n\t\t<\/section>\n\t\t\t\t<section class=\"elementor-section elementor-top-section elementor-element elementor-element-9d9b132 elementor-section-boxed elementor-section-height-default elementor-section-height-default\" data-id=\"9d9b132\" data-element_type=\"section\" data-settings=\"{&quot;background_background&quot;:&quot;classic&quot;}\">\n\t\t\t\t\t\t\t<div class=\"elementor-background-overlay\"><\/div>\n\t\t\t\t\t\t\t<div class=\"elementor-container elementor-column-gap-default\">\n\t\t\t\t\t<div class=\"elementor-column elementor-col-100 elementor-top-column elementor-element elementor-element-a211fc7\" data-id=\"a211fc7\" data-element_type=\"column\">\n\t\t\t<div class=\"elementor-widget-wrap elementor-element-populated\">\n\t\t\t\t\t\t\t\t<div class=\"elementor-element elementor-element-55ced23 elementor-widget elementor-widget-text-editor\" data-id=\"55ced23\" data-element_type=\"widget\" data-widget_type=\"text-editor.default\">\n\t\t\t\t<div class=\"elementor-widget-container\">\n\t\t\t\t\t\t\t<p><span style=\"font-weight: 400;\">Somos m\u00e1s que un spa, somos sus socios en el viaje hacia un bienestar radiante. Nuestro compromiso es ayudarte a abrazar su belleza natural, rejuvenecer su esp\u00edritu y salir de nuestro oasis, sinti\u00e9ndote renovada, revitalizada y lista para enfrentarse al mundo.<\/span><\/p>\n\t\t\t\t\t\t<\/div>\n\t\t\t\t<\/div>\n\t\t\t\t\t<\/div>\n\t\t<\/div>\n\t\t\t\t\t\t\t<\/div>\n\t\t<\/section>\n\t\t\t\t<section class=\"elementor-section elementor-top-section elementor-element elementor-element-66d3626 elementor-section-boxed elementor-section-height-default elementor-section-height-default\" data-id=\"66d3626\" data-element_type=\"section\">\n\t\t\t\t\t\t<div class=\"elementor-container elementor-column-gap-default\">\n\t\t\t\t\t<div class=\"elementor-column elementor-col-50 elementor-top-column elementor-element elementor-element-c6890f4\" data-id=\"c6890f4\" data-element_type=\"column\">\n\t\t\t<div class=\"elementor-widget-wrap elementor-element-populated\">\n\t\t\t\t\t\t\t\t<div class=\"elementor-element elementor-element-bd73f03 elementor-hidden-mobile elementor-widget elementor-widget-image\" data-id=\"bd73f03\" data-element_type=\"widget\" data-widget_type=\"image.default\">\n\t\t\t\t<div class=\"elementor-widget-container\">\n\t\t\t\t\t\t\t\t\t\t\t\t\t\t\t<img decoding=\"async\" src=\"https:\/\/zazilha.com\/wp-content\/uploads\/elementor\/thumbs\/Fotografia-isla-4-pv3l8sqqu5tsodahsp6dc7cyl0ufs35g8cfopwm9o0.jpg\" title=\"Fotografia-isla-4\" alt=\"Fotografia-isla-4\" loading=\"lazy\" \/>\t\t\t\t\t\t\t\t\t\t\t\t\t\t\t<\/div>\n\t\t\t\t<\/div>\n\t\t\t\t\t<\/div>\n\t\t<\/div>\n\t\t\t\t<div class=\"elementor-column elementor-col-50 elementor-top-column elementor-element elementor-element-d596ed5\" data-id=\"d596ed5\" data-element_type=\"column\">\n\t\t\t<div class=\"elementor-widget-wrap elementor-element-populated\">\n\t\t\t\t\t\t\t\t<div class=\"elementor-element elementor-element-7de9de2 elementor-widget elementor-widget-heading\" data-id=\"7de9de2\" data-element_type=\"widget\" data-widget_type=\"heading.default\">\n\t\t\t\t<div class=\"elementor-widget-container\">\n\t\t\t<h2 class=\"elementor-heading-title elementor-size-default\">Abraza el resplandor, abr\u00e1zate a ti misma<\/h2>\t\t<\/div>\n\t\t\t\t<\/div>\n\t\t\t\t<div class=\"elementor-element elementor-element-5d7d51e elementor-widget elementor-widget-text-editor\" data-id=\"5d7d51e\" data-element_type=\"widget\" data-widget_type=\"text-editor.default\">\n\t\t\t\t<div class=\"elementor-widget-container\">\n\t\t\t\t\t\t\t<p><span style=\"font-weight: 400;\">Inspirado en la belleza pr\u00edstina de la isla, nuestro spa combina pr\u00e1cticas tradicionales de bienestar con tecnolog\u00edas de vanguardia. Creemos en el aprovechamiento del poder de la naturaleza para mejorar su belleza y bienestar, ofreciendo una gama de tratamientos que atienden tanto al cuerpo como al alma.<\/span><\/p>\n\t\t\t\t\t\t<\/div>\n\t\t\t\t<\/div>\n\t\t\t\t<div class=\"elementor-element elementor-element-b4b01b6 elementor-hidden-desktop elementor-hidden-tablet elementor-widget elementor-widget-image\" data-id=\"b4b01b6\" data-element_type=\"widget\" data-widget_type=\"image.default\">\n\t\t\t\t<div class=\"elementor-widget-container\">\n\t\t\t\t\t\t\t\t\t\t\t\t\t\t\t<img decoding=\"async\" src=\"https:\/\/zazilha.com\/wp-content\/uploads\/elementor\/thumbs\/Fotografia-isla-4-pv3l8sqqu5tsodahsp6dc7cyl0ufs35g8cfopwm9o0.jpg\" title=\"Fotografia-isla-4\" alt=\"Fotografia-isla-4\" loading=\"lazy\" \/>\t\t\t\t\t\t\t\t\t\t\t\t\t\t\t<\/div>\n\t\t\t\t<\/div>\n\t\t\t\t\t<\/div>\n\t\t<\/div>\n\t\t\t\t\t\t\t<\/div>\n\t\t<\/section>\n\t\t\t\t\t\t\t<\/div>\n\t\t","protected":false},"excerpt":{"rendered":"<p>Fusi\u00f3n de naturaleza e innovaci\u00f3n Si\u00e9ntase y luzca un aspecto sin edad, con nuestros m\u00faltiples tratamientos: depilaci\u00f3n, estiramiento de la piel y mucho m\u00e1s. Desvelando la Tranquilidad: Su oasis en Isla Mujeres Bienvenida a nuestro santuario enclavado en el coraz\u00f3n de Isla Mujeres, un para\u00edso donde convergen belleza y rejuvenecimiento. Nuestro spa l\u00e1ser, situado dentro [&hellip;]<\/p>\n","protected":false},"author":1,"featured_media":7157,"parent":0,"menu_order":0,"comment_status":"closed","ping_status":"closed","template":"elementor_header_footer","meta":{"inline_featured_image":false,"footnotes":""},"class_list":["post-7308","page","type-page","status-publish","has-post-thumbnail","hentry"],"acf":[],"_links":{"self":[{"href":"https:\/\/zazilha.com\/es\/wp-json\/wp\/v2\/pages\/7308","targetHints":{"allow":["GET"]}}],"collection":[{"href":"https:\/\/zazilha.com\/es\/wp-json\/wp\/v2\/pages"}],"about":[{"href":"https:\/\/zazilha.com\/es\/wp-json\/wp\/v2\/types\/page"}],"author":[{"embeddable":true,"href":"https:\/\/zazilha.com\/es\/wp-json\/wp\/v2\/users\/1"}],"replies":[{"embeddable":true,"href":"https:\/\/zazilha.com\/es\/wp-json\/wp\/v2\/comments?post=7308"}],"version-history":[{"count":12,"href":"https:\/\/zazilha.com\/es\/wp-json\/wp\/v2\/pages\/7308\/revisions"}],"predecessor-version":[{"id":8539,"href":"https:\/\/zazilha.com\/es\/wp-json\/wp\/v2\/pages\/7308\/revisions\/8539"}],"wp:featuredmedia":[{"embeddable":true,"href":"https:\/\/zazilha.com\/es\/wp-json\/wp\/v2\/media\/7157"}],"wp:attachment":[{"href":"https:\/\/zazilha.com\/es\/wp-json\/wp\/v2\/media?parent=7308"}],"curies":[{"name":"wp","href":"https:\/\/api.w.org\/{rel}","templated":true}]}}