{"id":7311,"date":"2022-09-20T11:43:25","date_gmt":"2022-09-20T16:43:25","guid":{"rendered":"https:\/\/zazilha.com\/ubicacion\/"},"modified":"2023-12-13T18:05:06","modified_gmt":"2023-12-13T23:05:06","slug":"como-llegar-a-zazil-ha","status":"publish","type":"page","link":"https:\/\/zazilha.com\/es\/como-llegar-a-zazil-ha\/","title":{"rendered":"Ubicaci\u00f3n"},"content":{"rendered":"\t\t<div data-elementor-type=\"wp-page\" data-elementor-id=\"7311\" class=\"elementor elementor-7311 elementor-5602\" data-elementor-post-type=\"page\">\n\t\t\t\t\t\t\t\t\t<section class=\"elementor-section elementor-top-section elementor-element elementor-element-96409d4 elementor-section-full_width elementor-section-height-default elementor-section-height-default\" data-id=\"96409d4\" data-element_type=\"section\" data-settings=\"{&quot;background_background&quot;:&quot;classic&quot;}\">\n\t\t\t\t\t\t\t<div class=\"elementor-background-overlay\"><\/div>\n\t\t\t\t\t\t\t<div class=\"elementor-container elementor-column-gap-default\">\n\t\t\t\t\t<div class=\"elementor-column elementor-col-100 elementor-top-column elementor-element elementor-element-a8c6cdb\" data-id=\"a8c6cdb\" data-element_type=\"column\">\n\t\t\t<div class=\"elementor-widget-wrap elementor-element-populated\">\n\t\t\t\t\t\t\t\t<div class=\"elementor-element elementor-element-c3a0b5f elementor-widget elementor-widget-heading\" data-id=\"c3a0b5f\" data-element_type=\"widget\" data-widget_type=\"heading.default\">\n\t\t\t\t<div class=\"elementor-widget-container\">\n\t\t\t<style>\/*! elementor - v3.18.0 - 20-12-2023 *\/\n.elementor-heading-title{padding:0;margin:0;line-height:1}.elementor-widget-heading .elementor-heading-title[class*=elementor-size-]>a{color:inherit;font-size:inherit;line-height:inherit}.elementor-widget-heading .elementor-heading-title.elementor-size-small{font-size:15px}.elementor-widget-heading .elementor-heading-title.elementor-size-medium{font-size:19px}.elementor-widget-heading .elementor-heading-title.elementor-size-large{font-size:29px}.elementor-widget-heading .elementor-heading-title.elementor-size-xl{font-size:39px}.elementor-widget-heading .elementor-heading-title.elementor-size-xxl{font-size:59px}<\/style><h1 class=\"elementor-heading-title elementor-size-default\">Ubicaci\u00f3n<\/h1>\t\t<\/div>\n\t\t\t\t<\/div>\n\t\t\t\t<div class=\"elementor-element elementor-element-d1fba37 elementor-hidden-desktop elementor-hidden-tablet elementor-hidden-mobile elementor-widget elementor-widget-text-editor\" data-id=\"d1fba37\" data-element_type=\"widget\" data-widget_type=\"text-editor.default\">\n\t\t\t\t<div class=\"elementor-widget-container\">\n\t\t\t<style>\/*! elementor - v3.18.0 - 20-12-2023 *\/\n.elementor-widget-text-editor.elementor-drop-cap-view-stacked .elementor-drop-cap{background-color:#69727d;color:#fff}.elementor-widget-text-editor.elementor-drop-cap-view-framed .elementor-drop-cap{color:#69727d;border:3px solid;background-color:transparent}.elementor-widget-text-editor:not(.elementor-drop-cap-view-default) .elementor-drop-cap{margin-top:8px}.elementor-widget-text-editor:not(.elementor-drop-cap-view-default) .elementor-drop-cap-letter{width:1em;height:1em}.elementor-widget-text-editor .elementor-drop-cap{float:left;text-align:center;line-height:1;font-size:50px}.elementor-widget-text-editor .elementor-drop-cap-letter{display:inline-block}<\/style>\t\t\t\t<p style=\"text-align: left;\"><b>Explora Zazil Ha L\u00e1ser y Spa en Playa Norte, Isla Mujeres.<\/b><\/p>\n\t\t\t\t\t\t<\/div>\n\t\t\t\t<\/div>\n\t\t\t\t\t<\/div>\n\t\t<\/div>\n\t\t\t\t\t\t\t<\/div>\n\t\t<\/section>\n\t\t\t\t<section class=\"elementor-section elementor-top-section elementor-element elementor-element-9d9b132 elementor-section-boxed elementor-section-height-default elementor-section-height-default\" data-id=\"9d9b132\" data-element_type=\"section\">\n\t\t\t\t\t\t<div class=\"elementor-container elementor-column-gap-default\">\n\t\t\t\t\t<div class=\"elementor-column elementor-col-100 elementor-top-column elementor-element elementor-element-a211fc7\" data-id=\"a211fc7\" data-element_type=\"column\">\n\t\t\t<div class=\"elementor-widget-wrap elementor-element-populated\">\n\t\t\t\t\t\t\t\t<div class=\"elementor-element elementor-element-a64ba9d elementor-widget elementor-widget-heading\" data-id=\"a64ba9d\" data-element_type=\"widget\" data-widget_type=\"heading.default\">\n\t\t\t\t<div class=\"elementor-widget-container\">\n\t\t\t<h2 class=\"elementor-heading-title elementor-size-default\">C\u00f3mo llegar a Zazil Ha<\/h2>\t\t<\/div>\n\t\t\t\t<\/div>\n\t\t\t\t<div class=\"elementor-element elementor-element-a0658f1 elementor-widget elementor-widget-heading\" data-id=\"a0658f1\" data-element_type=\"widget\" data-widget_type=\"heading.default\">\n\t\t\t\t<div class=\"elementor-widget-container\">\n\t\t\t<h3 class=\"elementor-heading-title elementor-size-default\">Opciones de transporte seguro a Zazil Ha<\/h3>\t\t<\/div>\n\t\t\t\t<\/div>\n\t\t\t\t<div class=\"elementor-element elementor-element-55ced23 elementor-widget elementor-widget-text-editor\" data-id=\"55ced23\" data-element_type=\"widget\" data-widget_type=\"text-editor.default\">\n\t\t\t\t<div class=\"elementor-widget-container\">\n\t\t\t\t\t\t\t<p><span style=\"font-weight: 400;\">En Zazil Ha, ubicado dentro de Casa Jaguar Hotel Boutique en Playa Norte, Isla Mujeres, le damos la bienvenida a un para\u00edso de tratamiento l\u00e1ser y spa. Para garantizar su llegada segura, tiene que considerar diferentes opciones de transporte desde M\u00e9rida, Tulum, Playa del Carmen o el Aeropuerto Internacional de Canc\u00fan.<\/span><\/p>\n<\/p>\n<p><span style=\"font-weight: 400;\">Opta por el transporte privado contratando un taxi o una furgoneta desde su lugar de origen hasta nuestro hermoso hotel. Algunas agencias ofrecen paquetes que incluyen transporte terrestre y mar\u00edtimo para llegar a Isla Mujeres.<\/span><\/p>\n<p><span style=\"font-weight: 400;\">Si prefieres el transporte p\u00fablico, puedes tomar un autob\u00fas hasta la estaci\u00f3n de autobuses de Canc\u00fan. Desde all\u00ed, elige un transporte que le lleve a Puerto Ju\u00e1rez, en la zona de la bah\u00eda, para llegar a la isla.<\/span><\/p><\/p>\n\t\t\t\t\t\t<\/div>\n\t\t\t\t<\/div>\n\t\t\t\t<div class=\"elementor-element elementor-element-c5d0c9d elementor-widget elementor-widget-heading\" data-id=\"c5d0c9d\" data-element_type=\"widget\" data-widget_type=\"heading.default\">\n\t\t\t\t<div class=\"elementor-widget-container\">\n\t\t\t<h3 class=\"elementor-heading-title elementor-size-default\">Duraci\u00f3n aproximada<\/h3>\t\t<\/div>\n\t\t\t\t<\/div>\n\t\t\t\t<div class=\"elementor-element elementor-element-7ccbbf3 elementor-widget elementor-widget-text-editor\" data-id=\"7ccbbf3\" data-element_type=\"widget\" data-widget_type=\"text-editor.default\">\n\t\t\t\t<div class=\"elementor-widget-container\">\n\t\t\t\t\t\t\t<ul>\n<li style=\"font-weight: 400;\" aria-level=\"1\"><span style=\"font-weight: 400;\">De M\u00e9rida a Isla Mujeres: 5 a 6 horas.<\/span><\/li>\n<li style=\"font-weight: 400;\" aria-level=\"1\"><span style=\"font-weight: 400;\">De Tulum a Isla Mujeres: 3 a 4 horas.<\/span><\/li>\n<li style=\"font-weight: 400;\" aria-level=\"1\"><span style=\"font-weight: 400;\">De Playa del Carmen a Isla Mujeres: 2 a 3 horas.<\/span><\/li>\n<li style=\"font-weight: 400;\" aria-level=\"1\"><span style=\"font-weight: 400;\">Del Aeropuerto Internacional de Canc\u00fan a Isla Mujeres: 2 horas.<\/span><\/li>\n<\/ul>\n\t\t\t\t\t\t<\/div>\n\t\t\t\t<\/div>\n\t\t\t\t<div class=\"elementor-element elementor-element-6981f39 elementor-widget elementor-widget-heading\" data-id=\"6981f39\" data-element_type=\"widget\" data-widget_type=\"heading.default\">\n\t\t\t\t<div class=\"elementor-widget-container\">\n\t\t\t<h3 class=\"elementor-heading-title elementor-size-default\">C\u00f3mo llegar a Playa Norte<\/h3>\t\t<\/div>\n\t\t\t\t<\/div>\n\t\t\t\t<div class=\"elementor-element elementor-element-c4f482b elementor-widget elementor-widget-text-editor\" data-id=\"c4f482b\" data-element_type=\"widget\" data-widget_type=\"text-editor.default\">\n\t\t\t\t<div class=\"elementor-widget-container\">\n\t\t\t\t\t\t\t<p><span style=\"font-weight: 400;\">Una vez en la isla, dir\u00edgete a Playa Norte. Saliendo del puerto, toma la ruta costera hasta el Monumento al Pescador, gira a la derecha y camina por la calle Adolfo L\u00f3pez Mateo hasta llegar a la calle Carlos Lazo. Antes de llegar a la playa, toma la calle Zazil Ha. Al final de la isla, justo antes del puente, encontrar\u00e1 la Casa del Jaguar, sede de Zazil Ha L\u00e1ser &amp; Spa.<\/span><\/p>\n\t\t\t\t\t\t<\/div>\n\t\t\t\t<\/div>\n\t\t\t\t\t<\/div>\n\t\t<\/div>\n\t\t\t\t\t\t\t<\/div>\n\t\t<\/section>\n\t\t\t\t<section class=\"elementor-section elementor-top-section elementor-element elementor-element-3d5836e elementor-section-boxed elementor-section-height-default elementor-section-height-default\" data-id=\"3d5836e\" data-element_type=\"section\">\n\t\t\t\t\t\t<div class=\"elementor-container elementor-column-gap-default\">\n\t\t\t\t\t<div class=\"elementor-column elementor-col-50 elementor-top-column elementor-element elementor-element-1af5a95\" data-id=\"1af5a95\" data-element_type=\"column\">\n\t\t\t<div class=\"elementor-widget-wrap elementor-element-populated\">\n\t\t\t\t\t\t\t\t<div class=\"elementor-element elementor-element-349cacb elementor-widget elementor-widget-heading\" data-id=\"349cacb\" data-element_type=\"widget\" data-widget_type=\"heading.default\">\n\t\t\t\t<div class=\"elementor-widget-container\">\n\t\t\t<h2 class=\"elementor-heading-title elementor-size-default\">Tiempo<\/h2>\t\t<\/div>\n\t\t\t\t<\/div>\n\t\t\t\t<div class=\"elementor-element elementor-element-10f81b1 elementor-widget elementor-widget-text-editor\" data-id=\"10f81b1\" data-element_type=\"widget\" data-widget_type=\"text-editor.default\">\n\t\t\t\t<div class=\"elementor-widget-container\">\n\t\t\t\t\t\t\t<p><span style=\"font-weight: 400;\">Prepare su escapada para el calor y el sol perpetuos de Isla Mujeres. Prepara tu escapada al calor y el sol de Isla Mujeres. Independientemente de la estaci\u00f3n del a\u00f1o, la isla goza de un clima c\u00e1lido y soleado, acompa\u00f1ado ocasionalmente de una refrescante llovizna en oto\u00f1o. Aseg\u00farate de incluir en tu maleta crema solar, imprescindible para cuidar tu piel antes y despu\u00e9s de cada sesi\u00f3n rejuvenecedora.<\/span><\/p>\n\t\t\t\t\t\t<\/div>\n\t\t\t\t<\/div>\n\t\t\t\t\t<\/div>\n\t\t<\/div>\n\t\t\t\t<div class=\"elementor-column elementor-col-50 elementor-top-column elementor-element elementor-element-ce750b1\" data-id=\"ce750b1\" data-element_type=\"column\">\n\t\t\t<div class=\"elementor-widget-wrap elementor-element-populated\">\n\t\t\t\t\t\t\t\t<div class=\"elementor-element elementor-element-13773d3 elementor-widget elementor-widget-image\" data-id=\"13773d3\" data-element_type=\"widget\" data-widget_type=\"image.default\">\n\t\t\t\t<div class=\"elementor-widget-container\">\n\t\t\t<style>\/*! elementor - v3.18.0 - 20-12-2023 *\/\n.elementor-widget-image{text-align:center}.elementor-widget-image a{display:inline-block}.elementor-widget-image a img[src$=\".svg\"]{width:48px}.elementor-widget-image img{vertical-align:middle;display:inline-block}<\/style>\t\t\t\t\t\t\t\t\t\t\t\t\t<a href=\"https:\/\/maps.google.com\/maps?ll=21.261503,-86.749675&#038;z=17&#038;t=m&#038;hl=es&#038;gl=US&#038;mapclient=embed&#038;cid=15261439735444208813\" target=\"_blank\" rel=\"noopener\">\n\t\t\t\t\t\t\t<img fetchpriority=\"high\" decoding=\"async\" width=\"847\" height=\"598\" src=\"https:\/\/zazilha.com\/wp-content\/uploads\/2022\/09\/MAPA-Zazil-Ha-Ubi.jpg\" class=\"attachment-full size-full wp-image-6026\" alt=\"\" srcset=\"https:\/\/zazilha.com\/wp-content\/uploads\/2022\/09\/MAPA-Zazil-Ha-Ubi.jpg 847w, https:\/\/zazilha.com\/wp-content\/uploads\/2022\/09\/MAPA-Zazil-Ha-Ubi-300x212.jpg 300w, https:\/\/zazilha.com\/wp-content\/uploads\/2022\/09\/MAPA-Zazil-Ha-Ubi-768x542.jpg 768w, https:\/\/zazilha.com\/wp-content\/uploads\/2022\/09\/MAPA-Zazil-Ha-Ubi-600x424.jpg 600w, https:\/\/zazilha.com\/wp-content\/uploads\/2022\/09\/MAPA-Zazil-Ha-Ubi-120x85.jpg 120w\" sizes=\"(max-width: 847px) 100vw, 847px\" \/>\t\t\t\t\t\t\t\t<\/a>\n\t\t\t\t\t\t\t\t\t\t\t\t\t\t\t<\/div>\n\t\t\t\t<\/div>\n\t\t\t\t\t<\/div>\n\t\t<\/div>\n\t\t\t\t\t\t\t<\/div>\n\t\t<\/section>\n\t\t\t\t\t\t\t<\/div>\n\t\t","protected":false},"excerpt":{"rendered":"<p>Ubicaci\u00f3n Explora Zazil Ha L\u00e1ser y Spa en Playa Norte, Isla Mujeres. C\u00f3mo llegar a Zazil Ha Opciones de transporte seguro a Zazil Ha En Zazil Ha, ubicado dentro de Casa Jaguar Hotel Boutique en Playa Norte, Isla Mujeres, le damos la bienvenida a un para\u00edso de tratamiento l\u00e1ser y spa. Para garantizar su llegada [&hellip;]<\/p>\n","protected":false},"author":1,"featured_media":7116,"parent":0,"menu_order":0,"comment_status":"closed","ping_status":"closed","template":"elementor_header_footer","meta":{"inline_featured_image":false,"footnotes":""},"class_list":["post-7311","page","type-page","status-publish","has-post-thumbnail","hentry"],"acf":[],"_links":{"self":[{"href":"https:\/\/zazilha.com\/es\/wp-json\/wp\/v2\/pages\/7311","targetHints":{"allow":["GET"]}}],"collection":[{"href":"https:\/\/zazilha.com\/es\/wp-json\/wp\/v2\/pages"}],"about":[{"href":"https:\/\/zazilha.com\/es\/wp-json\/wp\/v2\/types\/page"}],"author":[{"embeddable":true,"href":"https:\/\/zazilha.com\/es\/wp-json\/wp\/v2\/users\/1"}],"replies":[{"embeddable":true,"href":"https:\/\/zazilha.com\/es\/wp-json\/wp\/v2\/comments?post=7311"}],"version-history":[{"count":3,"href":"https:\/\/zazilha.com\/es\/wp-json\/wp\/v2\/pages\/7311\/revisions"}],"predecessor-version":[{"id":7521,"href":"https:\/\/zazilha.com\/es\/wp-json\/wp\/v2\/pages\/7311\/revisions\/7521"}],"wp:featuredmedia":[{"embeddable":true,"href":"https:\/\/zazilha.com\/es\/wp-json\/wp\/v2\/media\/7116"}],"wp:attachment":[{"href":"https:\/\/zazilha.com\/es\/wp-json\/wp\/v2\/media?parent=7311"}],"curies":[{"name":"wp","href":"https:\/\/api.w.org\/{rel}","templated":true}]}}