{"id":7313,"date":"2020-07-06T15:27:40","date_gmt":"2020-07-06T20:27:40","guid":{"rendered":"https:\/\/zazilha.com\/especialistas\/"},"modified":"2024-01-25T11:42:25","modified_gmt":"2024-01-25T16:42:25","slug":"especialistas-clinicos","status":"publish","type":"page","link":"https:\/\/zazilha.com\/es\/especialistas-clinicos\/","title":{"rendered":"Especialistas"},"content":{"rendered":"\t\t<div data-elementor-type=\"wp-page\" data-elementor-id=\"7313\" class=\"elementor elementor-7313 elementor-939\" data-elementor-post-type=\"page\">\n\t\t\t\t\t\t\t\t\t<section class=\"elementor-section elementor-top-section elementor-element elementor-element-6e8b27d elementor-section-full_width elementor-section-height-default elementor-section-height-default\" data-id=\"6e8b27d\" data-element_type=\"section\" data-settings=\"{&quot;background_background&quot;:&quot;classic&quot;}\">\n\t\t\t\t\t\t\t<div class=\"elementor-background-overlay\"><\/div>\n\t\t\t\t\t\t\t<div class=\"elementor-container elementor-column-gap-default\">\n\t\t\t\t\t<div class=\"elementor-column elementor-col-100 elementor-top-column elementor-element elementor-element-54f0bf2\" data-id=\"54f0bf2\" data-element_type=\"column\">\n\t\t\t<div class=\"elementor-widget-wrap elementor-element-populated\">\n\t\t\t\t\t\t\t\t<div class=\"elementor-element elementor-element-91f3715 elementor-widget elementor-widget-heading\" data-id=\"91f3715\" data-element_type=\"widget\" data-widget_type=\"heading.default\">\n\t\t\t\t<div class=\"elementor-widget-container\">\n\t\t\t<style>\/*! elementor - v3.18.0 - 20-12-2023 *\/\n.elementor-heading-title{padding:0;margin:0;line-height:1}.elementor-widget-heading .elementor-heading-title[class*=elementor-size-]>a{color:inherit;font-size:inherit;line-height:inherit}.elementor-widget-heading .elementor-heading-title.elementor-size-small{font-size:15px}.elementor-widget-heading .elementor-heading-title.elementor-size-medium{font-size:19px}.elementor-widget-heading .elementor-heading-title.elementor-size-large{font-size:29px}.elementor-widget-heading .elementor-heading-title.elementor-size-xl{font-size:39px}.elementor-widget-heading .elementor-heading-title.elementor-size-xxl{font-size:59px}<\/style><h1 class=\"elementor-heading-title elementor-size-default\">Experiencia profesional<\/h1>\t\t<\/div>\n\t\t\t\t<\/div>\n\t\t\t\t<div class=\"elementor-element elementor-element-cb1a7a1 elementor-hidden-desktop elementor-hidden-tablet elementor-hidden-mobile elementor-widget elementor-widget-text-editor\" data-id=\"cb1a7a1\" data-element_type=\"widget\" data-widget_type=\"text-editor.default\">\n\t\t\t\t<div class=\"elementor-widget-container\">\n\t\t\t<style>\/*! elementor - v3.18.0 - 20-12-2023 *\/\n.elementor-widget-text-editor.elementor-drop-cap-view-stacked .elementor-drop-cap{background-color:#69727d;color:#fff}.elementor-widget-text-editor.elementor-drop-cap-view-framed .elementor-drop-cap{color:#69727d;border:3px solid;background-color:transparent}.elementor-widget-text-editor:not(.elementor-drop-cap-view-default) .elementor-drop-cap{margin-top:8px}.elementor-widget-text-editor:not(.elementor-drop-cap-view-default) .elementor-drop-cap-letter{width:1em;height:1em}.elementor-widget-text-editor .elementor-drop-cap{float:left;text-align:center;line-height:1;font-size:50px}.elementor-widget-text-editor .elementor-drop-cap-letter{display:inline-block}<\/style>\t\t\t\t<p style=\"text-align: left;\">Si\u00e9ntase y luzca un aspecto sin edad, con nuestros m\u00faltiples tratamientos: depilaci\u00f3n, estiramiento de la piel y mucho m\u00e1s.<\/p>\n\t\t\t\t\t\t<\/div>\n\t\t\t\t<\/div>\n\t\t\t\t\t<\/div>\n\t\t<\/div>\n\t\t\t\t\t\t\t<\/div>\n\t\t<\/section>\n\t\t\t\t<section class=\"elementor-section elementor-top-section elementor-element elementor-element-7400293 elementor-section-boxed elementor-section-height-default elementor-section-height-default\" data-id=\"7400293\" data-element_type=\"section\" data-settings=\"{&quot;background_background&quot;:&quot;classic&quot;}\">\n\t\t\t\t\t\t<div class=\"elementor-container elementor-column-gap-default\">\n\t\t\t\t\t<div class=\"elementor-column elementor-col-100 elementor-top-column elementor-element elementor-element-001fd56\" data-id=\"001fd56\" data-element_type=\"column\">\n\t\t\t<div class=\"elementor-widget-wrap elementor-element-populated\">\n\t\t\t\t\t\t\t\t<div class=\"elementor-element elementor-element-ce6e9be elementor-widget__width-inherit elementor-widget elementor-widget-heading\" data-id=\"ce6e9be\" data-element_type=\"widget\" data-widget_type=\"heading.default\">\n\t\t\t\t<div class=\"elementor-widget-container\">\n\t\t\t<h2 class=\"elementor-heading-title elementor-size-default\">Con\u00f3celos<\/h2>\t\t<\/div>\n\t\t\t\t<\/div>\n\t\t\t\t<div class=\"elementor-element elementor-element-0e6d980 elementor-widget__width-initial elementor-position-top elementor-widget elementor-widget-image-box\" data-id=\"0e6d980\" data-element_type=\"widget\" data-widget_type=\"image-box.default\">\n\t\t\t\t<div class=\"elementor-widget-container\">\n\t\t\t<style>\/*! elementor - v3.18.0 - 20-12-2023 *\/\n.elementor-widget-image-box .elementor-image-box-content{width:100%}@media (min-width:768px){.elementor-widget-image-box.elementor-position-left .elementor-image-box-wrapper,.elementor-widget-image-box.elementor-position-right .elementor-image-box-wrapper{display:flex}.elementor-widget-image-box.elementor-position-right .elementor-image-box-wrapper{text-align:right;flex-direction:row-reverse}.elementor-widget-image-box.elementor-position-left .elementor-image-box-wrapper{text-align:left;flex-direction:row}.elementor-widget-image-box.elementor-position-top .elementor-image-box-img{margin:auto}.elementor-widget-image-box.elementor-vertical-align-top .elementor-image-box-wrapper{align-items:flex-start}.elementor-widget-image-box.elementor-vertical-align-middle .elementor-image-box-wrapper{align-items:center}.elementor-widget-image-box.elementor-vertical-align-bottom .elementor-image-box-wrapper{align-items:flex-end}}@media (max-width:767px){.elementor-widget-image-box .elementor-image-box-img{margin-left:auto!important;margin-right:auto!important;margin-bottom:15px}}.elementor-widget-image-box .elementor-image-box-img{display:inline-block}.elementor-widget-image-box .elementor-image-box-title a{color:inherit}.elementor-widget-image-box .elementor-image-box-wrapper{text-align:center}.elementor-widget-image-box .elementor-image-box-description{margin:0}<\/style><div class=\"elementor-image-box-wrapper\"><figure class=\"elementor-image-box-img\"><img fetchpriority=\"high\" decoding=\"async\" width=\"1200\" height=\"1600\" src=\"https:\/\/zazilha.com\/wp-content\/uploads\/2024\/01\/Marine-Lorena-Soulages.jpg\" class=\"attachment-full size-full wp-image-8364\" alt=\"\" srcset=\"https:\/\/zazilha.com\/wp-content\/uploads\/2024\/01\/Marine-Lorena-Soulages.jpg 1200w, https:\/\/zazilha.com\/wp-content\/uploads\/2024\/01\/Marine-Lorena-Soulages-225x300.jpg 225w, https:\/\/zazilha.com\/wp-content\/uploads\/2024\/01\/Marine-Lorena-Soulages-768x1024.jpg 768w, https:\/\/zazilha.com\/wp-content\/uploads\/2024\/01\/Marine-Lorena-Soulages-1152x1536.jpg 1152w, https:\/\/zazilha.com\/wp-content\/uploads\/2024\/01\/Marine-Lorena-Soulages-600x800.jpg 600w, https:\/\/zazilha.com\/wp-content\/uploads\/2024\/01\/Marine-Lorena-Soulages-120x160.jpg 120w\" sizes=\"(max-width: 1200px) 100vw, 1200px\" \/><\/figure><div class=\"elementor-image-box-content\"><h3 class=\"elementor-image-box-title\">Marine Lorena Soulages<\/h3><p class=\"elementor-image-box-description\">- Fisioterapeuta especializado en masoterapia deportiva <br>\n- Cosmiatra <br>\n- Cosmet\u00f3loga <br>\n- Esteticista ortomolecular profesional <br>\n- Terapeuta hol\u00edstico <br>\n- Operador de l\u00e1ser<\/p><\/div><\/div>\t\t<\/div>\n\t\t\t\t<\/div>\n\t\t\t\t<div class=\"elementor-element elementor-element-5a1fb2a elementor-widget__width-initial elementor-position-top elementor-widget elementor-widget-image-box\" data-id=\"5a1fb2a\" data-element_type=\"widget\" data-widget_type=\"image-box.default\">\n\t\t\t\t<div class=\"elementor-widget-container\">\n\t\t\t<div class=\"elementor-image-box-wrapper\"><figure class=\"elementor-image-box-img\"><img decoding=\"async\" width=\"1200\" height=\"1600\" src=\"https:\/\/zazilha.com\/wp-content\/uploads\/2024\/01\/Ina-Carena-.jpg\" class=\"attachment-full size-full wp-image-8362\" alt=\"\" srcset=\"https:\/\/zazilha.com\/wp-content\/uploads\/2024\/01\/Ina-Carena-.jpg 1200w, https:\/\/zazilha.com\/wp-content\/uploads\/2024\/01\/Ina-Carena--225x300.jpg 225w, https:\/\/zazilha.com\/wp-content\/uploads\/2024\/01\/Ina-Carena--768x1024.jpg 768w, https:\/\/zazilha.com\/wp-content\/uploads\/2024\/01\/Ina-Carena--1152x1536.jpg 1152w, https:\/\/zazilha.com\/wp-content\/uploads\/2024\/01\/Ina-Carena--600x800.jpg 600w, https:\/\/zazilha.com\/wp-content\/uploads\/2024\/01\/Ina-Carena--120x160.jpg 120w\" sizes=\"(max-width: 1200px) 100vw, 1200px\" \/><\/figure><div class=\"elementor-image-box-content\"><h3 class=\"elementor-image-box-title\">Ina Carena<\/h3><p class=\"elementor-image-box-description\">- Operador de l\u00e1ser <br> \n- Esteticista facial y corporal profesional<\/p><\/div><\/div>\t\t<\/div>\n\t\t\t\t<\/div>\n\t\t\t\t<div class=\"elementor-element elementor-element-c5d3744 elementor-widget elementor-widget-heading\" data-id=\"c5d3744\" data-element_type=\"widget\" data-widget_type=\"heading.default\">\n\t\t\t\t<div class=\"elementor-widget-container\">\n\t\t\t<h3 class=\"elementor-heading-title elementor-size-default\"><b>Dr. Antonio Eduardo Salas Torres<\/b> <br><\/h3>\t\t<\/div>\n\t\t\t\t<\/div>\n\t\t\t\t<div class=\"elementor-element elementor-element-56d723f elementor-widget elementor-widget-text-editor\" data-id=\"56d723f\" data-element_type=\"widget\" data-widget_type=\"text-editor.default\">\n\t\t\t\t<div class=\"elementor-widget-container\">\n\t\t\t\t\t\t\t<p>Licencia profesional: 866856<\/p>\n\t\t\t\t\t\t<\/div>\n\t\t\t\t<\/div>\n\t\t\t\t<div class=\"elementor-element elementor-element-1da26ca elementor-widget elementor-widget-heading\" data-id=\"1da26ca\" data-element_type=\"widget\" data-widget_type=\"heading.default\">\n\t\t\t\t<div class=\"elementor-widget-container\">\n\t\t\t<p class=\"elementor-heading-title elementor-size-default\">Experimenta una atenci\u00f3n personalizada mientras nuestros especialistas elaboran tratamientos dise\u00f1ados para satisfacer las necesidades \u00fanicas de cada cliente. Nos esforzamos por comprender tus objetivos y crear estrategias adaptadas a sus expectativas.\n\nDescubre la combinaci\u00f3n perfecta de experiencia profesional y dedicaci\u00f3n inquebrantable a la belleza y el rejuvenecimiento en nuestro equipo.<\/p>\t\t<\/div>\n\t\t\t\t<\/div>\n\t\t\t\t\t<\/div>\n\t\t<\/div>\n\t\t\t\t\t\t\t<\/div>\n\t\t<\/section>\n\t\t\t\t\t\t\t<\/div>\n\t\t","protected":false},"excerpt":{"rendered":"<p>Experiencia profesional Si\u00e9ntase y luzca un aspecto sin edad, con nuestros m\u00faltiples tratamientos: depilaci\u00f3n, estiramiento de la piel y mucho m\u00e1s. Con\u00f3celos Marine Lorena Soulages &#8211; Fisioterapeuta especializado en masoterapia deportiva &#8211; Cosmiatra &#8211; Cosmet\u00f3loga &#8211; Esteticista ortomolecular profesional &#8211; Terapeuta hol\u00edstico &#8211; Operador de l\u00e1ser Ina Carena &#8211; Operador de l\u00e1ser &#8211; Esteticista facial [&hellip;]<\/p>\n","protected":false},"author":1,"featured_media":7179,"parent":0,"menu_order":0,"comment_status":"closed","ping_status":"closed","template":"elementor-template.php","meta":{"inline_featured_image":false,"footnotes":""},"class_list":["post-7313","page","type-page","status-publish","has-post-thumbnail","hentry"],"acf":[],"_links":{"self":[{"href":"https:\/\/zazilha.com\/es\/wp-json\/wp\/v2\/pages\/7313","targetHints":{"allow":["GET"]}}],"collection":[{"href":"https:\/\/zazilha.com\/es\/wp-json\/wp\/v2\/pages"}],"about":[{"href":"https:\/\/zazilha.com\/es\/wp-json\/wp\/v2\/types\/page"}],"author":[{"embeddable":true,"href":"https:\/\/zazilha.com\/es\/wp-json\/wp\/v2\/users\/1"}],"replies":[{"embeddable":true,"href":"https:\/\/zazilha.com\/es\/wp-json\/wp\/v2\/comments?post=7313"}],"version-history":[{"count":13,"href":"https:\/\/zazilha.com\/es\/wp-json\/wp\/v2\/pages\/7313\/revisions"}],"predecessor-version":[{"id":8437,"href":"https:\/\/zazilha.com\/es\/wp-json\/wp\/v2\/pages\/7313\/revisions\/8437"}],"wp:featuredmedia":[{"embeddable":true,"href":"https:\/\/zazilha.com\/es\/wp-json\/wp\/v2\/media\/7179"}],"wp:attachment":[{"href":"https:\/\/zazilha.com\/es\/wp-json\/wp\/v2\/media?parent=7313"}],"curies":[{"name":"wp","href":"https:\/\/api.w.org\/{rel}","templated":true}]}}