{"id":7391,"date":"2023-12-01T17:28:03","date_gmt":"2023-12-01T22:28:03","guid":{"rendered":"https:\/\/zazilha.com\/servicios\/epilacion\/"},"modified":"2023-12-14T15:01:24","modified_gmt":"2023-12-14T20:01:24","slug":"epilacion","status":"publish","type":"page","link":"https:\/\/zazilha.com\/es\/servicios-de-spa\/epilacion\/","title":{"rendered":"Epilaci\u00f3n"},"content":{"rendered":"\t\t<div data-elementor-type=\"wp-page\" data-elementor-id=\"7391\" class=\"elementor elementor-7391 elementor-6726\" data-elementor-post-type=\"page\">\n\t\t\t\t\t\t\t\t\t<section class=\"elementor-section elementor-top-section elementor-element elementor-element-76f2d36 elementor-section-full_width elementor-section-height-default elementor-section-height-default\" data-id=\"76f2d36\" data-element_type=\"section\">\n\t\t\t\t\t\t<div class=\"elementor-container elementor-column-gap-default\">\n\t\t\t\t\t<div class=\"elementor-column elementor-col-100 elementor-top-column elementor-element elementor-element-da7f186\" data-id=\"da7f186\" data-element_type=\"column\">\n\t\t\t<div class=\"elementor-widget-wrap elementor-element-populated\">\n\t\t\t\t\t\t\t\t<div class=\"elementor-element elementor-element-2c04f70 elementor-widget elementor-widget-art-ordinary-page-header\" data-id=\"2c04f70\" data-element_type=\"widget\" data-widget_type=\"art-ordinary-page-header.default\">\n\t\t\t\t<div class=\"elementor-widget-container\">\n\t\t\t\r\n\t\t<div class=\"art-ordinary-page-header\" style=\"background-image:url(https:\/\/zazilha.com\/wp-content\/uploads\/2022\/09\/Lv4n73uzXxg.jpg)\">\r\n\r\n\t\t\t<div class=\"container\">\r\n\r\n\t\t\t\t<div class=\"art-ordinary-page-data\" style=\"text-align:center\">\r\n\r\n\t\t\t\t\t<h1 class=\"art-page-header-title\">Epilaci\u00f3n <\/h1>\r\n\r\n                    \r\n\t\t\t\t<\/div>\r\n\r\n\t\t\t<\/div>\r\n\r\n\t\t<\/div>\r\n\r\n\t\t\t\t<\/div>\n\t\t\t\t<\/div>\n\t\t\t\t\t<\/div>\n\t\t<\/div>\n\t\t\t\t\t\t\t<\/div>\n\t\t<\/section>\n\t\t\t\t<section class=\"elementor-section elementor-top-section elementor-element elementor-element-03432f7 elementor-section-boxed elementor-section-height-default elementor-section-height-default\" data-id=\"03432f7\" data-element_type=\"section\">\n\t\t\t\t\t\t<div class=\"elementor-container elementor-column-gap-default\">\n\t\t\t\t\t<div class=\"elementor-column elementor-col-100 elementor-top-column elementor-element elementor-element-9c98937\" data-id=\"9c98937\" data-element_type=\"column\">\n\t\t\t<div class=\"elementor-widget-wrap elementor-element-populated\">\n\t\t\t\t\t\t\t\t<div class=\"elementor-element elementor-element-2207577 elementor-widget elementor-widget-text-editor\" data-id=\"2207577\" data-element_type=\"widget\" data-widget_type=\"text-editor.default\">\n\t\t\t\t<div class=\"elementor-widget-container\">\n\t\t\t<style>\/*! elementor - v3.18.0 - 20-12-2023 *\/\n.elementor-widget-text-editor.elementor-drop-cap-view-stacked .elementor-drop-cap{background-color:#69727d;color:#fff}.elementor-widget-text-editor.elementor-drop-cap-view-framed .elementor-drop-cap{color:#69727d;border:3px solid;background-color:transparent}.elementor-widget-text-editor:not(.elementor-drop-cap-view-default) .elementor-drop-cap{margin-top:8px}.elementor-widget-text-editor:not(.elementor-drop-cap-view-default) .elementor-drop-cap-letter{width:1em;height:1em}.elementor-widget-text-editor .elementor-drop-cap{float:left;text-align:center;line-height:1;font-size:50px}.elementor-widget-text-editor .elementor-drop-cap-letter{display:inline-block}<\/style>\t\t\t\t<p>Descubra la tecnolog\u00eda m\u00e1s avanzada en depilaci\u00f3n l\u00e1ser con el sistema LightSheer DUET. Dise\u00f1ada para una depilaci\u00f3n r\u00e1pida, fiable y pr\u00e1cticamente indolora, supera a los m\u00e9todos tradicionales como la electr\u00f3lisis, el afeitado, la cera o las pinzas. LightSheer DUET, el primer l\u00e1ser de diodo aprobado para la reducci\u00f3n permanente del vello, ha demostrado su eficacia en amplios estudios cl\u00ednicos.<\/p>\n\t\t\t\t\t\t<\/div>\n\t\t\t\t<\/div>\n\t\t\t\t\t<\/div>\n\t\t<\/div>\n\t\t\t\t\t\t\t<\/div>\n\t\t<\/section>\n\t\t\t\t<section class=\"elementor-section elementor-top-section elementor-element elementor-element-21f727d elementor-section-boxed elementor-section-height-default elementor-section-height-default\" data-id=\"21f727d\" data-element_type=\"section\">\n\t\t\t\t\t\t<div class=\"elementor-container elementor-column-gap-default\">\n\t\t\t\t\t<div class=\"elementor-column elementor-col-50 elementor-top-column elementor-element elementor-element-7b5cfca\" data-id=\"7b5cfca\" data-element_type=\"column\">\n\t\t\t<div class=\"elementor-widget-wrap elementor-element-populated\">\n\t\t\t\t\t\t\t\t<div class=\"elementor-element elementor-element-58bd080 elementor-widget elementor-widget-heading\" data-id=\"58bd080\" data-element_type=\"widget\" data-widget_type=\"heading.default\">\n\t\t\t\t<div class=\"elementor-widget-container\">\n\t\t\t<style>\/*! elementor - v3.18.0 - 20-12-2023 *\/\n.elementor-heading-title{padding:0;margin:0;line-height:1}.elementor-widget-heading .elementor-heading-title[class*=elementor-size-]>a{color:inherit;font-size:inherit;line-height:inherit}.elementor-widget-heading .elementor-heading-title.elementor-size-small{font-size:15px}.elementor-widget-heading .elementor-heading-title.elementor-size-medium{font-size:19px}.elementor-widget-heading .elementor-heading-title.elementor-size-large{font-size:29px}.elementor-widget-heading .elementor-heading-title.elementor-size-xl{font-size:39px}.elementor-widget-heading .elementor-heading-title.elementor-size-xxl{font-size:59px}<\/style><h2 class=\"elementor-heading-title elementor-size-default\">Epilaci\u00f3n<\/h2>\t\t<\/div>\n\t\t\t\t<\/div>\n\t\t\t\t<div class=\"elementor-element elementor-element-133ac26 elementor-widget elementor-widget-text-editor\" data-id=\"133ac26\" data-element_type=\"widget\" data-widget_type=\"text-editor.default\">\n\t\t\t\t<div class=\"elementor-widget-container\">\n\t\t\t\t\t\t\t<h3><strong>\u00bfC\u00f3mo funciona? <\/strong><\/h3>\n<p>LightSheer DUET utiliza un m\u00e9todo \u00fanico que estira y adelgaza la piel, acercando el fol\u00edculo piloso a la luz l\u00e1ser. Esta t\u00e9cnica garantiza una focalizaci\u00f3n eficaz en el fol\u00edculo piloso, lo que provoca su da\u00f1o una vez aplicada la luz l\u00e1ser y liberada la piel del vac\u00edo.<\/p>\n<p>LightSheer DUET ofrece una comodidad y rapidez inigualables en los tratamientos de depilaci\u00f3n. Su avanzada tecnolog\u00eda permite realizar sesiones r\u00e1pidas que cubren zonas cut\u00e1neas m\u00e1s extensas por pasada de l\u00e1ser. Tratamientos como la depilaci\u00f3n completa de la espalda o las piernas pueden completarse en s\u00f3lo 20 minutos, proporcionando una experiencia pr\u00e1cticamente indolora con m\u00ednimas molestias.<\/p>\n\t\t\t\t\t\t<\/div>\n\t\t\t\t<\/div>\n\t\t\t\t<section class=\"elementor-section elementor-inner-section elementor-element elementor-element-66e2865 elementor-section-full_width elementor-section-height-default elementor-section-height-default\" data-id=\"66e2865\" data-element_type=\"section\">\n\t\t\t\t\t\t<div class=\"elementor-container elementor-column-gap-default\">\n\t\t\t\t\t<div class=\"elementor-column elementor-col-50 elementor-inner-column elementor-element elementor-element-c164536\" data-id=\"c164536\" data-element_type=\"column\">\n\t\t\t<div class=\"elementor-widget-wrap elementor-element-populated\">\n\t\t\t\t\t\t\t\t<div class=\"elementor-element elementor-element-cbaf78d elementor-widget elementor-widget-text-editor\" data-id=\"cbaf78d\" data-element_type=\"widget\" data-widget_type=\"text-editor.default\">\n\t\t\t\t<div class=\"elementor-widget-container\">\n\t\t\t\t\t\t\t<ul>\n<li>Sesiones de tratamiento r\u00e1pidas, normalmente de 15-20 minutos para toda la espalda o las piernas.<\/li>\n<li>Experiencia pr\u00e1cticamente indolora con m\u00ednimas molestias.<\/li>\n<li>No se necesitan geles de tratamiento ni anest\u00e9sicos t\u00f3picos.<\/li>\n<\/ul>\n\t\t\t\t\t\t<\/div>\n\t\t\t\t<\/div>\n\t\t\t\t\t<\/div>\n\t\t<\/div>\n\t\t\t\t<div class=\"elementor-column elementor-col-50 elementor-inner-column elementor-element elementor-element-e138ebd\" data-id=\"e138ebd\" data-element_type=\"column\">\n\t\t\t<div class=\"elementor-widget-wrap elementor-element-populated\">\n\t\t\t\t\t\t\t\t<div class=\"elementor-element elementor-element-ba7eff2 elementor-widget elementor-widget-text-editor\" data-id=\"ba7eff2\" data-element_type=\"widget\" data-widget_type=\"text-editor.default\">\n\t\t\t\t<div class=\"elementor-widget-container\">\n\t\t\t\t\t\t\t<ul>\n<li>Depilaci\u00f3n precisa y exacta.<\/li>\n<li>Adecuado para todo tipo de pieles y colores de pelo, incluida la piel bronceada.<\/li>\n<\/ul>\n\t\t\t\t\t\t<\/div>\n\t\t\t\t<\/div>\n\t\t\t\t\t<\/div>\n\t\t<\/div>\n\t\t\t\t\t\t\t<\/div>\n\t\t<\/section>\n\t\t\t\t<section class=\"elementor-section elementor-inner-section elementor-element elementor-element-5462c41 elementor-section-boxed elementor-section-height-default elementor-section-height-default\" data-id=\"5462c41\" data-element_type=\"section\">\n\t\t\t\t\t\t<div class=\"elementor-container elementor-column-gap-default\">\n\t\t\t\t\t<div class=\"elementor-column elementor-col-100 elementor-inner-column elementor-element elementor-element-bf9b06b\" data-id=\"bf9b06b\" data-element_type=\"column\">\n\t\t\t<div class=\"elementor-widget-wrap elementor-element-populated\">\n\t\t\t\t\t\t\t\t<div class=\"elementor-element elementor-element-84a08fd elementor-align-center elementor-widget elementor-widget-button\" data-id=\"84a08fd\" data-element_type=\"widget\" data-widget_type=\"button.default\">\n\t\t\t\t<div class=\"elementor-widget-container\">\n\t\t\t\t\t<div class=\"elementor-button-wrapper\">\n\t\t\t<a class=\"elementor-button elementor-button-link elementor-size-sm\" href=\"https:\/\/zazilha.com\/es\/contacto\/\">\n\t\t\t\t\t\t<span class=\"elementor-button-content-wrapper\">\n\t\t\t\t\t\t<span class=\"elementor-button-text\">ENVIAR MENSAJE<\/span>\n\t\t<\/span>\n\t\t\t\t\t<\/a>\n\t\t<\/div>\n\t\t\t\t<\/div>\n\t\t\t\t<\/div>\n\t\t\t\t\t<\/div>\n\t\t<\/div>\n\t\t\t\t\t\t\t<\/div>\n\t\t<\/section>\n\t\t\t\t\t<\/div>\n\t\t<\/div>\n\t\t\t\t<div class=\"elementor-column elementor-col-50 elementor-top-column elementor-element elementor-element-c125e1f\" data-id=\"c125e1f\" data-element_type=\"column\">\n\t\t\t<div class=\"elementor-widget-wrap elementor-element-populated\">\n\t\t\t\t\t\t\t\t<section class=\"elementor-section elementor-inner-section elementor-element elementor-element-4223260 elementor-hidden-tablet elementor-section-boxed elementor-section-height-default elementor-section-height-default\" data-id=\"4223260\" data-element_type=\"section\">\n\t\t\t\t\t\t<div class=\"elementor-container elementor-column-gap-default\">\n\t\t\t\t\t<div class=\"elementor-column elementor-col-100 elementor-inner-column elementor-element elementor-element-3d2ea77\" data-id=\"3d2ea77\" data-element_type=\"column\">\n\t\t\t<div class=\"elementor-widget-wrap elementor-element-populated\">\n\t\t\t\t\t\t\t\t<div class=\"elementor-element elementor-element-7ca3708 elementor-widget elementor-widget-image\" data-id=\"7ca3708\" data-element_type=\"widget\" data-widget_type=\"image.default\">\n\t\t\t\t<div class=\"elementor-widget-container\">\n\t\t\t<style>\/*! elementor - v3.18.0 - 20-12-2023 *\/\n.elementor-widget-image{text-align:center}.elementor-widget-image a{display:inline-block}.elementor-widget-image a img[src$=\".svg\"]{width:48px}.elementor-widget-image img{vertical-align:middle;display:inline-block}<\/style>\t\t\t\t\t\t\t\t\t\t\t\t<img fetchpriority=\"high\" decoding=\"async\" width=\"150\" height=\"370\" src=\"https:\/\/zazilha.com\/wp-content\/uploads\/2023\/12\/LightsheerDuet2.png\" class=\"attachment-full size-full wp-image-6741\" alt=\"\" srcset=\"https:\/\/zazilha.com\/wp-content\/uploads\/2023\/12\/LightsheerDuet2.png 150w, https:\/\/zazilha.com\/wp-content\/uploads\/2023\/12\/LightsheerDuet2-122x300.png 122w, https:\/\/zazilha.com\/wp-content\/uploads\/2023\/12\/LightsheerDuet2-65x160.png 65w\" sizes=\"(max-width: 150px) 100vw, 150px\" \/>\t\t\t\t\t\t\t\t\t\t\t\t\t\t\t<\/div>\n\t\t\t\t<\/div>\n\t\t\t\t<div class=\"elementor-element elementor-element-2a020d5 elementor-widget elementor-widget-image\" data-id=\"2a020d5\" data-element_type=\"widget\" data-widget_type=\"image.default\">\n\t\t\t\t<div class=\"elementor-widget-container\">\n\t\t\t\t\t\t\t\t\t\t\t\t\t\t\t<img decoding=\"async\" width=\"575\" height=\"214\" src=\"https:\/\/zazilha.com\/wp-content\/uploads\/2023\/12\/lightsheer3.jpg\" class=\"attachment-full size-full wp-image-6742\" alt=\"\" srcset=\"https:\/\/zazilha.com\/wp-content\/uploads\/2023\/12\/lightsheer3.jpg 575w, https:\/\/zazilha.com\/wp-content\/uploads\/2023\/12\/lightsheer3-300x112.jpg 300w, https:\/\/zazilha.com\/wp-content\/uploads\/2023\/12\/lightsheer3-120x45.jpg 120w\" sizes=\"(max-width: 575px) 100vw, 575px\" \/>\t\t\t\t\t\t\t\t\t\t\t\t\t\t\t<\/div>\n\t\t\t\t<\/div>\n\t\t\t\t\t<\/div>\n\t\t<\/div>\n\t\t\t\t\t\t\t<\/div>\n\t\t<\/section>\n\t\t\t\t\t<\/div>\n\t\t<\/div>\n\t\t\t\t\t\t\t<\/div>\n\t\t<\/section>\n\t\t\t\t<section class=\"elementor-section elementor-top-section elementor-element elementor-element-88f0129 elementor-section-boxed elementor-section-height-default elementor-section-height-default\" data-id=\"88f0129\" data-element_type=\"section\">\n\t\t\t\t\t\t<div class=\"elementor-container elementor-column-gap-default\">\n\t\t\t\t\t<div class=\"elementor-column elementor-col-100 elementor-top-column elementor-element elementor-element-91b5d33\" data-id=\"91b5d33\" data-element_type=\"column\">\n\t\t\t<div class=\"elementor-widget-wrap elementor-element-populated\">\n\t\t\t\t\t\t\t\t<div class=\"elementor-element elementor-element-ceac463 elementor-widget elementor-widget-heading\" data-id=\"ceac463\" data-element_type=\"widget\" data-widget_type=\"heading.default\">\n\t\t\t\t<div class=\"elementor-widget-container\">\n\t\t\t<h2 class=\"elementor-heading-title elementor-size-default\">Preguntas frecuentes<\/h2>\t\t<\/div>\n\t\t\t\t<\/div>\n\t\t\t\t<section class=\"elementor-section elementor-inner-section elementor-element elementor-element-c996443 elementor-section-boxed elementor-section-height-default elementor-section-height-default\" data-id=\"c996443\" data-element_type=\"section\">\n\t\t\t\t\t\t<div class=\"elementor-container elementor-column-gap-default\">\n\t\t\t\t\t<div class=\"elementor-column elementor-col-50 elementor-inner-column elementor-element elementor-element-5757e4c\" data-id=\"5757e4c\" data-element_type=\"column\">\n\t\t\t<div class=\"elementor-widget-wrap elementor-element-populated\">\n\t\t\t\t\t\t\t\t<div class=\"elementor-element elementor-element-c06696a elementor-widget elementor-widget-image\" data-id=\"c06696a\" data-element_type=\"widget\" data-widget_type=\"image.default\">\n\t\t\t\t<div class=\"elementor-widget-container\">\n\t\t\t\t\t\t\t\t\t\t\t\t\t\t\t<img decoding=\"async\" width=\"635\" height=\"650\" src=\"https:\/\/zazilha.com\/wp-content\/uploads\/2023\/12\/duet_hand_p_2_new.png\" class=\"attachment-full size-full wp-image-6743\" alt=\"Zazil-Ha-Shop\" srcset=\"https:\/\/zazilha.com\/wp-content\/uploads\/2023\/12\/duet_hand_p_2_new.png 635w, https:\/\/zazilha.com\/wp-content\/uploads\/2023\/12\/duet_hand_p_2_new-293x300.png 293w, https:\/\/zazilha.com\/wp-content\/uploads\/2023\/12\/duet_hand_p_2_new-600x614.png 600w, https:\/\/zazilha.com\/wp-content\/uploads\/2023\/12\/duet_hand_p_2_new-120x123.png 120w\" sizes=\"(max-width: 635px) 100vw, 635px\" \/>\t\t\t\t\t\t\t\t\t\t\t\t\t\t\t<\/div>\n\t\t\t\t<\/div>\n\t\t\t\t\t<\/div>\n\t\t<\/div>\n\t\t\t\t<div class=\"elementor-column elementor-col-50 elementor-inner-column elementor-element elementor-element-e4f0fd9\" data-id=\"e4f0fd9\" data-element_type=\"column\">\n\t\t\t<div class=\"elementor-widget-wrap elementor-element-populated\">\n\t\t\t\t\t\t\t\t<div class=\"elementor-element elementor-element-9b20db9 elementor-widget elementor-widget-text-editor\" data-id=\"9b20db9\" data-element_type=\"widget\" data-widget_type=\"text-editor.default\">\n\t\t\t\t<div class=\"elementor-widget-container\">\n\t\t\t\t\t\t\t<ol>\n<li><strong>\u00bfEs seguro el tratamiento con LightSheer DUET?<\/strong> &#8220;S\u00ed, el sistema de depilaci\u00f3n l\u00e1ser de diodo LightSheer DUET es muy seguro. Ha sido aprobado para la reducci\u00f3n permanente del vello y ha demostrado su eficacia y seguridad en estudios cl\u00ednicos. Adem\u00e1s, su avanzada tecnolog\u00eda minimiza el riesgo de efectos secundarios.&#8221;<\/li>\n<li><strong>\u00bfCu\u00e1ntas sesiones son necesarias para ver resultados?<\/strong> &#8220;El n\u00famero de sesiones necesarias var\u00eda en funci\u00f3n de la zona tratada, el tipo de vello y las caracter\u00edsticas individuales de la piel. Sin embargo, muchos pacientes observan resultados significativos tras unas pocas sesiones. Las sesiones suelen ser r\u00e1pidas y duran entre 15 y 20 minutos, dependiendo del tama\u00f1o de la zona tratada.&#8221;<\/li>\n<li><strong>\u00bfPueden tratarse todos los tipos de piel y cabello con LightSheer DUET?<\/strong> &#8220;S\u00ed, el LightSheer DUET es eficaz en todos los tipos de piel y colores de vello, incluida la piel bronceada. No obstante, para casos espec\u00edficos o personas con determinadas afecciones cut\u00e1neas, se recomienda una consulta previa para evaluar la idoneidad del tratamiento.&#8221;<\/li>\n<\/ol>\n\t\t\t\t\t\t<\/div>\n\t\t\t\t<\/div>\n\t\t\t\t\t<\/div>\n\t\t<\/div>\n\t\t\t\t\t\t\t<\/div>\n\t\t<\/section>\n\t\t\t\t\t<\/div>\n\t\t<\/div>\n\t\t\t\t\t\t\t<\/div>\n\t\t<\/section>\n\t\t\t\t<section class=\"elementor-section elementor-top-section elementor-element elementor-element-29ddb92 elementor-section-full_width elementor-section-height-default elementor-section-height-default\" data-id=\"29ddb92\" data-element_type=\"section\" data-settings=\"{&quot;background_background&quot;:&quot;classic&quot;}\">\n\t\t\t\t\t\t<div class=\"elementor-container elementor-column-gap-default\">\n\t\t\t\t\t<div class=\"elementor-column elementor-col-100 elementor-top-column elementor-element elementor-element-4a8f37a\" data-id=\"4a8f37a\" data-element_type=\"column\">\n\t\t\t<div class=\"elementor-widget-wrap elementor-element-populated\">\n\t\t\t\t\t\t\t\t<div class=\"elementor-element elementor-element-581e115 elementor-widget elementor-widget-heading\" data-id=\"581e115\" data-element_type=\"widget\" data-widget_type=\"heading.default\">\n\t\t\t\t<div class=\"elementor-widget-container\">\n\t\t\t<h2 class=\"elementor-heading-title elementor-size-default\">Palabras de nuestros clientes satisfechos<\/h2>\t\t<\/div>\n\t\t\t\t<\/div>\n\t\t\t\t<div class=\"elementor-element elementor-element-7e11223 elementor-widget elementor-widget-art-testimonials\" data-id=\"7e11223\" data-element_type=\"widget\" data-widget_type=\"art-testimonials.default\">\n\t\t\t\t<div class=\"elementor-widget-container\">\n\t\t\t\r\n\r\n\t\t<div class=\"art-testimonial-wrapper\">\r\n\r\n\t\t\t\r\n\t\t\t<div class=\"swiper-container-testimonial-info\">\r\n\t\t\t\t<div class=\"swiper-wrapper \">\r\n\r\n\t\t\t\t\t\t\t\t\t\t\t<div class=\"swiper-slide testimonial-item\">\r\n\t\t\t\t\t\t\t<div class=\"art-testimonial-data art-h5\"><p><span class=\"TextRun SCXW261136691 BCX8\" lang=\"EN-US\" xml:lang=\"EN-US\" data-contrast=\"auto\"><span class=\"NormalTextRun SCXW261136691 BCX8\">\u201c<span class=\"NormalTextRun SCXW187028752 BCX8\">Got A session for me (f<\/span> <span class=\"NormalTextRun SCXW187028752 BCX8\">25) and my little sister (f 18) Best bonding day ever, the staff was s<\/span><span class=\"NormalTextRun SCXW187028752 BCX8\">o nice and the we lay by the pool of the <\/span><span class=\"NormalTextRun SCXW187028752 BCX8\">hotel.\"<\/span><\/span><\/span><\/p><\/div>\r\n\t\t\t\t\t\t\t<div class=\"art-testimonial-name art-body-three-font\">Mallory Grace<\/div>\r\n\t\t\t\t\t\t<\/div>\r\n\t\t\t\t\t\t\t\t\t\t\t<div class=\"swiper-slide testimonial-item\">\r\n\t\t\t\t\t\t\t<div class=\"art-testimonial-data art-h5\"><p><span class=\"TextRun SCXW261136691 BCX8\" lang=\"EN-US\" xml:lang=\"EN-US\" data-contrast=\"auto\"><span class=\"NormalTextRun SCXW261136691 BCX8\">\u201cI brought my daughter to a session and is <\/span><span class=\"NormalTextRun SCXW261136691 BCX8\">really<\/span><span class=\"NormalTextRun SCXW261136691 BCX8\"> helping <\/span><span class=\"NormalTextRun SCXW261136691 BCX8\">her skin\u201d.<\/span><\/span><\/p><\/div>\r\n\t\t\t\t\t\t\t<div class=\"art-testimonial-name art-body-three-font\">Jorge Toledo<\/div>\r\n\t\t\t\t\t\t<\/div>\r\n\t\t\t\t\t\t\t\t\t\t\t<div class=\"swiper-slide testimonial-item\">\r\n\t\t\t\t\t\t\t<div class=\"art-testimonial-data art-h5\"><p><span class=\"TextRun SCXW261136691 BCX8\" lang=\"EN-US\" xml:lang=\"EN-US\" data-contrast=\"auto\"><span class=\"NormalTextRun SCXW261136691 BCX8\">\u201c<span class=\"NormalTextRun SCXW53370324 BCX8\">This should be a standard for any hotel!!! Help<\/span><span class=\"NormalTextRun SCXW53370324 BCX8\">ed<\/span><span class=\"NormalTextRun SCXW53370324 BCX8\"> so much<\/span><span class=\"NormalTextRun SCXW53370324 BCX8\">, now I\u2019m totally relaxed.<\/span><\/span><span class=\"NormalTextRun SCXW261136691 BCX8\">\u201d<\/span><\/span><\/p><\/div>\r\n\t\t\t\t\t\t\t<div class=\"art-testimonial-name art-body-three-font\">Bonnie Hops<\/div>\r\n\t\t\t\t\t\t<\/div>\r\n\t\t\t\t\t\r\n\t\t\t\t<\/div>\r\n\r\n\t\t\t\t<!-- Add Arrows -->\r\n\t\t\t\t<div class=\"swiper-button-prev \"><\/div>\r\n\t\t\t\t<div class=\"swiper-button-next \"><\/div>\r\n\r\n\t\t\t<\/div>\r\n\r\n\t\t<\/div>\r\n\r\n\r\n\t\t\t\t<\/div>\n\t\t\t\t<\/div>\n\t\t\t\t\t<\/div>\n\t\t<\/div>\n\t\t\t\t\t\t\t<\/div>\n\t\t<\/section>\n\t\t\t\t\t\t\t<\/div>\n\t\t","protected":false},"excerpt":{"rendered":"<p>Descubra la tecnolog\u00eda m\u00e1s avanzada en depilaci\u00f3n l\u00e1ser con el sistema LightSheer DUET. Dise\u00f1ada para una depilaci\u00f3n r\u00e1pida, fiable y pr\u00e1cticamente indolora, supera a los m\u00e9todos tradicionales como la electr\u00f3lisis, el afeitado, la cera o las pinzas. LightSheer DUET, el primer l\u00e1ser de diodo aprobado para la reducci\u00f3n permanente del vello, ha demostrado su eficacia [&hellip;]<\/p>\n","protected":false},"author":1,"featured_media":7044,"parent":7192,"menu_order":0,"comment_status":"closed","ping_status":"closed","template":"elementor_header_footer","meta":{"inline_featured_image":false,"footnotes":""},"class_list":["post-7391","page","type-page","status-publish","has-post-thumbnail","hentry"],"acf":[],"_links":{"self":[{"href":"https:\/\/zazilha.com\/es\/wp-json\/wp\/v2\/pages\/7391","targetHints":{"allow":["GET"]}}],"collection":[{"href":"https:\/\/zazilha.com\/es\/wp-json\/wp\/v2\/pages"}],"about":[{"href":"https:\/\/zazilha.com\/es\/wp-json\/wp\/v2\/types\/page"}],"author":[{"embeddable":true,"href":"https:\/\/zazilha.com\/es\/wp-json\/wp\/v2\/users\/1"}],"replies":[{"embeddable":true,"href":"https:\/\/zazilha.com\/es\/wp-json\/wp\/v2\/comments?post=7391"}],"version-history":[{"count":7,"href":"https:\/\/zazilha.com\/es\/wp-json\/wp\/v2\/pages\/7391\/revisions"}],"predecessor-version":[{"id":7546,"href":"https:\/\/zazilha.com\/es\/wp-json\/wp\/v2\/pages\/7391\/revisions\/7546"}],"up":[{"embeddable":true,"href":"https:\/\/zazilha.com\/es\/wp-json\/wp\/v2\/pages\/7192"}],"wp:featuredmedia":[{"embeddable":true,"href":"https:\/\/zazilha.com\/es\/wp-json\/wp\/v2\/media\/7044"}],"wp:attachment":[{"href":"https:\/\/zazilha.com\/es\/wp-json\/wp\/v2\/media?parent=7391"}],"curies":[{"name":"wp","href":"https:\/\/api.w.org\/{rel}","templated":true}]}}