{"id":7393,"date":"2023-12-02T16:24:45","date_gmt":"2023-12-02T21:24:45","guid":{"rendered":"https:\/\/zazilha.com\/servicios\/tratamiento-con-laser-fraxel\/"},"modified":"2023-12-14T12:55:47","modified_gmt":"2023-12-14T17:55:47","slug":"laser-fraxel","status":"publish","type":"page","link":"https:\/\/zazilha.com\/es\/servicios-de-spa\/laser-fraxel\/","title":{"rendered":"Tratamiento con l\u00e1ser Fraxel"},"content":{"rendered":"\t\t<div data-elementor-type=\"wp-page\" data-elementor-id=\"7393\" class=\"elementor elementor-7393 elementor-6761\" data-elementor-post-type=\"page\">\n\t\t\t\t\t\t\t\t\t<section class=\"elementor-section elementor-top-section elementor-element elementor-element-76f2d36 elementor-section-full_width elementor-section-height-default elementor-section-height-default\" data-id=\"76f2d36\" data-element_type=\"section\">\n\t\t\t\t\t\t<div class=\"elementor-container elementor-column-gap-default\">\n\t\t\t\t\t<div class=\"elementor-column elementor-col-100 elementor-top-column elementor-element elementor-element-da7f186\" data-id=\"da7f186\" data-element_type=\"column\">\n\t\t\t<div class=\"elementor-widget-wrap elementor-element-populated\">\n\t\t\t\t\t\t\t\t<div class=\"elementor-element elementor-element-2c04f70 elementor-widget elementor-widget-art-ordinary-page-header\" data-id=\"2c04f70\" data-element_type=\"widget\" data-widget_type=\"art-ordinary-page-header.default\">\n\t\t\t\t<div class=\"elementor-widget-container\">\n\t\t\t\r\n\t\t<div class=\"art-ordinary-page-header\" style=\"background-image:url(https:\/\/zazilha.com\/wp-content\/uploads\/2022\/09\/Lv4n73uzXxg.jpg)\">\r\n\r\n\t\t\t<div class=\"container\">\r\n\r\n\t\t\t\t<div class=\"art-ordinary-page-data\" style=\"text-align:center\">\r\n\r\n\t\t\t\t\t<h1 class=\"art-page-header-title\">Tratamiento con L\u00e1ser Fraxel<\/h1>\r\n\r\n                    \r\n\t\t\t\t<\/div>\r\n\r\n\t\t\t<\/div>\r\n\r\n\t\t<\/div>\r\n\r\n\t\t\t\t<\/div>\n\t\t\t\t<\/div>\n\t\t\t\t\t<\/div>\n\t\t<\/div>\n\t\t\t\t\t\t\t<\/div>\n\t\t<\/section>\n\t\t\t\t<section class=\"elementor-section elementor-top-section elementor-element elementor-element-33caea6 elementor-section-boxed elementor-section-height-default elementor-section-height-default\" data-id=\"33caea6\" data-element_type=\"section\">\n\t\t\t\t\t\t<div class=\"elementor-container elementor-column-gap-default\">\n\t\t\t\t\t<div class=\"elementor-column elementor-col-100 elementor-top-column elementor-element elementor-element-ebfcd4c\" data-id=\"ebfcd4c\" data-element_type=\"column\">\n\t\t\t<div class=\"elementor-widget-wrap elementor-element-populated\">\n\t\t\t\t\t\t\t\t<div class=\"elementor-element elementor-element-7c122d4 elementor-widget elementor-widget-text-editor\" data-id=\"7c122d4\" data-element_type=\"widget\" data-widget_type=\"text-editor.default\">\n\t\t\t\t<div class=\"elementor-widget-container\">\n\t\t\t<style>\/*! elementor - v3.18.0 - 20-12-2023 *\/\n.elementor-widget-text-editor.elementor-drop-cap-view-stacked .elementor-drop-cap{background-color:#69727d;color:#fff}.elementor-widget-text-editor.elementor-drop-cap-view-framed .elementor-drop-cap{color:#69727d;border:3px solid;background-color:transparent}.elementor-widget-text-editor:not(.elementor-drop-cap-view-default) .elementor-drop-cap{margin-top:8px}.elementor-widget-text-editor:not(.elementor-drop-cap-view-default) .elementor-drop-cap-letter{width:1em;height:1em}.elementor-widget-text-editor .elementor-drop-cap{float:left;text-align:center;line-height:1;font-size:50px}.elementor-widget-text-editor .elementor-drop-cap-letter{display:inline-block}<\/style>\t\t\t\t<p style=\"text-align: center;\">Fraxel es un tratamiento l\u00e1ser fraccional avanzado que revitaliza la piel actuando bajo la superficie. Provoca da\u00f1os microsc\u00f3picos que estimulan la producci\u00f3n de col\u00e1geno, alisando eficazmente arrugas y cicatrices. Fraxel es beneficioso para el rejuvenecimiento cut\u00e1neo, la reducci\u00f3n de l\u00edneas finas y arrugas, el tratamiento de cicatrices superficiales, la pigmentaci\u00f3n, el da\u00f1o solar y la queratosis act\u00ednica, y es adecuado para la cara, el cuello, el pecho, los hombros y la espalda.<\/p>\n\t\t\t\t\t\t<\/div>\n\t\t\t\t<\/div>\n\t\t\t\t\t<\/div>\n\t\t<\/div>\n\t\t\t\t\t\t\t<\/div>\n\t\t<\/section>\n\t\t\t\t<section class=\"elementor-section elementor-top-section elementor-element elementor-element-55fa3fc elementor-section-boxed elementor-section-height-default elementor-section-height-default\" data-id=\"55fa3fc\" data-element_type=\"section\">\n\t\t\t\t\t\t<div class=\"elementor-container elementor-column-gap-default\">\n\t\t\t\t\t<div class=\"elementor-column elementor-col-50 elementor-top-column elementor-element elementor-element-82af7e3\" data-id=\"82af7e3\" data-element_type=\"column\">\n\t\t\t<div class=\"elementor-widget-wrap elementor-element-populated\">\n\t\t\t\t\t\t\t\t<div class=\"elementor-element elementor-element-32139fc elementor-widget elementor-widget-heading\" data-id=\"32139fc\" data-element_type=\"widget\" data-widget_type=\"heading.default\">\n\t\t\t\t<div class=\"elementor-widget-container\">\n\t\t\t<style>\/*! elementor - v3.18.0 - 20-12-2023 *\/\n.elementor-heading-title{padding:0;margin:0;line-height:1}.elementor-widget-heading .elementor-heading-title[class*=elementor-size-]>a{color:inherit;font-size:inherit;line-height:inherit}.elementor-widget-heading .elementor-heading-title.elementor-size-small{font-size:15px}.elementor-widget-heading .elementor-heading-title.elementor-size-medium{font-size:19px}.elementor-widget-heading .elementor-heading-title.elementor-size-large{font-size:29px}.elementor-widget-heading .elementor-heading-title.elementor-size-xl{font-size:39px}.elementor-widget-heading .elementor-heading-title.elementor-size-xxl{font-size:59px}<\/style><h2 class=\"elementor-heading-title elementor-size-default\">Tratamiento con l\u00e1ser Fraxel<\/h2>\t\t<\/div>\n\t\t\t\t<\/div>\n\t\t\t\t<div class=\"elementor-element elementor-element-4b1767f elementor-widget elementor-widget-text-editor\" data-id=\"4b1767f\" data-element_type=\"widget\" data-widget_type=\"text-editor.default\">\n\t\t\t\t<div class=\"elementor-widget-container\">\n\t\t\t\t\t\t\t<p><strong>\u00bfC\u00f3mo funciona?<\/strong><\/p>\n<p>El procedimiento consiste en pasar varias veces el l\u00e1ser fraccional por el rostro, penetrando en las capas superiores de la piel para estimular el col\u00e1geno y rejuvenecer la piel. Cada sesi\u00f3n puede durar entre 15 y 45 minutos, y el proceso completo unas 2 horas. Los pacientes suelen sentir una sensaci\u00f3n de &#8220;quemadura solar&#8221; tras el tratamiento, y la recuperaci\u00f3n puede requerir unos d\u00edas de reposo. La mayor\u00eda de los pacientes necesitan entre 3 y 6 tratamientos para obtener los m\u00e1ximos resultados, con mejoras visibles en 1-3 semanas y un desarrollo del col\u00e1geno que contin\u00faa entre 3 y 6 meses despu\u00e9s del \u00faltimo tratamiento.<\/p>\n\t\t\t\t\t\t<\/div>\n\t\t\t\t<\/div>\n\t\t\t\t<section class=\"elementor-section elementor-inner-section elementor-element elementor-element-22e7e51 elementor-section-boxed elementor-section-height-default elementor-section-height-default\" data-id=\"22e7e51\" data-element_type=\"section\">\n\t\t\t\t\t\t<div class=\"elementor-container elementor-column-gap-default\">\n\t\t\t\t\t<div class=\"elementor-column elementor-col-100 elementor-inner-column elementor-element elementor-element-63ccf80\" data-id=\"63ccf80\" data-element_type=\"column\">\n\t\t\t<div class=\"elementor-widget-wrap elementor-element-populated\">\n\t\t\t\t\t\t\t\t<div class=\"elementor-element elementor-element-c1521fa elementor-align-center elementor-widget elementor-widget-button\" data-id=\"c1521fa\" data-element_type=\"widget\" data-widget_type=\"button.default\">\n\t\t\t\t<div class=\"elementor-widget-container\">\n\t\t\t\t\t<div class=\"elementor-button-wrapper\">\n\t\t\t<a class=\"elementor-button elementor-button-link elementor-size-sm\" href=\"https:\/\/zazilha.com\/es\/contacto\/\">\n\t\t\t\t\t\t<span class=\"elementor-button-content-wrapper\">\n\t\t\t\t\t\t<span class=\"elementor-button-text\">ENVIAR MENSAJE<\/span>\n\t\t<\/span>\n\t\t\t\t\t<\/a>\n\t\t<\/div>\n\t\t\t\t<\/div>\n\t\t\t\t<\/div>\n\t\t\t\t\t<\/div>\n\t\t<\/div>\n\t\t\t\t\t\t\t<\/div>\n\t\t<\/section>\n\t\t\t\t\t<\/div>\n\t\t<\/div>\n\t\t\t\t<div class=\"elementor-column elementor-col-50 elementor-top-column elementor-element elementor-element-b6cbfe2\" data-id=\"b6cbfe2\" data-element_type=\"column\">\n\t\t\t<div class=\"elementor-widget-wrap elementor-element-populated\">\n\t\t\t\t\t\t\t\t<section class=\"elementor-section elementor-inner-section elementor-element elementor-element-2cf664b elementor-hidden-tablet elementor-section-boxed elementor-section-height-default elementor-section-height-default\" data-id=\"2cf664b\" data-element_type=\"section\">\n\t\t\t\t\t\t<div class=\"elementor-container elementor-column-gap-default\">\n\t\t\t\t\t<div class=\"elementor-column elementor-col-100 elementor-inner-column elementor-element elementor-element-76a94fd\" data-id=\"76a94fd\" data-element_type=\"column\">\n\t\t\t<div class=\"elementor-widget-wrap elementor-element-populated\">\n\t\t\t\t\t\t\t\t<div class=\"elementor-element elementor-element-77be1e5 elementor-widget elementor-widget-image\" data-id=\"77be1e5\" data-element_type=\"widget\" data-widget_type=\"image.default\">\n\t\t\t\t<div class=\"elementor-widget-container\">\n\t\t\t<style>\/*! elementor - v3.18.0 - 20-12-2023 *\/\n.elementor-widget-image{text-align:center}.elementor-widget-image a{display:inline-block}.elementor-widget-image a img[src$=\".svg\"]{width:48px}.elementor-widget-image img{vertical-align:middle;display:inline-block}<\/style>\t\t\t\t\t\t\t\t\t\t\t\t<img fetchpriority=\"high\" decoding=\"async\" width=\"480\" height=\"360\" src=\"https:\/\/zazilha.com\/wp-content\/uploads\/2023\/12\/before_and_after_fraxel_laser_treatment.jpg\" class=\"attachment-large size-large wp-image-6766\" alt=\"\" srcset=\"https:\/\/zazilha.com\/wp-content\/uploads\/2023\/12\/before_and_after_fraxel_laser_treatment.jpg 480w, https:\/\/zazilha.com\/wp-content\/uploads\/2023\/12\/before_and_after_fraxel_laser_treatment-300x225.jpg 300w, https:\/\/zazilha.com\/wp-content\/uploads\/2023\/12\/before_and_after_fraxel_laser_treatment-120x90.jpg 120w\" sizes=\"(max-width: 480px) 100vw, 480px\" \/>\t\t\t\t\t\t\t\t\t\t\t\t\t\t\t<\/div>\n\t\t\t\t<\/div>\n\t\t\t\t<div class=\"elementor-element elementor-element-705d5b8 elementor-widget elementor-widget-image\" data-id=\"705d5b8\" data-element_type=\"widget\" data-widget_type=\"image.default\">\n\t\t\t\t<div class=\"elementor-widget-container\">\n\t\t\t\t\t\t\t\t\t\t\t\t\t\t\t<img decoding=\"async\" width=\"169\" height=\"300\" src=\"https:\/\/zazilha.com\/wp-content\/uploads\/2023\/12\/Palomar-Artisan-Fractional-169x300.jpeg\" class=\"attachment-medium size-medium wp-image-6770\" alt=\"\" srcset=\"https:\/\/zazilha.com\/wp-content\/uploads\/2023\/12\/Palomar-Artisan-Fractional-169x300.jpeg 169w, https:\/\/zazilha.com\/wp-content\/uploads\/2023\/12\/Palomar-Artisan-Fractional-90x160.jpeg 90w, https:\/\/zazilha.com\/wp-content\/uploads\/2023\/12\/Palomar-Artisan-Fractional.jpeg 498w\" sizes=\"(max-width: 169px) 100vw, 169px\" \/>\t\t\t\t\t\t\t\t\t\t\t\t\t\t\t<\/div>\n\t\t\t\t<\/div>\n\t\t\t\t\t<\/div>\n\t\t<\/div>\n\t\t\t\t\t\t\t<\/div>\n\t\t<\/section>\n\t\t\t\t\t<\/div>\n\t\t<\/div>\n\t\t\t\t\t\t\t<\/div>\n\t\t<\/section>\n\t\t\t\t<section class=\"elementor-section elementor-top-section elementor-element elementor-element-a0b71a4 elementor-section-boxed elementor-section-height-default elementor-section-height-default\" data-id=\"a0b71a4\" data-element_type=\"section\">\n\t\t\t\t\t\t<div class=\"elementor-container elementor-column-gap-default\">\n\t\t\t\t\t<div class=\"elementor-column elementor-col-100 elementor-top-column elementor-element elementor-element-181a0d9\" data-id=\"181a0d9\" data-element_type=\"column\">\n\t\t\t<div class=\"elementor-widget-wrap elementor-element-populated\">\n\t\t\t\t\t\t\t\t<div class=\"elementor-element elementor-element-c6df78b elementor-widget elementor-widget-heading\" data-id=\"c6df78b\" data-element_type=\"widget\" data-widget_type=\"heading.default\">\n\t\t\t\t<div class=\"elementor-widget-container\">\n\t\t\t<h2 class=\"elementor-heading-title elementor-size-default\">Preguntas frecuentes<\/h2>\t\t<\/div>\n\t\t\t\t<\/div>\n\t\t\t\t<section class=\"elementor-section elementor-inner-section elementor-element elementor-element-bc22f87 elementor-section-boxed elementor-section-height-default elementor-section-height-default\" data-id=\"bc22f87\" data-element_type=\"section\">\n\t\t\t\t\t\t<div class=\"elementor-container elementor-column-gap-default\">\n\t\t\t\t\t<div class=\"elementor-column elementor-col-50 elementor-inner-column elementor-element elementor-element-eb86a1c\" data-id=\"eb86a1c\" data-element_type=\"column\">\n\t\t\t<div class=\"elementor-widget-wrap elementor-element-populated\">\n\t\t\t\t\t\t\t\t<div class=\"elementor-element elementor-element-11228fd elementor-widget elementor-widget-image\" data-id=\"11228fd\" data-element_type=\"widget\" data-widget_type=\"image.default\">\n\t\t\t\t<div class=\"elementor-widget-container\">\n\t\t\t\t\t\t\t\t\t\t\t\t\t\t\t<img decoding=\"async\" src=\"https:\/\/zazilha.com\/wp-content\/uploads\/elementor\/thumbs\/Rejuvenation-q2n4viccig9g88qif2de9pfs5kcx0h5nqcl2ap9apc.jpg\" title=\"Rejuvenation\" alt=\"Rejuvenation\" loading=\"lazy\" \/>\t\t\t\t\t\t\t\t\t\t\t\t\t\t\t<\/div>\n\t\t\t\t<\/div>\n\t\t\t\t\t<\/div>\n\t\t<\/div>\n\t\t\t\t<div class=\"elementor-column elementor-col-50 elementor-inner-column elementor-element elementor-element-ea76127\" data-id=\"ea76127\" data-element_type=\"column\">\n\t\t\t<div class=\"elementor-widget-wrap elementor-element-populated\">\n\t\t\t\t\t\t\t\t<div class=\"elementor-element elementor-element-a038b55 elementor-widget elementor-widget-text-editor\" data-id=\"a038b55\" data-element_type=\"widget\" data-widget_type=\"text-editor.default\">\n\t\t\t\t<div class=\"elementor-widget-container\">\n\t\t\t\t\t\t\t<p><strong>1.- \u00bfCu\u00e1nto tiempo se tarda en ver los resultados del tratamiento Fraxel?<\/strong><\/p>\n<p>Por lo general, los resultados comienzan a apreciarse entre una y tres semanas despu\u00e9s del tratamiento, y el desarrollo del col\u00e1geno y la mejora de la piel contin\u00faan durante tres a seis meses.<\/p>\n<p><strong>2.- \u00bfEs doloroso el tratamiento Fraxel?<\/strong><\/p>\n<p>&#8220;Los pacientes pueden experimentar una sensaci\u00f3n similar a una quemadura solar durante y despu\u00e9s del tratamiento. Los m\u00e9todos de enfriamiento, como las bolsas de hielo, pueden ayudar a aliviar las molestias en las primeras horas posteriores al tratamiento.&#8221;<\/p>\n<p><strong>3.- \u00bfCu\u00e1ntos tratamientos Fraxel son necesarios?<\/strong><\/p>\n<p>El n\u00famero de tratamientos var\u00eda seg\u00fan la persona, pero normalmente se requieren de 3 a 6 sesiones para lograr los resultados deseados.<\/p>\n\t\t\t\t\t\t<\/div>\n\t\t\t\t<\/div>\n\t\t\t\t\t<\/div>\n\t\t<\/div>\n\t\t\t\t\t\t\t<\/div>\n\t\t<\/section>\n\t\t\t\t\t<\/div>\n\t\t<\/div>\n\t\t\t\t\t\t\t<\/div>\n\t\t<\/section>\n\t\t\t\t<section class=\"elementor-section elementor-top-section elementor-element elementor-element-e5c726a elementor-section-full_width elementor-section-height-default elementor-section-height-default\" data-id=\"e5c726a\" data-element_type=\"section\" data-settings=\"{&quot;background_background&quot;:&quot;classic&quot;}\">\n\t\t\t\t\t\t<div class=\"elementor-container elementor-column-gap-default\">\n\t\t\t\t\t<div class=\"elementor-column elementor-col-100 elementor-top-column elementor-element elementor-element-a8f2ded\" data-id=\"a8f2ded\" data-element_type=\"column\">\n\t\t\t<div class=\"elementor-widget-wrap elementor-element-populated\">\n\t\t\t\t\t\t\t\t<div class=\"elementor-element elementor-element-539a428 elementor-widget elementor-widget-heading\" data-id=\"539a428\" data-element_type=\"widget\" data-widget_type=\"heading.default\">\n\t\t\t\t<div class=\"elementor-widget-container\">\n\t\t\t<h2 class=\"elementor-heading-title elementor-size-default\">Palabras de nuestros clientes satisfechos<\/h2>\t\t<\/div>\n\t\t\t\t<\/div>\n\t\t\t\t<div class=\"elementor-element elementor-element-8a76618 elementor-widget elementor-widget-art-testimonials\" data-id=\"8a76618\" data-element_type=\"widget\" data-widget_type=\"art-testimonials.default\">\n\t\t\t\t<div class=\"elementor-widget-container\">\n\t\t\t\r\n\r\n\t\t<div class=\"art-testimonial-wrapper\">\r\n\r\n\t\t\t\r\n\t\t\t<div class=\"swiper-container-testimonial-info\">\r\n\t\t\t\t<div class=\"swiper-wrapper \">\r\n\r\n\t\t\t\t\t\t\t\t\t\t\t<div class=\"swiper-slide testimonial-item\">\r\n\t\t\t\t\t\t\t<div class=\"art-testimonial-data art-h5\"><p><span class=\"TextRun SCXW117265945 BCX8\" lang=\"EN-US\" xml:lang=\"EN-US\" data-contrast=\"auto\"><span class=\"NormalTextRun SCXW117265945 BCX8\">\u201c<span class=\"NormalTextRun SCXW154981885 BCX8\">I planned by vacations <\/span><span class=\"NormalTextRun SCXW154981885 BCX8\">around<\/span><span class=\"NormalTextRun SCXW154981885 BCX8\"> this<\/span><span class=\"NormalTextRun SCXW154981885 BCX8\"> treatment <\/span><span class=\"NormalTextRun SCXW154981885 BCX8\">and it was the best <\/span><span class=\"NormalTextRun SCXW154981885 BCX8\">decision<\/span><span class=\"NormalTextRun SCXW154981885 BCX8\"> ever<\/span><span class=\"NormalTextRun SCXW154981885 BCX8\">. <\/span><span class=\"NormalTextRun SCXW154981885 BCX8\">Got relaxed and my new baby fac<\/span><span class=\"NormalTextRun SCXW154981885 BCX8\">e.\"<\/span><\/span><\/span><\/p><\/div>\r\n\t\t\t\t\t\t\t<div class=\"art-testimonial-name art-body-three-font\">Ellison Oswalt<\/div>\r\n\t\t\t\t\t\t<\/div>\r\n\t\t\t\t\t\t\t\t\t\t\t<div class=\"swiper-slide testimonial-item\">\r\n\t\t\t\t\t\t\t<div class=\"art-testimonial-data art-h5\"><p><span class=\"TextRun SCXW117265945 BCX8\" lang=\"EN-US\" xml:lang=\"EN-US\" data-contrast=\"auto\"><span class=\"NormalTextRun SCXW117265945 BCX8\">\u201cI will definitely come <\/span><span class=\"NormalTextRun SCXW117265945 BCX8\">back;<\/span><span class=\"NormalTextRun SCXW117265945 BCX8\"> the laser did magic with my dark spots. <\/span><span class=\"NormalTextRun SCXW117265945 BCX8\">Plus,<\/span><span class=\"NormalTextRun SCXW117265945 BCX8\"> th<\/span><span class=\"NormalTextRun SCXW117265945 BCX8\">e sunscreen they recommended <\/span><span class=\"NormalTextRun SCXW117265945 BCX8\">is helping the process\".<\/span><\/span><\/p><\/div>\r\n\t\t\t\t\t\t\t<div class=\"art-testimonial-name art-body-three-font\">Lorena Guti\u00e9rrez<\/div>\r\n\t\t\t\t\t\t<\/div>\r\n\t\t\t\t\t\t\t\t\t\t\t<div class=\"swiper-slide testimonial-item\">\r\n\t\t\t\t\t\t\t<div class=\"art-testimonial-data art-h5\"><p><span class=\"TextRun SCXW117265945 BCX8\" lang=\"EN-US\" xml:lang=\"EN-US\" data-contrast=\"auto\"><span class=\"NormalTextRun SCXW117265945 BCX8\">\u201c<span class=\"NormalTextRun SCXW262249257 BCX8\">The word LASER was intimidating, but thanks to the staff I almost fall asleep during the session, they made me feel so se<\/span><span class=\"NormalTextRun SCXW262249257 BCX8\">cure! .<\/span><\/span><span class=\"NormalTextRun SCXW117265945 BCX8\">\"<\/span><\/span><\/p><\/div>\r\n\t\t\t\t\t\t\t<div class=\"art-testimonial-name art-body-three-font\">Theresa Granados <\/div>\r\n\t\t\t\t\t\t<\/div>\r\n\t\t\t\t\t\r\n\t\t\t\t<\/div>\r\n\r\n\t\t\t\t<!-- Add Arrows -->\r\n\t\t\t\t<div class=\"swiper-button-prev \"><\/div>\r\n\t\t\t\t<div class=\"swiper-button-next \"><\/div>\r\n\r\n\t\t\t<\/div>\r\n\r\n\t\t<\/div>\r\n\r\n\r\n\t\t\t\t<\/div>\n\t\t\t\t<\/div>\n\t\t\t\t\t<\/div>\n\t\t<\/div>\n\t\t\t\t\t\t\t<\/div>\n\t\t<\/section>\n\t\t\t\t\t\t\t<\/div>\n\t\t","protected":false},"excerpt":{"rendered":"<p>Fraxel es un tratamiento l\u00e1ser fraccional avanzado que revitaliza la piel actuando bajo la superficie. Provoca da\u00f1os microsc\u00f3picos que estimulan la producci\u00f3n de col\u00e1geno, alisando eficazmente arrugas y cicatrices. Fraxel es beneficioso para el rejuvenecimiento cut\u00e1neo, la reducci\u00f3n de l\u00edneas finas y arrugas, el tratamiento de cicatrices superficiales, la pigmentaci\u00f3n, el da\u00f1o solar y la [&hellip;]<\/p>\n","protected":false},"author":1,"featured_media":0,"parent":7192,"menu_order":0,"comment_status":"closed","ping_status":"closed","template":"elementor_header_footer","meta":{"inline_featured_image":false,"footnotes":""},"class_list":["post-7393","page","type-page","status-publish","hentry"],"acf":[],"_links":{"self":[{"href":"https:\/\/zazilha.com\/es\/wp-json\/wp\/v2\/pages\/7393","targetHints":{"allow":["GET"]}}],"collection":[{"href":"https:\/\/zazilha.com\/es\/wp-json\/wp\/v2\/pages"}],"about":[{"href":"https:\/\/zazilha.com\/es\/wp-json\/wp\/v2\/types\/page"}],"author":[{"embeddable":true,"href":"https:\/\/zazilha.com\/es\/wp-json\/wp\/v2\/users\/1"}],"replies":[{"embeddable":true,"href":"https:\/\/zazilha.com\/es\/wp-json\/wp\/v2\/comments?post=7393"}],"version-history":[{"count":5,"href":"https:\/\/zazilha.com\/es\/wp-json\/wp\/v2\/pages\/7393\/revisions"}],"predecessor-version":[{"id":7523,"href":"https:\/\/zazilha.com\/es\/wp-json\/wp\/v2\/pages\/7393\/revisions\/7523"}],"up":[{"embeddable":true,"href":"https:\/\/zazilha.com\/es\/wp-json\/wp\/v2\/pages\/7192"}],"wp:attachment":[{"href":"https:\/\/zazilha.com\/es\/wp-json\/wp\/v2\/media?parent=7393"}],"curies":[{"name":"wp","href":"https:\/\/api.w.org\/{rel}","templated":true}]}}