{"id":7395,"date":"2023-11-30T12:25:19","date_gmt":"2023-11-30T17:25:19","guid":{"rendered":"https:\/\/zazilha.com\/servicios\/free-facial-analysis-visia\/"},"modified":"2023-12-14T15:09:44","modified_gmt":"2023-12-14T20:09:44","slug":"free-facial-analysis-visia","status":"publish","type":"page","link":"https:\/\/zazilha.com\/es\/servicios-de-spa\/free-facial-analysis-visia\/","title":{"rendered":"FREE Facial Analysis: VISIA"},"content":{"rendered":"\t\t<div data-elementor-type=\"wp-page\" data-elementor-id=\"7395\" class=\"elementor elementor-7395 elementor-6537\" data-elementor-post-type=\"page\">\n\t\t\t\t\t\t\t\t\t<section class=\"elementor-section elementor-top-section elementor-element elementor-element-76f2d36 elementor-section-full_width elementor-section-height-default elementor-section-height-default\" data-id=\"76f2d36\" data-element_type=\"section\">\n\t\t\t\t\t\t<div class=\"elementor-container elementor-column-gap-default\">\n\t\t\t\t\t<div class=\"elementor-column elementor-col-100 elementor-top-column elementor-element elementor-element-da7f186\" data-id=\"da7f186\" data-element_type=\"column\">\n\t\t\t<div class=\"elementor-widget-wrap elementor-element-populated\">\n\t\t\t\t\t\t\t\t<div class=\"elementor-element elementor-element-2c04f70 elementor-widget elementor-widget-art-ordinary-page-header\" data-id=\"2c04f70\" data-element_type=\"widget\" data-widget_type=\"art-ordinary-page-header.default\">\n\t\t\t\t<div class=\"elementor-widget-container\">\n\t\t\t\r\n\t\t<div class=\"art-ordinary-page-header\" style=\"background-image:url(https:\/\/zazilha.com\/wp-content\/uploads\/2022\/09\/Lv4n73uzXxg.jpg)\">\r\n\r\n\t\t\t<div class=\"container\">\r\n\r\n\t\t\t\t<div class=\"art-ordinary-page-data\" style=\"text-align:center\">\r\n\r\n\t\t\t\t\t<h1 class=\"art-page-header-title\">FREE An\u00e1lisis Facial VISIA<\/h1>\r\n\r\n                    \r\n\t\t\t\t<\/div>\r\n\r\n\t\t\t<\/div>\r\n\r\n\t\t<\/div>\r\n\r\n\t\t\t\t<\/div>\n\t\t\t\t<\/div>\n\t\t\t\t\t<\/div>\n\t\t<\/div>\n\t\t\t\t\t\t\t<\/div>\n\t\t<\/section>\n\t\t\t\t<section class=\"elementor-section elementor-top-section elementor-element elementor-element-609405a elementor-section-boxed elementor-section-height-default elementor-section-height-default\" data-id=\"609405a\" data-element_type=\"section\">\n\t\t\t\t\t\t<div class=\"elementor-container elementor-column-gap-default\">\n\t\t\t\t\t<div class=\"elementor-column elementor-col-100 elementor-top-column elementor-element elementor-element-ac783ca\" data-id=\"ac783ca\" data-element_type=\"column\">\n\t\t\t<div class=\"elementor-widget-wrap elementor-element-populated\">\n\t\t\t\t\t\t\t\t<div class=\"elementor-element elementor-element-daeac8f elementor-widget elementor-widget-text-editor\" data-id=\"daeac8f\" data-element_type=\"widget\" data-widget_type=\"text-editor.default\">\n\t\t\t\t<div class=\"elementor-widget-container\">\n\t\t\t<style>\/*! elementor - v3.18.0 - 20-12-2023 *\/\n.elementor-widget-text-editor.elementor-drop-cap-view-stacked .elementor-drop-cap{background-color:#69727d;color:#fff}.elementor-widget-text-editor.elementor-drop-cap-view-framed .elementor-drop-cap{color:#69727d;border:3px solid;background-color:transparent}.elementor-widget-text-editor:not(.elementor-drop-cap-view-default) .elementor-drop-cap{margin-top:8px}.elementor-widget-text-editor:not(.elementor-drop-cap-view-default) .elementor-drop-cap-letter{width:1em;height:1em}.elementor-widget-text-editor .elementor-drop-cap{float:left;text-align:center;line-height:1;font-size:50px}.elementor-widget-text-editor .elementor-drop-cap-letter{display:inline-block}<\/style>\t\t\t\t<div class=\"uk-width-1-2\">\n<p class=\"p--large regular\">El sistema de posicionamiento multipunto de VISIA y la superposici\u00f3n de im\u00e1genes en directo facilitan la captura de im\u00e1genes perfectamente registradas para documentar el progreso a lo largo del tiempo. El m\u00f3dulo de captura giratorio captura f\u00e1cilmente las vistas faciales izquierda, derecha y frontal.<\/p>\n<\/div>\n\t\t\t\t\t\t<\/div>\n\t\t\t\t<\/div>\n\t\t\t\t\t<\/div>\n\t\t<\/div>\n\t\t\t\t\t\t\t<\/div>\n\t\t<\/section>\n\t\t\t\t<section class=\"elementor-section elementor-top-section elementor-element elementor-element-803ed9c elementor-section-boxed elementor-section-height-default elementor-section-height-default\" data-id=\"803ed9c\" data-element_type=\"section\">\n\t\t\t\t\t\t<div class=\"elementor-container elementor-column-gap-default\">\n\t\t\t\t\t<div class=\"elementor-column elementor-col-50 elementor-top-column elementor-element elementor-element-00e43b3\" data-id=\"00e43b3\" data-element_type=\"column\">\n\t\t\t<div class=\"elementor-widget-wrap elementor-element-populated\">\n\t\t\t\t\t\t\t\t<div class=\"elementor-element elementor-element-756dbbe elementor-widget elementor-widget-heading\" data-id=\"756dbbe\" data-element_type=\"widget\" data-widget_type=\"heading.default\">\n\t\t\t\t<div class=\"elementor-widget-container\">\n\t\t\t<style>\/*! elementor - v3.18.0 - 20-12-2023 *\/\n.elementor-heading-title{padding:0;margin:0;line-height:1}.elementor-widget-heading .elementor-heading-title[class*=elementor-size-]>a{color:inherit;font-size:inherit;line-height:inherit}.elementor-widget-heading .elementor-heading-title.elementor-size-small{font-size:15px}.elementor-widget-heading .elementor-heading-title.elementor-size-medium{font-size:19px}.elementor-widget-heading .elementor-heading-title.elementor-size-large{font-size:29px}.elementor-widget-heading .elementor-heading-title.elementor-size-xl{font-size:39px}.elementor-widget-heading .elementor-heading-title.elementor-size-xxl{font-size:59px}<\/style><h2 class=\"elementor-heading-title elementor-size-default\">An\u00e1lisis facial<\/h2>\t\t<\/div>\n\t\t\t\t<\/div>\n\t\t\t\t<div class=\"elementor-element elementor-element-c71a916 elementor-widget elementor-widget-text-editor\" data-id=\"c71a916\" data-element_type=\"widget\" data-widget_type=\"text-editor.default\">\n\t\t\t\t<div class=\"elementor-widget-container\">\n\t\t\t\t\t\t\t<h3><strong>\u00bfC\u00f3mo funciona? <\/strong><\/h3>\n<div class=\"uk-width-1-2\">Para registrar y medir las condiciones de la piel superficial y subsuperficial se utilizan IntelliFlash\u00ae, iluminaci\u00f3n de polarizaci\u00f3n cruzada y UV. La fotograf\u00eda UV proporciona el conjunto de datos m\u00e1s completo disponible para la evaluaci\u00f3n y el an\u00e1lisis del da\u00f1o solar, incluidas las im\u00e1genes de fluorescencia UV para revelar las porfirinas.<\/div>\n<div class=\"uk-width-1-2\">La tecnolog\u00eda RBX\u00ae de Canfield separa las firmas de color \u00fanicas de los componentes rojos y marrones de la piel para una visualizaci\u00f3n inigualable de las afecciones que dan lugar a concentraci\u00f3n de color, como las ara\u00f1as vasculares, la hiperpigmentaci\u00f3n, la inflamaci\u00f3n y otras afecciones.<\/div>\n\t\t\t\t\t\t<\/div>\n\t\t\t\t<\/div>\n\t\t\t\t<section class=\"elementor-section elementor-inner-section elementor-element elementor-element-ea9af2b elementor-section-boxed elementor-section-height-default elementor-section-height-default\" data-id=\"ea9af2b\" data-element_type=\"section\">\n\t\t\t\t\t\t<div class=\"elementor-container elementor-column-gap-default\">\n\t\t\t\t\t<div class=\"elementor-column elementor-col-100 elementor-inner-column elementor-element elementor-element-121a45b\" data-id=\"121a45b\" data-element_type=\"column\">\n\t\t\t<div class=\"elementor-widget-wrap elementor-element-populated\">\n\t\t\t\t\t\t\t\t<div class=\"elementor-element elementor-element-229be51 elementor-align-center elementor-widget elementor-widget-button\" data-id=\"229be51\" data-element_type=\"widget\" data-widget_type=\"button.default\">\n\t\t\t\t<div class=\"elementor-widget-container\">\n\t\t\t\t\t<div class=\"elementor-button-wrapper\">\n\t\t\t<a class=\"elementor-button elementor-button-link elementor-size-sm\" href=\"https:\/\/zazilha.com\/es\/contacto\/\">\n\t\t\t\t\t\t<span class=\"elementor-button-content-wrapper\">\n\t\t\t\t\t\t<span class=\"elementor-button-text\">ENVIAR MENSAJE<\/span>\n\t\t<\/span>\n\t\t\t\t\t<\/a>\n\t\t<\/div>\n\t\t\t\t<\/div>\n\t\t\t\t<\/div>\n\t\t\t\t\t<\/div>\n\t\t<\/div>\n\t\t\t\t\t\t\t<\/div>\n\t\t<\/section>\n\t\t\t\t\t<\/div>\n\t\t<\/div>\n\t\t\t\t<div class=\"elementor-column elementor-col-50 elementor-top-column elementor-element elementor-element-ff84219\" data-id=\"ff84219\" data-element_type=\"column\">\n\t\t\t<div class=\"elementor-widget-wrap elementor-element-populated\">\n\t\t\t\t\t\t\t\t<div class=\"elementor-element elementor-element-7c7022c elementor-widget elementor-widget-image\" data-id=\"7c7022c\" data-element_type=\"widget\" data-widget_type=\"image.default\">\n\t\t\t\t<div class=\"elementor-widget-container\">\n\t\t\t<style>\/*! elementor - v3.18.0 - 20-12-2023 *\/\n.elementor-widget-image{text-align:center}.elementor-widget-image a{display:inline-block}.elementor-widget-image a img[src$=\".svg\"]{width:48px}.elementor-widget-image img{vertical-align:middle;display:inline-block}<\/style>\t\t\t\t\t\t\t\t\t\t\t\t<img fetchpriority=\"high\" decoding=\"async\" width=\"375\" height=\"466\" src=\"https:\/\/zazilha.com\/wp-content\/uploads\/2023\/11\/booth-rotation.gif\" class=\"attachment-large size-large wp-image-6540\" alt=\"Facial Analysis\" \/>\t\t\t\t\t\t\t\t\t\t\t\t\t\t\t<\/div>\n\t\t\t\t<\/div>\n\t\t\t\t<div class=\"elementor-element elementor-element-24f9020 elementor-widget elementor-widget-di-faqs\" data-id=\"24f9020\" data-element_type=\"widget\" data-widget_type=\"di-faqs.default\">\n\t\t\t\t<div class=\"elementor-widget-container\">\n\t\t\t\r\n\t\t<div class=\"art-service-container\">\r\n\r\n\t\t\t\r\n\r\n\t\t\t\t\r\n\t\t\t\t\t<button class=\"accordion art-heading-seven\">\r\n                        <span class=\"service-name\">Tech Specs<\/span>\r\n                        <span class=\"service-price\"><\/span>\r\n                    <\/button>\r\n\t\t\t\t\t<div class=\"panel\">\r\n\r\n\t\t\t\t\t\t<div class=\"panel-data\">\r\n                            <div class=\"uk-width-1-2\"><h3 class=\"h2\"><span style=\"font-size: 16px;\">VISIA Facial Imaging Booth<\/span><\/h3><div class=\"tech-block\"><ul><li>Automatic focus<\/li><li>Automated white balance correction<\/li><li>Capture module positions: Left 33\u00b0, Center 0\u00b0, Right 33\u00b0<\/li><li>Headrest: Adjustable vertically three positions<\/li><li>Chinrest Height: 8.8 in (22.3 cm) from table<\/li><li>Headrest Height: 16 in (40.6 cm) from table<\/li><li>Multi-spectral Imaging<ul><li>Standard light IntelliFlash<\/li><li>Cross Polarized flash<\/li><li>Ultraviolet lighting<\/li><\/ul><\/li><\/ul><\/div><div class=\"tech-block\"><h5 class=\"h5\">VISIA Facial Imaging Booth - Size &amp; Weight<\/h5><ul><li>Centered: 13 x 14.2 x 20.9 in (32.9 x 36 x 53.1 cm)<\/li><li>Total footprint with 3 position swing: 15 x 22.9 x 20.9 in (38.1 x 58.2 x 53.1 cm)<\/li><li>Weight: 31 lbs. (14 kg)<\/li><\/ul><\/div><div class=\"tech-block\"><h5 class=\"h5\">Power<\/h5><ul><li>Voltage: 100 to 240 Volts AC (+\/- 10%)<\/li><li>Frequency: 50\/60 Hz (+\/- 3 Hz)<\/li><li>Current: 3 A (rms)<\/li><\/ul><\/div><\/div><div class=\"uk-width-1-2\"><h3 class=\"h2\">Requirements<\/h3><div class=\"tech-block\"><h5 class=\"h5\">Workstation<\/h5><ul><li>16 GB RAM<\/li><li>2.2 GHz or faster processor, Intel i5<\/li><li>Minimum 10 GB available disk space for installing application<\/li><li>250 GB available disk space recommended for data<\/li><li>Monitor: 1280 x 900 (4K monitors supported at maximum 150% magnification)<\/li><li>USB Ports: 2 dedicated ports (USB 2.0)<\/li><li>1 Gbps wired LAN connectivity (Wi-Fi not supported)<\/li><li>Windows 10 or 11 (Professional 64 Bit) - Recommended<\/li><li>Windows Home Edition &amp; Windows VISTA \u2013 NOT SUPPORTED<\/li><li>Internet Explorer 11<\/li><\/ul><\/div><div class=\"tech-block\"><h5 class=\"h5\">VISIA iPad App<\/h5><ul><li>Minimum support of 802.11n or later protocol by the intra-office Wi-Fi router<\/li><li>Requires iPad capable of running the current version of iOS<\/li><\/ul><\/div><div class=\"tech-block\"><h5 class=\"h5\">SQL Server<\/h5><ul><li>Windows Server 2016 64-bit and 2019 64-bit<\/li><li>Microsoft SQL Server 2017 and 2019 (Express edition is installed by default)<\/li><li>2 GHz or faster processor, Intel i5<\/li><li>16 GB RAM (or higher)<\/li><li>1 Gbps wired LAN connectivity (Wi-Fi not supported)<\/li><li>300 GB HD, 7200 rpm minimum<\/li><li>RAID 1 - NOT SUPPORTED<\/li><li>Space required dependent upon patient volume and camera used\/settings<\/li><li>Regularly scheduled backups are highly recommended<\/li><\/ul><\/div><div class=\"tech-block\"><h5 class=\"h5\">Notes<\/h5><ul><li>Users must be logged on with local administrator privileges.<\/li><li>Serial Numbers below 947249 are no longer supported. Contact Canfield for trade in \/ upgrade options.<\/li><li>The serial number is located next to the USB port on the rear panel.<\/li><li>We do not support using a server class OS as a workstation.<\/li><li>WAN Connectivity is NOT supported.<\/li><\/ul><\/div><\/div>                        <\/div>\r\n\r\n\t\t\t\t\t<\/div>\r\n\r\n\t\t\t\t\r\n\r\n\r\n\t\t\t\r\n\r\n\t\t<\/div>\r\n\r\n\r\n\t\t\t<\/div>\n\t\t\t\t<\/div>\n\t\t\t\t\t<\/div>\n\t\t<\/div>\n\t\t\t\t\t\t\t<\/div>\n\t\t<\/section>\n\t\t\t\t<section class=\"elementor-section elementor-top-section elementor-element elementor-element-75f5984 elementor-section-boxed elementor-section-height-default elementor-section-height-default\" data-id=\"75f5984\" data-element_type=\"section\">\n\t\t\t\t\t\t<div class=\"elementor-container elementor-column-gap-default\">\n\t\t\t\t\t<div class=\"elementor-column elementor-col-100 elementor-top-column elementor-element elementor-element-9b5e9ce\" data-id=\"9b5e9ce\" data-element_type=\"column\">\n\t\t\t<div class=\"elementor-widget-wrap elementor-element-populated\">\n\t\t\t\t\t\t\t\t<div class=\"elementor-element elementor-element-c02785f elementor-widget elementor-widget-heading\" data-id=\"c02785f\" data-element_type=\"widget\" data-widget_type=\"heading.default\">\n\t\t\t\t<div class=\"elementor-widget-container\">\n\t\t\t<h2 class=\"elementor-heading-title elementor-size-default\">Preguntas frecuentes<\/h2>\t\t<\/div>\n\t\t\t\t<\/div>\n\t\t\t\t<section class=\"elementor-section elementor-inner-section elementor-element elementor-element-74e520a elementor-section-boxed elementor-section-height-default elementor-section-height-default\" data-id=\"74e520a\" data-element_type=\"section\">\n\t\t\t\t\t\t<div class=\"elementor-container elementor-column-gap-default\">\n\t\t\t\t\t<div class=\"elementor-column elementor-col-50 elementor-inner-column elementor-element elementor-element-8e1de7d\" data-id=\"8e1de7d\" data-element_type=\"column\">\n\t\t\t<div class=\"elementor-widget-wrap elementor-element-populated\">\n\t\t\t\t\t\t\t\t<div class=\"elementor-element elementor-element-fb6f007 elementor-widget elementor-widget-image\" data-id=\"fb6f007\" data-element_type=\"widget\" data-widget_type=\"image.default\">\n\t\t\t\t<div class=\"elementor-widget-container\">\n\t\t\t\t\t\t\t\t\t\t\t\t\t\t\t<img decoding=\"async\" width=\"300\" height=\"350\" src=\"https:\/\/zazilha.com\/wp-content\/uploads\/2023\/11\/card-spots.jpg\" class=\"attachment-full size-full wp-image-6542\" alt=\"\" srcset=\"https:\/\/zazilha.com\/wp-content\/uploads\/2023\/11\/card-spots.jpg 300w, https:\/\/zazilha.com\/wp-content\/uploads\/2023\/11\/card-spots-257x300.jpg 257w, https:\/\/zazilha.com\/wp-content\/uploads\/2023\/11\/card-spots-120x140.jpg 120w\" sizes=\"(max-width: 300px) 100vw, 300px\" \/>\t\t\t\t\t\t\t\t\t\t\t\t\t\t\t<\/div>\n\t\t\t\t<\/div>\n\t\t\t\t\t<\/div>\n\t\t<\/div>\n\t\t\t\t<div class=\"elementor-column elementor-col-50 elementor-inner-column elementor-element elementor-element-23823a6\" data-id=\"23823a6\" data-element_type=\"column\">\n\t\t\t<div class=\"elementor-widget-wrap elementor-element-populated\">\n\t\t\t\t\t\t\t\t<div class=\"elementor-element elementor-element-c22c8b8 elementor-widget elementor-widget-text-editor\" data-id=\"c22c8b8\" data-element_type=\"widget\" data-widget_type=\"text-editor.default\">\n\t\t\t\t<div class=\"elementor-widget-container\">\n\t\t\t\t\t\t\t<p><b>1.- \u00bfQu\u00e9 factores influyen en los resultados de la sesi\u00f3n de imagen?<\/b><\/p>\n<p>Varios factores contribuyen a las puntuaciones reales generadas por los algoritmos de an\u00e1lisis de la tez de VISIA, entre ellos el estado de la piel (limpia frente a reci\u00e9n maquillada, maquillaje viejo, hora del d\u00eda), el registro de la cabeza dentro de la cabina, la expresi\u00f3n facial (en particular para las arrugas), el pelo suelto, las zonas de reflejos resultantes de la piel grasa, etc. Tenga en cuenta que las puntuaciones percentiles se generaron para sujetos con la piel limpia antes de la sesi\u00f3n de obtenci\u00f3n de im\u00e1genes, por lo que los resultados pueden variar si NO se elimina el maquillaje antes de la sesi\u00f3n VISIA del paciente.<\/p>\n<\/p>\n<p><b>2.- \u00bfLos ojos del paciente deben estar abiertos o cerrados cuando se toma la fotograf\u00eda?<\/b><\/p>\n<p>Se recomienda encarecidamente cerrar los ojos para las fotos UV, dada la intensidad de los destellos UV. Para las fotos est\u00e1ndar, los ojos pueden estar abiertos o cerrados, aunque las im\u00e1genes m\u00e1s est\u00e9ticas se consiguen con los ojos abiertos. Como la m\u00e1scara se crea utilizando la foto est\u00e1ndar (en la que los ojos del paciente suelen estar abiertos), no hay que preocuparse de que las pesta\u00f1as se incluyan inadvertidamente en el an\u00e1lisis UV, aunque los ojos del paciente est\u00e9n cerrados.<\/p><\/p>\n\t\t\t\t\t\t<\/div>\n\t\t\t\t<\/div>\n\t\t\t\t\t<\/div>\n\t\t<\/div>\n\t\t\t\t\t\t\t<\/div>\n\t\t<\/section>\n\t\t\t\t\t<\/div>\n\t\t<\/div>\n\t\t\t\t\t\t\t<\/div>\n\t\t<\/section>\n\t\t\t\t<section class=\"elementor-section elementor-top-section elementor-element elementor-element-ce3bec5 elementor-section-full_width elementor-section-height-default elementor-section-height-default\" data-id=\"ce3bec5\" data-element_type=\"section\" data-settings=\"{&quot;background_background&quot;:&quot;classic&quot;}\">\n\t\t\t\t\t\t<div class=\"elementor-container elementor-column-gap-default\">\n\t\t\t\t\t<div class=\"elementor-column elementor-col-100 elementor-top-column elementor-element elementor-element-b6288f3\" data-id=\"b6288f3\" data-element_type=\"column\">\n\t\t\t<div class=\"elementor-widget-wrap elementor-element-populated\">\n\t\t\t\t\t\t\t\t<div class=\"elementor-element elementor-element-b8c2b88 elementor-widget elementor-widget-heading\" data-id=\"b8c2b88\" data-element_type=\"widget\" data-widget_type=\"heading.default\">\n\t\t\t\t<div class=\"elementor-widget-container\">\n\t\t\t<h2 class=\"elementor-heading-title elementor-size-default\">Palabras de nuestros clientes satisfechos<\/h2>\t\t<\/div>\n\t\t\t\t<\/div>\n\t\t\t\t<div class=\"elementor-element elementor-element-53b99a5 elementor-widget elementor-widget-art-testimonials\" data-id=\"53b99a5\" data-element_type=\"widget\" data-widget_type=\"art-testimonials.default\">\n\t\t\t\t<div class=\"elementor-widget-container\">\n\t\t\t\r\n\r\n\t\t<div class=\"art-testimonial-wrapper\">\r\n\r\n\t\t\t\r\n\t\t\t<div class=\"swiper-container-testimonial-info\">\r\n\t\t\t\t<div class=\"swiper-wrapper \">\r\n\r\n\t\t\t\t\t\t\t\t\t\t\t<div class=\"swiper-slide testimonial-item\">\r\n\t\t\t\t\t\t\t<div class=\"art-testimonial-data art-h5\"><p><span class=\"NormalTextRun SCXW72035943 BCX8\">\"The service was spectacular! <\/span><span class=\"NormalTextRun SCXW72035943 BCX8\">Love the staff, they solve all my questions so I would be rela<\/span><span class=\"NormalTextRun SCXW72035943 BCX8\">xed.\"<\/span><\/p><\/div>\r\n\t\t\t\t\t\t\t<div class=\"art-testimonial-name art-body-three-font\">Olivia Rodriguez<\/div>\r\n\t\t\t\t\t\t<\/div>\r\n\t\t\t\t\t\t\t\t\t\t\t<div class=\"swiper-slide testimonial-item\">\r\n\t\t\t\t\t\t\t<div class=\"art-testimonial-data art-h5\"><p><span class=\"TextRun SCXW143837295 BCX8\" lang=\"EN-US\" xml:lang=\"EN-US\" data-contrast=\"auto\"><span class=\"NormalTextRun SCXW143837295 BCX8\">\u201cI absolutely love it! I\u2019ve tried other places before but do not see any progress<\/span><span class=\"NormalTextRun SCXW143837295 BCX8\">, this time is different. You need to try it!\u201d\u00a0<\/span><\/span><\/p><\/div>\r\n\t\t\t\t\t\t\t<div class=\"art-testimonial-name art-body-three-font\">Carla Barbarena<\/div>\r\n\t\t\t\t\t\t<\/div>\r\n\t\t\t\t\t\t\t\t\t\t\t<div class=\"swiper-slide testimonial-item\">\r\n\t\t\t\t\t\t\t<div class=\"art-testimonial-data art-h5\"><p><span class=\"TextRun SCXW143837295 BCX8\" lang=\"EN-US\" xml:lang=\"EN-US\" data-contrast=\"auto\"><span class=\"NormalTextRun SCXW143837295 BCX8\">\u201c<span class=\"NormalTextRun SCXW174572377 BCX8\">I stayed at the hotel where the Spa is located<\/span><span class=\"NormalTextRun SCXW174572377 BCX8\">, this is the best idea ever! I relaxed at my <\/span><span class=\"NormalTextRun SCXW174572377 BCX8\">vacations<\/span><span class=\"NormalTextRun SCXW174572377 BCX8\"> and continued my laser treatment.<\/span><\/span><span class=\"NormalTextRun SCXW143837295 BCX8\">\u201d\u00a0<\/span><\/span><\/p><\/div>\r\n\t\t\t\t\t\t\t<div class=\"art-testimonial-name art-body-three-font\">Sally Walden<\/div>\r\n\t\t\t\t\t\t<\/div>\r\n\t\t\t\t\t\r\n\t\t\t\t<\/div>\r\n\r\n\t\t\t\t<!-- Add Arrows -->\r\n\t\t\t\t<div class=\"swiper-button-prev \"><\/div>\r\n\t\t\t\t<div class=\"swiper-button-next \"><\/div>\r\n\r\n\t\t\t<\/div>\r\n\r\n\t\t<\/div>\r\n\r\n\r\n\t\t\t\t<\/div>\n\t\t\t\t<\/div>\n\t\t\t\t\t<\/div>\n\t\t<\/div>\n\t\t\t\t\t\t\t<\/div>\n\t\t<\/section>\n\t\t\t\t\t\t\t<\/div>\n\t\t","protected":false},"excerpt":{"rendered":"<p>El sistema de posicionamiento multipunto de VISIA y la superposici\u00f3n de im\u00e1genes en directo facilitan la captura de im\u00e1genes perfectamente registradas para documentar el progreso a lo largo del tiempo. El m\u00f3dulo de captura giratorio captura f\u00e1cilmente las vistas faciales izquierda, derecha y frontal. An\u00e1lisis facial \u00bfC\u00f3mo funciona? Para registrar y medir las condiciones de [&hellip;]<\/p>\n","protected":false},"author":1,"featured_media":7170,"parent":7192,"menu_order":0,"comment_status":"closed","ping_status":"closed","template":"elementor_header_footer","meta":{"inline_featured_image":false,"footnotes":""},"class_list":["post-7395","page","type-page","status-publish","has-post-thumbnail","hentry"],"acf":[],"_links":{"self":[{"href":"https:\/\/zazilha.com\/es\/wp-json\/wp\/v2\/pages\/7395","targetHints":{"allow":["GET"]}}],"collection":[{"href":"https:\/\/zazilha.com\/es\/wp-json\/wp\/v2\/pages"}],"about":[{"href":"https:\/\/zazilha.com\/es\/wp-json\/wp\/v2\/types\/page"}],"author":[{"embeddable":true,"href":"https:\/\/zazilha.com\/es\/wp-json\/wp\/v2\/users\/1"}],"replies":[{"embeddable":true,"href":"https:\/\/zazilha.com\/es\/wp-json\/wp\/v2\/comments?post=7395"}],"version-history":[{"count":8,"href":"https:\/\/zazilha.com\/es\/wp-json\/wp\/v2\/pages\/7395\/revisions"}],"predecessor-version":[{"id":7553,"href":"https:\/\/zazilha.com\/es\/wp-json\/wp\/v2\/pages\/7395\/revisions\/7553"}],"up":[{"embeddable":true,"href":"https:\/\/zazilha.com\/es\/wp-json\/wp\/v2\/pages\/7192"}],"wp:featuredmedia":[{"embeddable":true,"href":"https:\/\/zazilha.com\/es\/wp-json\/wp\/v2\/media\/7170"}],"wp:attachment":[{"href":"https:\/\/zazilha.com\/es\/wp-json\/wp\/v2\/media?parent=7395"}],"curies":[{"name":"wp","href":"https:\/\/api.w.org\/{rel}","templated":true}]}}