{"id":7399,"date":"2023-12-02T17:11:27","date_gmt":"2023-12-02T22:11:27","guid":{"rendered":"https:\/\/zazilha.com\/servicios\/venas-de-las-piernas-aranas-vasculares\/"},"modified":"2023-12-14T15:14:17","modified_gmt":"2023-12-14T20:14:17","slug":"aranas-vasculares","status":"publish","type":"page","link":"https:\/\/zazilha.com\/es\/servicios-de-spa\/aranas-vasculares\/","title":{"rendered":"Venas de las piernas: ara\u00f1as vasculares"},"content":{"rendered":"\t\t<div data-elementor-type=\"wp-page\" data-elementor-id=\"7399\" class=\"elementor elementor-7399 elementor-6774\" data-elementor-post-type=\"page\">\n\t\t\t\t\t\t\t\t\t<section class=\"elementor-section elementor-top-section elementor-element elementor-element-76f2d36 elementor-section-full_width elementor-section-height-default elementor-section-height-default\" data-id=\"76f2d36\" data-element_type=\"section\">\n\t\t\t\t\t\t<div class=\"elementor-container elementor-column-gap-default\">\n\t\t\t\t\t<div class=\"elementor-column elementor-col-100 elementor-top-column elementor-element elementor-element-da7f186\" data-id=\"da7f186\" data-element_type=\"column\">\n\t\t\t<div class=\"elementor-widget-wrap elementor-element-populated\">\n\t\t\t\t\t\t\t\t<div class=\"elementor-element elementor-element-2c04f70 elementor-widget elementor-widget-art-ordinary-page-header\" data-id=\"2c04f70\" data-element_type=\"widget\" data-widget_type=\"art-ordinary-page-header.default\">\n\t\t\t\t<div class=\"elementor-widget-container\">\n\t\t\t\r\n\t\t<div class=\"art-ordinary-page-header\" style=\"background-image:url(https:\/\/zazilha.com\/wp-content\/uploads\/2022\/09\/Lv4n73uzXxg.jpg)\">\r\n\r\n\t\t\t<div class=\"container\">\r\n\r\n\t\t\t\t<div class=\"art-ordinary-page-data\" style=\"text-align:center\">\r\n\r\n\t\t\t\t\t<h1 class=\"art-page-header-title\">Venas de las piernas: ara\u00f1as vasculares<\/h1>\r\n\r\n                    \r\n\t\t\t\t<\/div>\r\n\r\n\t\t\t<\/div>\r\n\r\n\t\t<\/div>\r\n\r\n\t\t\t\t<\/div>\n\t\t\t\t<\/div>\n\t\t\t\t\t<\/div>\n\t\t<\/div>\n\t\t\t\t\t\t\t<\/div>\n\t\t<\/section>\n\t\t\t\t<section class=\"elementor-section elementor-top-section elementor-element elementor-element-205bb12 elementor-section-boxed elementor-section-height-default elementor-section-height-default\" data-id=\"205bb12\" data-element_type=\"section\">\n\t\t\t\t\t\t<div class=\"elementor-container elementor-column-gap-default\">\n\t\t\t\t\t<div class=\"elementor-column elementor-col-100 elementor-top-column elementor-element elementor-element-9a7613e\" data-id=\"9a7613e\" data-element_type=\"column\">\n\t\t\t<div class=\"elementor-widget-wrap elementor-element-populated\">\n\t\t\t\t\t\t\t\t<div class=\"elementor-element elementor-element-e69446b elementor-widget elementor-widget-text-editor\" data-id=\"e69446b\" data-element_type=\"widget\" data-widget_type=\"text-editor.default\">\n\t\t\t\t<div class=\"elementor-widget-container\">\n\t\t\t<style>\/*! elementor - v3.18.0 - 20-12-2023 *\/\n.elementor-widget-text-editor.elementor-drop-cap-view-stacked .elementor-drop-cap{background-color:#69727d;color:#fff}.elementor-widget-text-editor.elementor-drop-cap-view-framed .elementor-drop-cap{color:#69727d;border:3px solid;background-color:transparent}.elementor-widget-text-editor:not(.elementor-drop-cap-view-default) .elementor-drop-cap{margin-top:8px}.elementor-widget-text-editor:not(.elementor-drop-cap-view-default) .elementor-drop-cap-letter{width:1em;height:1em}.elementor-widget-text-editor .elementor-drop-cap{float:left;text-align:center;line-height:1;font-size:50px}.elementor-widget-text-editor .elementor-drop-cap-letter{display:inline-block}<\/style>\t\t\t\t<p>Los tratamientos con l\u00e1ser para las ara\u00f1as vasculares son procedimientos r\u00e1pidos y no invasivos en los que se utiliza energ\u00eda l\u00e1ser para calentar y cerrar las venas da\u00f1adas. El proceso implica longitudes de onda y duraciones de pulso espec\u00edficas para garantizar el control de la profundidad sin da\u00f1ar la piel circundante ni el tejido interno. Es especialmente eficaz para las ara\u00f1as vasculares superficiales, ya que rompe los vasos sangu\u00edneos y provoca su contracci\u00f3n, tras lo cual el organismo absorbe estas venas.<\/p>\n\t\t\t\t\t\t<\/div>\n\t\t\t\t<\/div>\n\t\t\t\t\t<\/div>\n\t\t<\/div>\n\t\t\t\t\t\t\t<\/div>\n\t\t<\/section>\n\t\t\t\t<section class=\"elementor-section elementor-top-section elementor-element elementor-element-c611fea elementor-section-boxed elementor-section-height-default elementor-section-height-default\" data-id=\"c611fea\" data-element_type=\"section\">\n\t\t\t\t\t\t<div class=\"elementor-container elementor-column-gap-default\">\n\t\t\t\t\t<div class=\"elementor-column elementor-col-50 elementor-top-column elementor-element elementor-element-69bfafb\" data-id=\"69bfafb\" data-element_type=\"column\">\n\t\t\t<div class=\"elementor-widget-wrap elementor-element-populated\">\n\t\t\t\t\t\t\t\t<div class=\"elementor-element elementor-element-7f1da96 elementor-widget elementor-widget-text-editor\" data-id=\"7f1da96\" data-element_type=\"widget\" data-widget_type=\"text-editor.default\">\n\t\t\t\t<div class=\"elementor-widget-container\">\n\t\t\t\t\t\t\t<h3><strong>\u00bfC\u00f3mo funciona? <\/strong><\/h3>\n<p>Durante el tratamiento, puede notarse una ligera sensaci\u00f3n cuando el l\u00e1ser se activa sobre la piel. Tras el tratamiento, es habitual que se produzca enrojecimiento, hinchaz\u00f3n o inflamaci\u00f3n, pero suelen remitir r\u00e1pidamente. Se aconseja a los pacientes que eviten el maquillaje o las lociones en la zona tratada durante 24 horas, que se apliquen crema hidratante dos veces al d\u00eda y que protejan la zona de la exposici\u00f3n al sol durante al menos tres semanas para evitar complicaciones.<\/p>\n<\/p>\n<h4>Posibles riesgos del tratamiento de venas varicosas con l\u00e1ser<\/h4>\n\t\t\t\t\t\t<\/div>\n\t\t\t\t<\/div>\n\t\t\t\t<section class=\"elementor-section elementor-inner-section elementor-element elementor-element-14c5e8c elementor-section-full_width elementor-section-height-default elementor-section-height-default\" data-id=\"14c5e8c\" data-element_type=\"section\">\n\t\t\t\t\t\t<div class=\"elementor-container elementor-column-gap-default\">\n\t\t\t\t\t<div class=\"elementor-column elementor-col-50 elementor-inner-column elementor-element elementor-element-c3c4349\" data-id=\"c3c4349\" data-element_type=\"column\">\n\t\t\t<div class=\"elementor-widget-wrap elementor-element-populated\">\n\t\t\t\t\t\t\t\t<div class=\"elementor-element elementor-element-b7207cc elementor-widget elementor-widget-text-editor\" data-id=\"b7207cc\" data-element_type=\"widget\" data-widget_type=\"text-editor.default\">\n\t\t\t\t<div class=\"elementor-widget-container\">\n\t\t\t\t\t\t\t<ul>\n<li>Dolor e hinchaz\u00f3n<\/li>\n<li>Manchas oscuras y decoloraci\u00f3n de la piel<\/li>\n<li>Hiperpigmentaci\u00f3n<\/li>\n<li>Sangrado<\/li>\n<\/ul>\n\t\t\t\t\t\t<\/div>\n\t\t\t\t<\/div>\n\t\t\t\t\t<\/div>\n\t\t<\/div>\n\t\t\t\t<div class=\"elementor-column elementor-col-50 elementor-inner-column elementor-element elementor-element-1c4e92d\" data-id=\"1c4e92d\" data-element_type=\"column\">\n\t\t\t<div class=\"elementor-widget-wrap elementor-element-populated\">\n\t\t\t\t\t\t\t\t<div class=\"elementor-element elementor-element-80676a5 elementor-widget elementor-widget-text-editor\" data-id=\"80676a5\" data-element_type=\"widget\" data-widget_type=\"text-editor.default\">\n\t\t\t\t<div class=\"elementor-widget-container\">\n\t\t\t\t\t\t\t<ul>\n<li>Infecci\u00f3n<\/li>\n<li>Costras<\/li>\n<li>Cicatrizaci\u00f3n<\/li>\n<li>Ulceraci\u00f3n<\/li>\n<\/ul>\n\t\t\t\t\t\t<\/div>\n\t\t\t\t<\/div>\n\t\t\t\t\t<\/div>\n\t\t<\/div>\n\t\t\t\t\t\t\t<\/div>\n\t\t<\/section>\n\t\t\t\t<section class=\"elementor-section elementor-inner-section elementor-element elementor-element-85ce063 elementor-section-boxed elementor-section-height-default elementor-section-height-default\" data-id=\"85ce063\" data-element_type=\"section\">\n\t\t\t\t\t\t<div class=\"elementor-container elementor-column-gap-default\">\n\t\t\t\t\t<div class=\"elementor-column elementor-col-100 elementor-inner-column elementor-element elementor-element-cb78e68\" data-id=\"cb78e68\" data-element_type=\"column\">\n\t\t\t<div class=\"elementor-widget-wrap elementor-element-populated\">\n\t\t\t\t\t\t\t\t<div class=\"elementor-element elementor-element-41e5812 elementor-align-center elementor-widget elementor-widget-button\" data-id=\"41e5812\" data-element_type=\"widget\" data-widget_type=\"button.default\">\n\t\t\t\t<div class=\"elementor-widget-container\">\n\t\t\t\t\t<div class=\"elementor-button-wrapper\">\n\t\t\t<a class=\"elementor-button elementor-button-link elementor-size-sm\" href=\"https:\/\/zazilha.com\/es\/contacto\/\">\n\t\t\t\t\t\t<span class=\"elementor-button-content-wrapper\">\n\t\t\t\t\t\t<span class=\"elementor-button-text\">ENVIAR MENSAJE<\/span>\n\t\t<\/span>\n\t\t\t\t\t<\/a>\n\t\t<\/div>\n\t\t\t\t<\/div>\n\t\t\t\t<\/div>\n\t\t\t\t\t<\/div>\n\t\t<\/div>\n\t\t\t\t\t\t\t<\/div>\n\t\t<\/section>\n\t\t\t\t\t<\/div>\n\t\t<\/div>\n\t\t\t\t<div class=\"elementor-column elementor-col-50 elementor-top-column elementor-element elementor-element-854daa1\" data-id=\"854daa1\" data-element_type=\"column\">\n\t\t\t<div class=\"elementor-widget-wrap elementor-element-populated\">\n\t\t\t\t\t\t\t\t<section class=\"elementor-section elementor-inner-section elementor-element elementor-element-5302132 elementor-hidden-tablet elementor-section-boxed elementor-section-height-default elementor-section-height-default\" data-id=\"5302132\" data-element_type=\"section\">\n\t\t\t\t\t\t<div class=\"elementor-container elementor-column-gap-default\">\n\t\t\t\t\t<div class=\"elementor-column elementor-col-100 elementor-inner-column elementor-element elementor-element-ddc6421\" data-id=\"ddc6421\" data-element_type=\"column\">\n\t\t\t<div class=\"elementor-widget-wrap elementor-element-populated\">\n\t\t\t\t\t\t\t\t<div class=\"elementor-element elementor-element-00a54f1 elementor-widget elementor-widget-image\" data-id=\"00a54f1\" data-element_type=\"widget\" data-widget_type=\"image.default\">\n\t\t\t\t<div class=\"elementor-widget-container\">\n\t\t\t<style>\/*! elementor - v3.18.0 - 20-12-2023 *\/\n.elementor-widget-image{text-align:center}.elementor-widget-image a{display:inline-block}.elementor-widget-image a img[src$=\".svg\"]{width:48px}.elementor-widget-image img{vertical-align:middle;display:inline-block}<\/style>\t\t\t\t\t\t\t\t\t\t\t\t<img fetchpriority=\"high\" decoding=\"async\" width=\"600\" height=\"400\" src=\"https:\/\/zazilha.com\/wp-content\/uploads\/2023\/12\/person-with-spider-veins.jpg\" class=\"attachment-large size-large wp-image-6776\" alt=\"Spider Veins\" srcset=\"https:\/\/zazilha.com\/wp-content\/uploads\/2023\/12\/person-with-spider-veins.jpg 600w, https:\/\/zazilha.com\/wp-content\/uploads\/2023\/12\/person-with-spider-veins-300x200.jpg 300w, https:\/\/zazilha.com\/wp-content\/uploads\/2023\/12\/person-with-spider-veins-120x80.jpg 120w\" sizes=\"(max-width: 600px) 100vw, 600px\" \/>\t\t\t\t\t\t\t\t\t\t\t\t\t\t\t<\/div>\n\t\t\t\t<\/div>\n\t\t\t\t\t<\/div>\n\t\t<\/div>\n\t\t\t\t\t\t\t<\/div>\n\t\t<\/section>\n\t\t\t\t\t<\/div>\n\t\t<\/div>\n\t\t\t\t\t\t\t<\/div>\n\t\t<\/section>\n\t\t\t\t<section class=\"elementor-section elementor-top-section elementor-element elementor-element-36d08c7 elementor-section-boxed elementor-section-height-default elementor-section-height-default\" data-id=\"36d08c7\" data-element_type=\"section\">\n\t\t\t\t\t\t<div class=\"elementor-container elementor-column-gap-default\">\n\t\t\t\t\t<div class=\"elementor-column elementor-col-100 elementor-top-column elementor-element elementor-element-106b8b9\" data-id=\"106b8b9\" data-element_type=\"column\">\n\t\t\t<div class=\"elementor-widget-wrap elementor-element-populated\">\n\t\t\t\t\t\t\t\t<div class=\"elementor-element elementor-element-6c3f4a9 elementor-widget elementor-widget-heading\" data-id=\"6c3f4a9\" data-element_type=\"widget\" data-widget_type=\"heading.default\">\n\t\t\t\t<div class=\"elementor-widget-container\">\n\t\t\t<style>\/*! elementor - v3.18.0 - 20-12-2023 *\/\n.elementor-heading-title{padding:0;margin:0;line-height:1}.elementor-widget-heading .elementor-heading-title[class*=elementor-size-]>a{color:inherit;font-size:inherit;line-height:inherit}.elementor-widget-heading .elementor-heading-title.elementor-size-small{font-size:15px}.elementor-widget-heading .elementor-heading-title.elementor-size-medium{font-size:19px}.elementor-widget-heading .elementor-heading-title.elementor-size-large{font-size:29px}.elementor-widget-heading .elementor-heading-title.elementor-size-xl{font-size:39px}.elementor-widget-heading .elementor-heading-title.elementor-size-xxl{font-size:59px}<\/style><h2 class=\"elementor-heading-title elementor-size-default\">Preguntas frecuentes<\/h2>\t\t<\/div>\n\t\t\t\t<\/div>\n\t\t\t\t<section class=\"elementor-section elementor-inner-section elementor-element elementor-element-8d58f8d elementor-section-boxed elementor-section-height-default elementor-section-height-default\" data-id=\"8d58f8d\" data-element_type=\"section\">\n\t\t\t\t\t\t<div class=\"elementor-container elementor-column-gap-default\">\n\t\t\t\t\t<div class=\"elementor-column elementor-col-50 elementor-inner-column elementor-element elementor-element-4ec1f8b\" data-id=\"4ec1f8b\" data-element_type=\"column\">\n\t\t\t<div class=\"elementor-widget-wrap\">\n\t\t\t\t\t\t\t\t\t<\/div>\n\t\t<\/div>\n\t\t\t\t<div class=\"elementor-column elementor-col-50 elementor-inner-column elementor-element elementor-element-97e7c08\" data-id=\"97e7c08\" data-element_type=\"column\">\n\t\t\t<div class=\"elementor-widget-wrap elementor-element-populated\">\n\t\t\t\t\t\t\t\t<div class=\"elementor-element elementor-element-b1a8108 elementor-widget elementor-widget-text-editor\" data-id=\"b1a8108\" data-element_type=\"widget\" data-widget_type=\"text-editor.default\">\n\t\t\t\t<div class=\"elementor-widget-container\">\n\t\t\t\t\t\t\t<p><strong>1.- \u00bfQui\u00e9n es un buen candidato para los tratamientos venosos con l\u00e1ser?<\/strong><\/p>\n<p>Los candidatos ideales son quienes temen las agujas, no han tenido \u00e9xito con la escleroterapia o tienen venas demasiado peque\u00f1as para las inyecciones. No es adecuado para embarazadas, personas que toman ciertos medicamentos o con tipos de piel incompatibles.<\/p>\n<p><strong>2.- \u00bfQu\u00e9 se siente durante el tratamiento con l\u00e1ser?<\/strong><\/p>\n<p>Los pacientes suelen sentir una sensaci\u00f3n leve similar a un pellizco o chasquido durante la activaci\u00f3n del l\u00e1ser, pero en general se tolera bien.<\/p>\n<p><strong>3.- \u00bfCu\u00e1les son los cuidados posteriores al tratamiento de las venas varicosas con l\u00e1ser?<\/strong><\/p>\n<p>Evite el maquillaje o las lociones en la zona tratada durante 24 horas, aplique crema hidratante dos veces al d\u00eda y proteja la zona de la exposici\u00f3n al sol durante al menos tres semanas despu\u00e9s del tratamiento.<\/p>\n\t\t\t\t\t\t<\/div>\n\t\t\t\t<\/div>\n\t\t\t\t\t<\/div>\n\t\t<\/div>\n\t\t\t\t\t\t\t<\/div>\n\t\t<\/section>\n\t\t\t\t\t<\/div>\n\t\t<\/div>\n\t\t\t\t\t\t\t<\/div>\n\t\t<\/section>\n\t\t\t\t<section class=\"elementor-section elementor-top-section elementor-element elementor-element-c2f578e elementor-section-full_width elementor-section-height-default elementor-section-height-default\" data-id=\"c2f578e\" data-element_type=\"section\" data-settings=\"{&quot;background_background&quot;:&quot;classic&quot;}\">\n\t\t\t\t\t\t<div class=\"elementor-container elementor-column-gap-default\">\n\t\t\t\t\t<div class=\"elementor-column elementor-col-100 elementor-top-column elementor-element elementor-element-84d987f\" data-id=\"84d987f\" data-element_type=\"column\">\n\t\t\t<div class=\"elementor-widget-wrap elementor-element-populated\">\n\t\t\t\t\t\t\t\t<div class=\"elementor-element elementor-element-398cf94 elementor-widget elementor-widget-heading\" data-id=\"398cf94\" data-element_type=\"widget\" data-widget_type=\"heading.default\">\n\t\t\t\t<div class=\"elementor-widget-container\">\n\t\t\t<h2 class=\"elementor-heading-title elementor-size-default\">Palabras de nuestros clientes satisfechos<\/h2>\t\t<\/div>\n\t\t\t\t<\/div>\n\t\t\t\t<div class=\"elementor-element elementor-element-d3e6952 elementor-widget elementor-widget-art-testimonials\" data-id=\"d3e6952\" data-element_type=\"widget\" data-widget_type=\"art-testimonials.default\">\n\t\t\t\t<div class=\"elementor-widget-container\">\n\t\t\t\r\n\r\n\t\t<div class=\"art-testimonial-wrapper\">\r\n\r\n\t\t\t\r\n\t\t\t<div class=\"swiper-container-testimonial-info\">\r\n\t\t\t\t<div class=\"swiper-wrapper \">\r\n\r\n\t\t\t\t\t\t\t\t\t\t\t<div class=\"swiper-slide testimonial-item\">\r\n\t\t\t\t\t\t\t<div class=\"art-testimonial-data art-h5\"><p><span class=\"TextRun SCXW1188271 BCX8\" lang=\"EN-US\" xml:lang=\"EN-US\" data-contrast=\"auto\"><span class=\"NormalTextRun SCXW1188271 BCX8\">\u201c<span class=\"TextRun SCXW138250900 BCX8\" lang=\"EN-US\" xml:lang=\"EN-US\" data-contrast=\"none\"><span class=\"NormalTextRun SCXW138250900 BCX8\">Got my #summerbody just in time!<\/span><\/span>\u201d<\/span><\/span><span class=\"EOP SCXW1188271 BCX8\" data-ccp-props=\"{&quot;134233117&quot;:false,&quot;134233118&quot;:false,&quot;201341983&quot;:0,&quot;335551550&quot;:1,&quot;335551620&quot;:1,&quot;335559737&quot;:0,&quot;335559738&quot;:0,&quot;335559739&quot;:160,&quot;335559740&quot;:259}\">\u00a0<\/span><\/p><\/div>\r\n\t\t\t\t\t\t\t<div class=\"art-testimonial-name art-body-three-font\">Ella Herondale<\/div>\r\n\t\t\t\t\t\t<\/div>\r\n\t\t\t\t\t\t\t\t\t\t\t<div class=\"swiper-slide testimonial-item\">\r\n\t\t\t\t\t\t\t<div class=\"art-testimonial-data art-h5\"><p><span class=\"TextRun SCXW1188271 BCX8\" lang=\"EN-US\" xml:lang=\"EN-US\" data-contrast=\"auto\"><span class=\"NormalTextRun SCXW1188271 BCX8\">\u201cThis is the last step I need for my transformation process. Never felt better!\u201d<\/span><\/span><span class=\"EOP SCXW1188271 BCX8\" data-ccp-props=\"{&quot;134233117&quot;:false,&quot;134233118&quot;:false,&quot;201341983&quot;:0,&quot;335551550&quot;:1,&quot;335551620&quot;:1,&quot;335559737&quot;:0,&quot;335559738&quot;:0,&quot;335559739&quot;:160,&quot;335559740&quot;:259}\">\u00a0<\/span><\/p><\/div>\r\n\t\t\t\t\t\t\t<div class=\"art-testimonial-name art-body-three-font\">Juliette Barradas<\/div>\r\n\t\t\t\t\t\t<\/div>\r\n\t\t\t\t\t\t\t\t\t\t\t<div class=\"swiper-slide testimonial-item\">\r\n\t\t\t\t\t\t\t<div class=\"art-testimonial-data art-h5\"><p><span class=\"TextRun SCXW1188271 BCX8\" lang=\"EN-US\" xml:lang=\"EN-US\" data-contrast=\"auto\"><span class=\"NormalTextRun SCXW1188271 BCX8\">\u201c<span class=\"TextRun SCXW185251166 BCX8\" lang=\"EN-US\" xml:lang=\"EN-US\" data-contrast=\"none\"><span class=\"NormalTextRun SCXW185251166 BCX8\">Easy and effective, my favorite combination. <\/span><span class=\"NormalTextRun SCXW185251166 BCX8\">Plus,<\/span><span class=\"NormalTextRun SCXW185251166 BCX8\"> it is near the beach <\/span><\/span><span class=\"TextRun SCXW185251166 BCX8\" lang=\"EN-US\" xml:lang=\"EN-US\" data-contrast=\"none\"><span class=\"NormalTextRun SCXW185251166 BCX8\">\ud83d\ude09<\/span><\/span>\u201d<\/span><\/span><span class=\"EOP SCXW1188271 BCX8\" data-ccp-props=\"{&quot;134233117&quot;:false,&quot;134233118&quot;:false,&quot;201341983&quot;:0,&quot;335551550&quot;:1,&quot;335551620&quot;:1,&quot;335559737&quot;:0,&quot;335559738&quot;:0,&quot;335559739&quot;:160,&quot;335559740&quot;:259}\">\u00a0<\/span><\/p><\/div>\r\n\t\t\t\t\t\t\t<div class=\"art-testimonial-name art-body-three-font\">Jacinta Jordan<\/div>\r\n\t\t\t\t\t\t<\/div>\r\n\t\t\t\t\t\r\n\t\t\t\t<\/div>\r\n\r\n\t\t\t\t<!-- Add Arrows -->\r\n\t\t\t\t<div class=\"swiper-button-prev \"><\/div>\r\n\t\t\t\t<div class=\"swiper-button-next \"><\/div>\r\n\r\n\t\t\t<\/div>\r\n\r\n\t\t<\/div>\r\n\r\n\r\n\t\t\t\t<\/div>\n\t\t\t\t<\/div>\n\t\t\t\t\t<\/div>\n\t\t<\/div>\n\t\t\t\t\t\t\t<\/div>\n\t\t<\/section>\n\t\t\t\t\t\t\t<\/div>\n\t\t","protected":false},"excerpt":{"rendered":"<p>Los tratamientos con l\u00e1ser para las ara\u00f1as vasculares son procedimientos r\u00e1pidos y no invasivos en los que se utiliza energ\u00eda l\u00e1ser para calentar y cerrar las venas da\u00f1adas. El proceso implica longitudes de onda y duraciones de pulso espec\u00edficas para garantizar el control de la profundidad sin da\u00f1ar la piel circundante ni el tejido interno. [&hellip;]<\/p>\n","protected":false},"author":1,"featured_media":7177,"parent":7192,"menu_order":0,"comment_status":"closed","ping_status":"closed","template":"elementor_header_footer","meta":{"inline_featured_image":false,"footnotes":""},"class_list":["post-7399","page","type-page","status-publish","has-post-thumbnail","hentry"],"acf":[],"_links":{"self":[{"href":"https:\/\/zazilha.com\/es\/wp-json\/wp\/v2\/pages\/7399","targetHints":{"allow":["GET"]}}],"collection":[{"href":"https:\/\/zazilha.com\/es\/wp-json\/wp\/v2\/pages"}],"about":[{"href":"https:\/\/zazilha.com\/es\/wp-json\/wp\/v2\/types\/page"}],"author":[{"embeddable":true,"href":"https:\/\/zazilha.com\/es\/wp-json\/wp\/v2\/users\/1"}],"replies":[{"embeddable":true,"href":"https:\/\/zazilha.com\/es\/wp-json\/wp\/v2\/comments?post=7399"}],"version-history":[{"count":6,"href":"https:\/\/zazilha.com\/es\/wp-json\/wp\/v2\/pages\/7399\/revisions"}],"predecessor-version":[{"id":7556,"href":"https:\/\/zazilha.com\/es\/wp-json\/wp\/v2\/pages\/7399\/revisions\/7556"}],"up":[{"embeddable":true,"href":"https:\/\/zazilha.com\/es\/wp-json\/wp\/v2\/pages\/7192"}],"wp:featuredmedia":[{"embeddable":true,"href":"https:\/\/zazilha.com\/es\/wp-json\/wp\/v2\/media\/7177"}],"wp:attachment":[{"href":"https:\/\/zazilha.com\/es\/wp-json\/wp\/v2\/media?parent=7399"}],"curies":[{"name":"wp","href":"https:\/\/api.w.org\/{rel}","templated":true}]}}