{"id":7403,"date":"2023-12-04T13:16:03","date_gmt":"2023-12-04T18:16:03","guid":{"rendered":"https:\/\/zazilha.com\/servicios\/prp-contra-la-caida-del-cabello\/"},"modified":"2023-12-14T15:17:02","modified_gmt":"2023-12-14T20:17:02","slug":"plasma-rico-en-plaquetas","status":"publish","type":"page","link":"https:\/\/zazilha.com\/es\/servicios-de-spa\/plasma-rico-en-plaquetas\/","title":{"rendered":"PRP contra la ca\u00edda del cabello"},"content":{"rendered":"\t\t<div data-elementor-type=\"wp-page\" data-elementor-id=\"7403\" class=\"elementor elementor-7403 elementor-6812\" data-elementor-post-type=\"page\">\n\t\t\t\t\t\t\t\t\t<section class=\"elementor-section elementor-top-section elementor-element elementor-element-76f2d36 elementor-section-full_width elementor-section-height-default elementor-section-height-default\" data-id=\"76f2d36\" data-element_type=\"section\">\n\t\t\t\t\t\t<div class=\"elementor-container elementor-column-gap-default\">\n\t\t\t\t\t<div class=\"elementor-column elementor-col-100 elementor-top-column elementor-element elementor-element-da7f186\" data-id=\"da7f186\" data-element_type=\"column\">\n\t\t\t<div class=\"elementor-widget-wrap elementor-element-populated\">\n\t\t\t\t\t\t\t\t<div class=\"elementor-element elementor-element-2c04f70 elementor-widget elementor-widget-art-ordinary-page-header\" data-id=\"2c04f70\" data-element_type=\"widget\" data-widget_type=\"art-ordinary-page-header.default\">\n\t\t\t\t<div class=\"elementor-widget-container\">\n\t\t\t\r\n\t\t<div class=\"art-ordinary-page-header\" style=\"background-image:url(https:\/\/zazilha.com\/wp-content\/uploads\/2022\/09\/Lv4n73uzXxg.jpg)\">\r\n\r\n\t\t\t<div class=\"container\">\r\n\r\n\t\t\t\t<div class=\"art-ordinary-page-data\" style=\"text-align:center\">\r\n\r\n\t\t\t\t\t<h1 class=\"art-page-header-title\">PRP Contra la ca\u00edda del cabello<\/h1>\r\n\r\n                    \r\n\t\t\t\t<\/div>\r\n\r\n\t\t\t<\/div>\r\n\r\n\t\t<\/div>\r\n\r\n\t\t\t\t<\/div>\n\t\t\t\t<\/div>\n\t\t\t\t\t<\/div>\n\t\t<\/div>\n\t\t\t\t\t\t\t<\/div>\n\t\t<\/section>\n\t\t\t\t<section class=\"elementor-section elementor-top-section elementor-element elementor-element-609405a elementor-section-boxed elementor-section-height-default elementor-section-height-default\" data-id=\"609405a\" data-element_type=\"section\">\n\t\t\t\t\t\t<div class=\"elementor-container elementor-column-gap-default\">\n\t\t\t\t\t<div class=\"elementor-column elementor-col-100 elementor-top-column elementor-element elementor-element-ac783ca\" data-id=\"ac783ca\" data-element_type=\"column\">\n\t\t\t<div class=\"elementor-widget-wrap elementor-element-populated\">\n\t\t\t\t\t\t\t\t<div class=\"elementor-element elementor-element-daeac8f elementor-widget elementor-widget-text-editor\" data-id=\"daeac8f\" data-element_type=\"widget\" data-widget_type=\"text-editor.default\">\n\t\t\t\t<div class=\"elementor-widget-container\">\n\t\t\t<style>\/*! elementor - v3.18.0 - 20-12-2023 *\/\n.elementor-widget-text-editor.elementor-drop-cap-view-stacked .elementor-drop-cap{background-color:#69727d;color:#fff}.elementor-widget-text-editor.elementor-drop-cap-view-framed .elementor-drop-cap{color:#69727d;border:3px solid;background-color:transparent}.elementor-widget-text-editor:not(.elementor-drop-cap-view-default) .elementor-drop-cap{margin-top:8px}.elementor-widget-text-editor:not(.elementor-drop-cap-view-default) .elementor-drop-cap-letter{width:1em;height:1em}.elementor-widget-text-editor .elementor-drop-cap{float:left;text-align:center;line-height:1;font-size:50px}.elementor-widget-text-editor .elementor-drop-cap-letter{display:inline-block}<\/style>\t\t\t\t<div class=\"uk-width-1-2\">\n<p class=\"p--large regular\">El PRP (Plasma Rico en Plaquetas) para la restauraci\u00f3n capilar es un procedimiento no quir\u00fargico que utiliza su propio PRP aplicado t\u00f3picamente y mediante inyecci\u00f3n para estimular el crecimiento de nuevo cabello y mejorar la salud y textura del cabello existente.<\/p>\n<\/div>\n\t\t\t\t\t\t<\/div>\n\t\t\t\t<\/div>\n\t\t\t\t\t<\/div>\n\t\t<\/div>\n\t\t\t\t\t\t\t<\/div>\n\t\t<\/section>\n\t\t\t\t<section class=\"elementor-section elementor-top-section elementor-element elementor-element-803ed9c elementor-section-boxed elementor-section-height-default elementor-section-height-default\" data-id=\"803ed9c\" data-element_type=\"section\">\n\t\t\t\t\t\t<div class=\"elementor-container elementor-column-gap-default\">\n\t\t\t\t\t<div class=\"elementor-column elementor-col-50 elementor-top-column elementor-element elementor-element-00e43b3\" data-id=\"00e43b3\" data-element_type=\"column\">\n\t\t\t<div class=\"elementor-widget-wrap elementor-element-populated\">\n\t\t\t\t\t\t\t\t<div class=\"elementor-element elementor-element-756dbbe elementor-widget elementor-widget-heading\" data-id=\"756dbbe\" data-element_type=\"widget\" data-widget_type=\"heading.default\">\n\t\t\t\t<div class=\"elementor-widget-container\">\n\t\t\t<style>\/*! elementor - v3.18.0 - 20-12-2023 *\/\n.elementor-heading-title{padding:0;margin:0;line-height:1}.elementor-widget-heading .elementor-heading-title[class*=elementor-size-]>a{color:inherit;font-size:inherit;line-height:inherit}.elementor-widget-heading .elementor-heading-title.elementor-size-small{font-size:15px}.elementor-widget-heading .elementor-heading-title.elementor-size-medium{font-size:19px}.elementor-widget-heading .elementor-heading-title.elementor-size-large{font-size:29px}.elementor-widget-heading .elementor-heading-title.elementor-size-xl{font-size:39px}.elementor-widget-heading .elementor-heading-title.elementor-size-xxl{font-size:59px}<\/style><h2 class=\"elementor-heading-title elementor-size-default\">C\u00f3mo funciona el tratamiento PRP<\/h2>\t\t<\/div>\n\t\t\t\t<\/div>\n\t\t\t\t<div class=\"elementor-element elementor-element-c71a916 elementor-widget elementor-widget-text-editor\" data-id=\"c71a916\" data-element_type=\"widget\" data-widget_type=\"text-editor.default\">\n\t\t\t\t<div class=\"elementor-widget-container\">\n\t\t\t\t\t\t\t<p>El tratamiento PRP estimula y nutre los fol\u00edculos pilosos mediante plasma altamente concentrado. Este plasma libera factores de crecimiento que favorecen el crecimiento de cabello nuevo y mejoran la densidad y la salud del existente.<\/p>\n<\/p>\n<h3>Comodidad y duraci\u00f3n del tratamiento<\/h3>\n<p>El tratamiento es c\u00f3modo, mediante un dispositivo de refrigeraci\u00f3n, con una sensibilidad e hinchaz\u00f3n m\u00ednimas en los puntos de inyecci\u00f3n durante unos d\u00edas. El tratamiento completo, incluida la preparaci\u00f3n y la inyecci\u00f3n de PRP, dura menos de una hora.<\/p>\n<\/p>\n<h4>Resultados esperados del tratamiento PRP<\/h4>\n<p>El tratamiento con PRP puede provocar la estimulaci\u00f3n del fol\u00edculo piloso y la regeneraci\u00f3n del cabello. Mejora la salud, la fuerza y el di\u00e1metro del cabello, evitando que siga cayendo. El grado de crecimiento del nuevo cabello var\u00eda de una persona a otra.<\/p><\/p>\n\t\t\t\t\t\t<\/div>\n\t\t\t\t<\/div>\n\t\t\t\t<section class=\"elementor-section elementor-inner-section elementor-element elementor-element-ea9af2b elementor-section-boxed elementor-section-height-default elementor-section-height-default\" data-id=\"ea9af2b\" data-element_type=\"section\">\n\t\t\t\t\t\t<div class=\"elementor-container elementor-column-gap-default\">\n\t\t\t\t\t<div class=\"elementor-column elementor-col-100 elementor-inner-column elementor-element elementor-element-121a45b\" data-id=\"121a45b\" data-element_type=\"column\">\n\t\t\t<div class=\"elementor-widget-wrap elementor-element-populated\">\n\t\t\t\t\t\t\t\t<div class=\"elementor-element elementor-element-229be51 elementor-align-center elementor-widget elementor-widget-button\" data-id=\"229be51\" data-element_type=\"widget\" data-widget_type=\"button.default\">\n\t\t\t\t<div class=\"elementor-widget-container\">\n\t\t\t\t\t<div class=\"elementor-button-wrapper\">\n\t\t\t<a class=\"elementor-button elementor-button-link elementor-size-sm\" href=\"https:\/\/zazilha.com\/es\/contacto\/\">\n\t\t\t\t\t\t<span class=\"elementor-button-content-wrapper\">\n\t\t\t\t\t\t<span class=\"elementor-button-text\">ENVIAR MENSAJE<\/span>\n\t\t<\/span>\n\t\t\t\t\t<\/a>\n\t\t<\/div>\n\t\t\t\t<\/div>\n\t\t\t\t<\/div>\n\t\t\t\t\t<\/div>\n\t\t<\/div>\n\t\t\t\t\t\t\t<\/div>\n\t\t<\/section>\n\t\t\t\t\t<\/div>\n\t\t<\/div>\n\t\t\t\t<div class=\"elementor-column elementor-col-50 elementor-top-column elementor-element elementor-element-ff84219\" data-id=\"ff84219\" data-element_type=\"column\">\n\t\t\t<div class=\"elementor-widget-wrap elementor-element-populated\">\n\t\t\t\t\t\t\t\t<div class=\"elementor-element elementor-element-7c7022c elementor-widget elementor-widget-image\" data-id=\"7c7022c\" data-element_type=\"widget\" data-widget_type=\"image.default\">\n\t\t\t\t<div class=\"elementor-widget-container\">\n\t\t\t<style>\/*! elementor - v3.18.0 - 20-12-2023 *\/\n.elementor-widget-image{text-align:center}.elementor-widget-image a{display:inline-block}.elementor-widget-image a img[src$=\".svg\"]{width:48px}.elementor-widget-image img{vertical-align:middle;display:inline-block}<\/style>\t\t\t\t\t\t\t\t\t\t\t\t<img fetchpriority=\"high\" decoding=\"async\" width=\"720\" height=\"828\" src=\"https:\/\/zazilha.com\/wp-content\/uploads\/2023\/12\/24085983588_4e4c458261_b-e1701714201462.jpg\" class=\"attachment-full size-full wp-image-6869\" alt=\"\" srcset=\"https:\/\/zazilha.com\/wp-content\/uploads\/2023\/12\/24085983588_4e4c458261_b-e1701714201462.jpg 720w, https:\/\/zazilha.com\/wp-content\/uploads\/2023\/12\/24085983588_4e4c458261_b-e1701714201462-261x300.jpg 261w, https:\/\/zazilha.com\/wp-content\/uploads\/2023\/12\/24085983588_4e4c458261_b-e1701714201462-600x690.jpg 600w, https:\/\/zazilha.com\/wp-content\/uploads\/2023\/12\/24085983588_4e4c458261_b-e1701714201462-120x138.jpg 120w\" sizes=\"(max-width: 720px) 100vw, 720px\" \/>\t\t\t\t\t\t\t\t\t\t\t\t\t\t\t<\/div>\n\t\t\t\t<\/div>\n\t\t\t\t\t<\/div>\n\t\t<\/div>\n\t\t\t\t\t\t\t<\/div>\n\t\t<\/section>\n\t\t\t\t<section class=\"elementor-section elementor-top-section elementor-element elementor-element-75f5984 elementor-section-boxed elementor-section-height-default elementor-section-height-default\" data-id=\"75f5984\" data-element_type=\"section\">\n\t\t\t\t\t\t<div class=\"elementor-container elementor-column-gap-default\">\n\t\t\t\t\t<div class=\"elementor-column elementor-col-100 elementor-top-column elementor-element elementor-element-9b5e9ce\" data-id=\"9b5e9ce\" data-element_type=\"column\">\n\t\t\t<div class=\"elementor-widget-wrap elementor-element-populated\">\n\t\t\t\t\t\t\t\t<div class=\"elementor-element elementor-element-c02785f elementor-widget elementor-widget-heading\" data-id=\"c02785f\" data-element_type=\"widget\" data-widget_type=\"heading.default\">\n\t\t\t\t<div class=\"elementor-widget-container\">\n\t\t\t<h2 class=\"elementor-heading-title elementor-size-default\">Preguntas frecuentes<\/h2>\t\t<\/div>\n\t\t\t\t<\/div>\n\t\t\t\t<section class=\"elementor-section elementor-inner-section elementor-element elementor-element-74e520a elementor-section-boxed elementor-section-height-default elementor-section-height-default\" data-id=\"74e520a\" data-element_type=\"section\">\n\t\t\t\t\t\t<div class=\"elementor-container elementor-column-gap-default\">\n\t\t\t\t\t<div class=\"elementor-column elementor-col-50 elementor-inner-column elementor-element elementor-element-8e1de7d\" data-id=\"8e1de7d\" data-element_type=\"column\">\n\t\t\t<div class=\"elementor-widget-wrap elementor-element-populated\">\n\t\t\t\t\t\t\t\t<div class=\"elementor-element elementor-element-fb6f007 elementor-widget elementor-widget-image\" data-id=\"fb6f007\" data-element_type=\"widget\" data-widget_type=\"image.default\">\n\t\t\t\t<div class=\"elementor-widget-container\">\n\t\t\t\t\t\t\t\t\t\t\t\t\t\t\t<img decoding=\"async\" width=\"800\" height=\"350\" src=\"https:\/\/zazilha.com\/wp-content\/uploads\/2023\/12\/1-hair-growth-cycle.jpg\" class=\"attachment-full size-full wp-image-6870\" alt=\"\" srcset=\"https:\/\/zazilha.com\/wp-content\/uploads\/2023\/12\/1-hair-growth-cycle.jpg 800w, https:\/\/zazilha.com\/wp-content\/uploads\/2023\/12\/1-hair-growth-cycle-300x131.jpg 300w, https:\/\/zazilha.com\/wp-content\/uploads\/2023\/12\/1-hair-growth-cycle-768x336.jpg 768w, https:\/\/zazilha.com\/wp-content\/uploads\/2023\/12\/1-hair-growth-cycle-600x263.jpg 600w, https:\/\/zazilha.com\/wp-content\/uploads\/2023\/12\/1-hair-growth-cycle-120x53.jpg 120w\" sizes=\"(max-width: 800px) 100vw, 800px\" \/>\t\t\t\t\t\t\t\t\t\t\t\t\t\t\t<\/div>\n\t\t\t\t<\/div>\n\t\t\t\t\t<\/div>\n\t\t<\/div>\n\t\t\t\t<div class=\"elementor-column elementor-col-50 elementor-inner-column elementor-element elementor-element-23823a6\" data-id=\"23823a6\" data-element_type=\"column\">\n\t\t\t<div class=\"elementor-widget-wrap elementor-element-populated\">\n\t\t\t\t\t\t\t\t<div class=\"elementor-element elementor-element-c22c8b8 elementor-widget elementor-widget-text-editor\" data-id=\"c22c8b8\" data-element_type=\"widget\" data-widget_type=\"text-editor.default\">\n\t\t\t\t<div class=\"elementor-widget-container\">\n\t\t\t\t\t\t\t<ol>\n<li>\n<p><strong>\u00bfCu\u00e1ndo ver\u00e9 los resultados de mi tratamiento con PRP?<\/strong><\/p>\n<ul>\n<li>Las mejoras pueden apreciarse en dos semanas, pero normalmente se tarda de tres a seis meses desde el tratamiento inicial en ver resultados mensurables.<\/li>\n<\/ul>\n<\/li>\n<li>\n<p><strong>\u00bfEs necesario un tratamiento continuado para prevenir la ca\u00edda del cabello con PRP?<\/strong><\/p>\n<ul>\n<li>S\u00ed, los resultados del tratamiento PRP no son permanentes. Normalmente es necesario repetir los tratamientos entre 12 y 24 meses despu\u00e9s del tratamiento inicial para mantener la densidad capilar.<\/li>\n<\/ul>\n<\/li>\n<li>\n<p><strong>\u00bfCu\u00e1les son los efectos secundarios del tratamiento PRP para el debilitamiento del cabello?<\/strong><\/p>\n<ul>\n<li>Los efectos secundarios pueden ser hemorragias leves, hematomas, riesgo de infecci\u00f3n en el lugar de la inyecci\u00f3n, sensibilidad e hinchaz\u00f3n leve. Las reacciones al\u00e9rgicas son poco frecuentes, ya que el PRP procede de la sangre del propio paciente.<\/li>\n<\/ul>\n<\/li>\n<\/ol>\n\t\t\t\t\t\t<\/div>\n\t\t\t\t<\/div>\n\t\t\t\t\t<\/div>\n\t\t<\/div>\n\t\t\t\t\t\t\t<\/div>\n\t\t<\/section>\n\t\t\t\t\t<\/div>\n\t\t<\/div>\n\t\t\t\t\t\t\t<\/div>\n\t\t<\/section>\n\t\t\t\t<section class=\"elementor-section elementor-top-section elementor-element elementor-element-ce3bec5 elementor-section-full_width elementor-section-height-default elementor-section-height-default\" data-id=\"ce3bec5\" data-element_type=\"section\" data-settings=\"{&quot;background_background&quot;:&quot;classic&quot;}\">\n\t\t\t\t\t\t<div class=\"elementor-container elementor-column-gap-default\">\n\t\t\t\t\t<div class=\"elementor-column elementor-col-100 elementor-top-column elementor-element elementor-element-b6288f3\" data-id=\"b6288f3\" data-element_type=\"column\">\n\t\t\t<div class=\"elementor-widget-wrap elementor-element-populated\">\n\t\t\t\t\t\t\t\t<div class=\"elementor-element elementor-element-b8c2b88 elementor-widget elementor-widget-heading\" data-id=\"b8c2b88\" data-element_type=\"widget\" data-widget_type=\"heading.default\">\n\t\t\t\t<div class=\"elementor-widget-container\">\n\t\t\t<h2 class=\"elementor-heading-title elementor-size-default\">Palabras de nuestros clientes satisfechos<\/h2>\t\t<\/div>\n\t\t\t\t<\/div>\n\t\t\t\t<div class=\"elementor-element elementor-element-53b99a5 elementor-widget elementor-widget-art-testimonials\" data-id=\"53b99a5\" data-element_type=\"widget\" data-widget_type=\"art-testimonials.default\">\n\t\t\t\t<div class=\"elementor-widget-container\">\n\t\t\t\r\n\r\n\t\t<div class=\"art-testimonial-wrapper\">\r\n\r\n\t\t\t\r\n\t\t\t<div class=\"swiper-container-testimonial-info\">\r\n\t\t\t\t<div class=\"swiper-wrapper \">\r\n\r\n\t\t\t\t\t\t\t\t\t\t\t<div class=\"swiper-slide testimonial-item\">\r\n\t\t\t\t\t\t\t<div class=\"art-testimonial-data art-h5\"><p><span class=\"NormalTextRun SCXW72035943 BCX8\">\"The service was spectacular! <\/span><span class=\"NormalTextRun SCXW72035943 BCX8\">Love the staff, they solve all my questions so I would be rela<\/span><span class=\"NormalTextRun SCXW72035943 BCX8\">xed.\"<\/span><\/p><\/div>\r\n\t\t\t\t\t\t\t<div class=\"art-testimonial-name art-body-three-font\">Olivia Rodriguez<\/div>\r\n\t\t\t\t\t\t<\/div>\r\n\t\t\t\t\t\t\t\t\t\t\t<div class=\"swiper-slide testimonial-item\">\r\n\t\t\t\t\t\t\t<div class=\"art-testimonial-data art-h5\"><p><span class=\"TextRun SCXW143837295 BCX8\" lang=\"EN-US\" xml:lang=\"EN-US\" data-contrast=\"auto\"><span class=\"NormalTextRun SCXW143837295 BCX8\">\u201cI absolutely love it! I\u2019ve tried other places before but do not see any progress<\/span><span class=\"NormalTextRun SCXW143837295 BCX8\">, this time is different. You need to try it!\u201d\u00a0<\/span><\/span><\/p><\/div>\r\n\t\t\t\t\t\t\t<div class=\"art-testimonial-name art-body-three-font\">Carla Barbarena<\/div>\r\n\t\t\t\t\t\t<\/div>\r\n\t\t\t\t\t\t\t\t\t\t\t<div class=\"swiper-slide testimonial-item\">\r\n\t\t\t\t\t\t\t<div class=\"art-testimonial-data art-h5\"><p><span class=\"TextRun SCXW143837295 BCX8\" lang=\"EN-US\" xml:lang=\"EN-US\" data-contrast=\"auto\"><span class=\"NormalTextRun SCXW143837295 BCX8\">\u201c<span class=\"NormalTextRun SCXW174572377 BCX8\">I stayed at the hotel where the Spa is located<\/span><span class=\"NormalTextRun SCXW174572377 BCX8\">, this is the best idea ever! I relaxed at my <\/span><span class=\"NormalTextRun SCXW174572377 BCX8\">vacations<\/span><span class=\"NormalTextRun SCXW174572377 BCX8\"> and continued my laser treatment.<\/span><\/span><span class=\"NormalTextRun SCXW143837295 BCX8\">\u201d\u00a0<\/span><\/span><\/p><\/div>\r\n\t\t\t\t\t\t\t<div class=\"art-testimonial-name art-body-three-font\">Sally Walden<\/div>\r\n\t\t\t\t\t\t<\/div>\r\n\t\t\t\t\t\r\n\t\t\t\t<\/div>\r\n\r\n\t\t\t\t<!-- Add Arrows -->\r\n\t\t\t\t<div class=\"swiper-button-prev \"><\/div>\r\n\t\t\t\t<div class=\"swiper-button-next \"><\/div>\r\n\r\n\t\t\t<\/div>\r\n\r\n\t\t<\/div>\r\n\r\n\r\n\t\t\t\t<\/div>\n\t\t\t\t<\/div>\n\t\t\t\t\t<\/div>\n\t\t<\/div>\n\t\t\t\t\t\t\t<\/div>\n\t\t<\/section>\n\t\t\t\t\t\t\t<\/div>\n\t\t","protected":false},"excerpt":{"rendered":"<p>El PRP (Plasma Rico en Plaquetas) para la restauraci\u00f3n capilar es un procedimiento no quir\u00fargico que utiliza su propio PRP aplicado t\u00f3picamente y mediante inyecci\u00f3n para estimular el crecimiento de nuevo cabello y mejorar la salud y textura del cabello existente. C\u00f3mo funciona el tratamiento PRP El tratamiento PRP estimula y nutre los fol\u00edculos pilosos [&hellip;]<\/p>\n","protected":false},"author":1,"featured_media":0,"parent":7192,"menu_order":0,"comment_status":"closed","ping_status":"closed","template":"elementor_header_footer","meta":{"inline_featured_image":false,"footnotes":""},"class_list":["post-7403","page","type-page","status-publish","hentry"],"acf":[],"_links":{"self":[{"href":"https:\/\/zazilha.com\/es\/wp-json\/wp\/v2\/pages\/7403","targetHints":{"allow":["GET"]}}],"collection":[{"href":"https:\/\/zazilha.com\/es\/wp-json\/wp\/v2\/pages"}],"about":[{"href":"https:\/\/zazilha.com\/es\/wp-json\/wp\/v2\/types\/page"}],"author":[{"embeddable":true,"href":"https:\/\/zazilha.com\/es\/wp-json\/wp\/v2\/users\/1"}],"replies":[{"embeddable":true,"href":"https:\/\/zazilha.com\/es\/wp-json\/wp\/v2\/comments?post=7403"}],"version-history":[{"count":6,"href":"https:\/\/zazilha.com\/es\/wp-json\/wp\/v2\/pages\/7403\/revisions"}],"predecessor-version":[{"id":7559,"href":"https:\/\/zazilha.com\/es\/wp-json\/wp\/v2\/pages\/7403\/revisions\/7559"}],"up":[{"embeddable":true,"href":"https:\/\/zazilha.com\/es\/wp-json\/wp\/v2\/pages\/7192"}],"wp:attachment":[{"href":"https:\/\/zazilha.com\/es\/wp-json\/wp\/v2\/media?parent=7403"}],"curies":[{"name":"wp","href":"https:\/\/api.w.org\/{rel}","templated":true}]}}