{"id":7405,"date":"2023-12-04T13:02:51","date_gmt":"2023-12-04T18:02:51","guid":{"rendered":"https:\/\/zazilha.com\/servicios\/terapia-prp\/"},"modified":"2023-12-14T15:23:14","modified_gmt":"2023-12-14T20:23:14","slug":"cicatrizacion-con-plasma-2","status":"publish","type":"page","link":"https:\/\/zazilha.com\/es\/servicios-de-spa\/cicatrizacion-con-plasma-2\/","title":{"rendered":"Terapia PRP"},"content":{"rendered":"\t\t<div data-elementor-type=\"wp-page\" data-elementor-id=\"7405\" class=\"elementor elementor-7405 elementor-6855\" data-elementor-post-type=\"page\">\n\t\t\t\t\t\t\t\t\t<section class=\"elementor-section elementor-top-section elementor-element elementor-element-76f2d36 elementor-section-full_width elementor-section-height-default elementor-section-height-default\" data-id=\"76f2d36\" data-element_type=\"section\">\n\t\t\t\t\t\t<div class=\"elementor-container elementor-column-gap-default\">\n\t\t\t\t\t<div class=\"elementor-column elementor-col-100 elementor-top-column elementor-element elementor-element-da7f186\" data-id=\"da7f186\" data-element_type=\"column\">\n\t\t\t<div class=\"elementor-widget-wrap elementor-element-populated\">\n\t\t\t\t\t\t\t\t<div class=\"elementor-element elementor-element-2c04f70 elementor-widget elementor-widget-art-ordinary-page-header\" data-id=\"2c04f70\" data-element_type=\"widget\" data-widget_type=\"art-ordinary-page-header.default\">\n\t\t\t\t<div class=\"elementor-widget-container\">\n\t\t\t\r\n\t\t<div class=\"art-ordinary-page-header\" style=\"background-image:url(https:\/\/zazilha.com\/wp-content\/uploads\/2022\/09\/Lv4n73uzXxg.jpg)\">\r\n\r\n\t\t\t<div class=\"container\">\r\n\r\n\t\t\t\t<div class=\"art-ordinary-page-data\" style=\"text-align:center\">\r\n\r\n\t\t\t\t\t<h1 class=\"art-page-header-title\">Terapia PRP<\/h1>\r\n\r\n                    \r\n\t\t\t\t<\/div>\r\n\r\n\t\t\t<\/div>\r\n\r\n\t\t<\/div>\r\n\r\n\t\t\t\t<\/div>\n\t\t\t\t<\/div>\n\t\t\t\t\t<\/div>\n\t\t<\/div>\n\t\t\t\t\t\t\t<\/div>\n\t\t<\/section>\n\t\t\t\t<section class=\"elementor-section elementor-top-section elementor-element elementor-element-33caea6 elementor-section-boxed elementor-section-height-default elementor-section-height-default\" data-id=\"33caea6\" data-element_type=\"section\">\n\t\t\t\t\t\t<div class=\"elementor-container elementor-column-gap-default\">\n\t\t\t\t\t<div class=\"elementor-column elementor-col-100 elementor-top-column elementor-element elementor-element-ebfcd4c\" data-id=\"ebfcd4c\" data-element_type=\"column\">\n\t\t\t<div class=\"elementor-widget-wrap elementor-element-populated\">\n\t\t\t\t\t\t\t\t<div class=\"elementor-element elementor-element-7c122d4 elementor-widget elementor-widget-text-editor\" data-id=\"7c122d4\" data-element_type=\"widget\" data-widget_type=\"text-editor.default\">\n\t\t\t\t<div class=\"elementor-widget-container\">\n\t\t\t<style>\/*! elementor - v3.18.0 - 20-12-2023 *\/\n.elementor-widget-text-editor.elementor-drop-cap-view-stacked .elementor-drop-cap{background-color:#69727d;color:#fff}.elementor-widget-text-editor.elementor-drop-cap-view-framed .elementor-drop-cap{color:#69727d;border:3px solid;background-color:transparent}.elementor-widget-text-editor:not(.elementor-drop-cap-view-default) .elementor-drop-cap{margin-top:8px}.elementor-widget-text-editor:not(.elementor-drop-cap-view-default) .elementor-drop-cap-letter{width:1em;height:1em}.elementor-widget-text-editor .elementor-drop-cap{float:left;text-align:center;line-height:1;font-size:50px}.elementor-widget-text-editor .elementor-drop-cap-letter{display:inline-block}<\/style>\t\t\t\t<p style=\"text-align: center;\">La terapia PRP es un tratamiento m\u00e9dico de vanguardia para diversos problemas musculoesquel\u00e9ticos. Consiste en utilizar una cantidad concentrada de plaquetas de la sangre, que liberan factores de crecimiento y prote\u00ednas para estimular la cicatrizaci\u00f3n en tejidos con flujo sangu\u00edneo limitado, como tendones y cart\u00edlagos.<\/p>\n\t\t\t\t\t\t<\/div>\n\t\t\t\t<\/div>\n\t\t\t\t\t<\/div>\n\t\t<\/div>\n\t\t\t\t\t\t\t<\/div>\n\t\t<\/section>\n\t\t\t\t<section class=\"elementor-section elementor-top-section elementor-element elementor-element-55fa3fc elementor-section-boxed elementor-section-height-default elementor-section-height-default\" data-id=\"55fa3fc\" data-element_type=\"section\">\n\t\t\t\t\t\t<div class=\"elementor-container elementor-column-gap-default\">\n\t\t\t\t\t<div class=\"elementor-column elementor-col-50 elementor-top-column elementor-element elementor-element-82af7e3\" data-id=\"82af7e3\" data-element_type=\"column\">\n\t\t\t<div class=\"elementor-widget-wrap elementor-element-populated\">\n\t\t\t\t\t\t\t\t<div class=\"elementor-element elementor-element-32139fc elementor-widget elementor-widget-heading\" data-id=\"32139fc\" data-element_type=\"widget\" data-widget_type=\"heading.default\">\n\t\t\t\t<div class=\"elementor-widget-container\">\n\t\t\t<style>\/*! elementor - v3.18.0 - 20-12-2023 *\/\n.elementor-heading-title{padding:0;margin:0;line-height:1}.elementor-widget-heading .elementor-heading-title[class*=elementor-size-]>a{color:inherit;font-size:inherit;line-height:inherit}.elementor-widget-heading .elementor-heading-title.elementor-size-small{font-size:15px}.elementor-widget-heading .elementor-heading-title.elementor-size-medium{font-size:19px}.elementor-widget-heading .elementor-heading-title.elementor-size-large{font-size:29px}.elementor-widget-heading .elementor-heading-title.elementor-size-xl{font-size:39px}.elementor-widget-heading .elementor-heading-title.elementor-size-xxl{font-size:59px}<\/style><h2 class=\"elementor-heading-title elementor-size-default\">Visi\u00f3n general de la PRP<\/h2>\t\t<\/div>\n\t\t\t\t<\/div>\n\t\t\t\t<div class=\"elementor-element elementor-element-4b1767f elementor-widget elementor-widget-text-editor\" data-id=\"4b1767f\" data-element_type=\"widget\" data-widget_type=\"text-editor.default\">\n\t\t\t\t<div class=\"elementor-widget-container\">\n\t\t\t\t\t\t\t<h3>C\u00f3mo funciona el PRP<\/h3>\n<p>El objetivo de las inyecciones de PRP es fomentar la cicatrizaci\u00f3n all\u00ed donde no se ha producido o acelerar la cicatrizaci\u00f3n en lesiones agudas. Las plaquetas liberan prote\u00ednas y factores de crecimiento que favorecen la regeneraci\u00f3n de los tejidos, activan las c\u00e9lulas cicatrizantes y estimulan el crecimiento de nuevos tejidos.<\/p>\n<\/p>\n<h3>Candidato para la terapia PRP<\/h3>\n<p>Los candidatos ideales para la terapia PRP son las personas con artrosis, tendinitis, lesiones musculares agudas y cr\u00f3nicas y diversas afecciones articulares. Es una opci\u00f3n para los pacientes que no han respondido a los tratamientos convencionales o los que buscan un proceso de curaci\u00f3n m\u00e1s r\u00e1pido.<\/p>\n<\/p>\n<h3>Proceso de tratamiento PRP<\/h3>\n<p>El tratamiento con PRP consiste en extraer sangre, separar las plaquetas mediante centrifugaci\u00f3n e inyectarlas en la zona afectada. El procedimiento suele durar menos de una hora y puede requerir ecograf\u00eda para mayor precisi\u00f3n. Algunas afecciones pueden requerir m\u00faltiples inyecciones de PRP para obtener resultados \u00f3ptimos.<\/p><\/p>\n\t\t\t\t\t\t<\/div>\n\t\t\t\t<\/div>\n\t\t\t\t<section class=\"elementor-section elementor-inner-section elementor-element elementor-element-0e1828e elementor-section-boxed elementor-section-height-default elementor-section-height-default\" data-id=\"0e1828e\" data-element_type=\"section\">\n\t\t\t\t\t\t<div class=\"elementor-container elementor-column-gap-default\">\n\t\t\t\t\t<div class=\"elementor-column elementor-col-100 elementor-inner-column elementor-element elementor-element-a0ad7dc\" data-id=\"a0ad7dc\" data-element_type=\"column\">\n\t\t\t<div class=\"elementor-widget-wrap elementor-element-populated\">\n\t\t\t\t\t\t\t\t<div class=\"elementor-element elementor-element-a9b4040 elementor-widget elementor-widget-text-editor\" data-id=\"a9b4040\" data-element_type=\"widget\" data-widget_type=\"text-editor.default\">\n\t\t\t\t<div class=\"elementor-widget-container\">\n\t\t\t\t\t\t\t<h3>Afecciones tratadas con PRP<\/h3>\n<ul>\n<li>Dolor de codo: codo de tenista, codo de golfista, distensi\u00f3n del LCA.<\/li>\n<li>Dolor de hombro: artrosis, tendinitis del manguito de los rotadores, bursitis, desgarros parciales, rotura del labrum, tendinitis del b\u00edceps.<\/li>\n<\/ul>\n\t\t\t\t\t\t<\/div>\n\t\t\t\t<\/div>\n\t\t\t\t\t<\/div>\n\t\t<\/div>\n\t\t\t\t\t\t\t<\/div>\n\t\t<\/section>\n\t\t\t\t<section class=\"elementor-section elementor-inner-section elementor-element elementor-element-22e7e51 elementor-section-boxed elementor-section-height-default elementor-section-height-default\" data-id=\"22e7e51\" data-element_type=\"section\">\n\t\t\t\t\t\t<div class=\"elementor-container elementor-column-gap-default\">\n\t\t\t\t\t<div class=\"elementor-column elementor-col-100 elementor-inner-column elementor-element elementor-element-63ccf80\" data-id=\"63ccf80\" data-element_type=\"column\">\n\t\t\t<div class=\"elementor-widget-wrap elementor-element-populated\">\n\t\t\t\t\t\t\t\t<div class=\"elementor-element elementor-element-c1521fa elementor-align-center elementor-widget elementor-widget-button\" data-id=\"c1521fa\" data-element_type=\"widget\" data-widget_type=\"button.default\">\n\t\t\t\t<div class=\"elementor-widget-container\">\n\t\t\t\t\t<div class=\"elementor-button-wrapper\">\n\t\t\t<a class=\"elementor-button elementor-button-link elementor-size-sm\" href=\"https:\/\/zazilha.com\/es\/contacto\/\">\n\t\t\t\t\t\t<span class=\"elementor-button-content-wrapper\">\n\t\t\t\t\t\t<span class=\"elementor-button-text\">ENVIAR MENSAJE<\/span>\n\t\t<\/span>\n\t\t\t\t\t<\/a>\n\t\t<\/div>\n\t\t\t\t<\/div>\n\t\t\t\t<\/div>\n\t\t\t\t\t<\/div>\n\t\t<\/div>\n\t\t\t\t\t\t\t<\/div>\n\t\t<\/section>\n\t\t\t\t\t<\/div>\n\t\t<\/div>\n\t\t\t\t<div class=\"elementor-column elementor-col-50 elementor-top-column elementor-element elementor-element-b6cbfe2\" data-id=\"b6cbfe2\" data-element_type=\"column\">\n\t\t\t<div class=\"elementor-widget-wrap elementor-element-populated\">\n\t\t\t\t\t\t\t\t<section class=\"elementor-section elementor-inner-section elementor-element elementor-element-2cf664b elementor-hidden-tablet elementor-section-boxed elementor-section-height-default elementor-section-height-default\" data-id=\"2cf664b\" data-element_type=\"section\">\n\t\t\t\t\t\t<div class=\"elementor-container elementor-column-gap-default\">\n\t\t\t\t\t<div class=\"elementor-column elementor-col-100 elementor-inner-column elementor-element elementor-element-76a94fd\" data-id=\"76a94fd\" data-element_type=\"column\">\n\t\t\t<div class=\"elementor-widget-wrap elementor-element-populated\">\n\t\t\t\t\t\t\t\t<div class=\"elementor-element elementor-element-77be1e5 elementor-widget elementor-widget-image\" data-id=\"77be1e5\" data-element_type=\"widget\" data-widget_type=\"image.default\">\n\t\t\t\t<div class=\"elementor-widget-container\">\n\t\t\t<style>\/*! elementor - v3.18.0 - 20-12-2023 *\/\n.elementor-widget-image{text-align:center}.elementor-widget-image a{display:inline-block}.elementor-widget-image a img[src$=\".svg\"]{width:48px}.elementor-widget-image img{vertical-align:middle;display:inline-block}<\/style>\t\t\t\t\t\t\t\t\t\t\t\t<img fetchpriority=\"high\" decoding=\"async\" width=\"350\" height=\"630\" src=\"https:\/\/zazilha.com\/wp-content\/uploads\/2023\/12\/platelet-rich-plasma-separation.jpg\" class=\"attachment-large size-large wp-image-6858\" alt=\"\" srcset=\"https:\/\/zazilha.com\/wp-content\/uploads\/2023\/12\/platelet-rich-plasma-separation.jpg 350w, https:\/\/zazilha.com\/wp-content\/uploads\/2023\/12\/platelet-rich-plasma-separation-167x300.jpg 167w, https:\/\/zazilha.com\/wp-content\/uploads\/2023\/12\/platelet-rich-plasma-separation-89x160.jpg 89w\" sizes=\"(max-width: 350px) 100vw, 350px\" \/>\t\t\t\t\t\t\t\t\t\t\t\t\t\t\t<\/div>\n\t\t\t\t<\/div>\n\t\t\t\t\t<\/div>\n\t\t<\/div>\n\t\t\t\t\t\t\t<\/div>\n\t\t<\/section>\n\t\t\t\t\t<\/div>\n\t\t<\/div>\n\t\t\t\t\t\t\t<\/div>\n\t\t<\/section>\n\t\t\t\t<section class=\"elementor-section elementor-top-section elementor-element elementor-element-a0b71a4 elementor-section-boxed elementor-section-height-default elementor-section-height-default\" data-id=\"a0b71a4\" data-element_type=\"section\">\n\t\t\t\t\t\t<div class=\"elementor-container elementor-column-gap-default\">\n\t\t\t\t\t<div class=\"elementor-column elementor-col-100 elementor-top-column elementor-element elementor-element-181a0d9\" data-id=\"181a0d9\" data-element_type=\"column\">\n\t\t\t<div class=\"elementor-widget-wrap elementor-element-populated\">\n\t\t\t\t\t\t\t\t<div class=\"elementor-element elementor-element-c6df78b elementor-widget elementor-widget-heading\" data-id=\"c6df78b\" data-element_type=\"widget\" data-widget_type=\"heading.default\">\n\t\t\t\t<div class=\"elementor-widget-container\">\n\t\t\t<h2 class=\"elementor-heading-title elementor-size-default\">Preguntas frecuentes<\/h2>\t\t<\/div>\n\t\t\t\t<\/div>\n\t\t\t\t<section class=\"elementor-section elementor-inner-section elementor-element elementor-element-bc22f87 elementor-section-boxed elementor-section-height-default elementor-section-height-default\" data-id=\"bc22f87\" data-element_type=\"section\">\n\t\t\t\t\t\t<div class=\"elementor-container elementor-column-gap-default\">\n\t\t\t\t\t<div class=\"elementor-column elementor-col-50 elementor-inner-column elementor-element elementor-element-eb86a1c\" data-id=\"eb86a1c\" data-element_type=\"column\">\n\t\t\t<div class=\"elementor-widget-wrap elementor-element-populated\">\n\t\t\t\t\t\t\t\t<div class=\"elementor-element elementor-element-11228fd elementor-widget elementor-widget-image\" data-id=\"11228fd\" data-element_type=\"widget\" data-widget_type=\"image.default\">\n\t\t\t\t<div class=\"elementor-widget-container\">\n\t\t\t\t\t\t\t\t\t\t\t\t\t\t\t<img decoding=\"async\" width=\"350\" height=\"136\" src=\"https:\/\/zazilha.com\/wp-content\/uploads\/2023\/12\/prp-injection.jpg\" class=\"attachment-full size-full wp-image-6857\" alt=\"\" srcset=\"https:\/\/zazilha.com\/wp-content\/uploads\/2023\/12\/prp-injection.jpg 350w, https:\/\/zazilha.com\/wp-content\/uploads\/2023\/12\/prp-injection-300x117.jpg 300w, https:\/\/zazilha.com\/wp-content\/uploads\/2023\/12\/prp-injection-120x47.jpg 120w\" sizes=\"(max-width: 350px) 100vw, 350px\" \/>\t\t\t\t\t\t\t\t\t\t\t\t\t\t\t<\/div>\n\t\t\t\t<\/div>\n\t\t\t\t\t<\/div>\n\t\t<\/div>\n\t\t\t\t<div class=\"elementor-column elementor-col-50 elementor-inner-column elementor-element elementor-element-ea76127\" data-id=\"ea76127\" data-element_type=\"column\">\n\t\t\t<div class=\"elementor-widget-wrap elementor-element-populated\">\n\t\t\t\t\t\t\t\t<div class=\"elementor-element elementor-element-a038b55 elementor-widget elementor-widget-text-editor\" data-id=\"a038b55\" data-element_type=\"widget\" data-widget_type=\"text-editor.default\">\n\t\t\t\t<div class=\"elementor-widget-container\">\n\t\t\t\t\t\t\t<ol>\n<li>\n<p><strong>\u00bfCu\u00e1nto tiempo se tarda en ver los resultados de la terapia PRP?<\/strong><\/p>\n<ul>\n<li>La mayor\u00eda de los pacientes empiezan a notar cierta mejor\u00eda en aproximadamente un mes, y los beneficios totales suelen ser evidentes en 10-12 semanas. El proceso de curaci\u00f3n var\u00eda en funci\u00f3n de la persona y de la enfermedad concreta que se trate.<\/li>\n<\/ul>\n<\/li>\n<li>\n<p><strong>\u00bfC\u00f3mo es el proceso de recuperaci\u00f3n tras una inyecci\u00f3n de PRP?<\/strong><\/p>\n<ul>\n<li>Tras una inyecci\u00f3n de PRP, el dolor suele ser m\u00ednimo, especialmente en las articulaciones. En el caso de las inyecciones en los tendones, puede ser necesario un dolor moderado y la inmovilizaci\u00f3n durante unos d\u00edas. El hielo y la elevaci\u00f3n pueden ayudar a controlar las molestias, y es importante evitar los AINE despu\u00e9s del tratamiento.<\/li>\n<\/ul>\n<\/li>\n<li>\n<p><strong>\u00bfExisten efectos secundarios o riesgos asociados a la terapia PRP?<\/strong><\/p>\n<ul>\n<li>La terapia PRP es extremadamente segura, con un riesgo m\u00ednimo de reacciones adversas, ya que utiliza las plaquetas del propio paciente. Existe una peque\u00f1a posibilidad de infecci\u00f3n, como con cualquier inyecci\u00f3n, pero, en general, el PRP no conlleva los riesgos asociados a las inyecciones de esteroides o los AINE.<\/li>\n<\/ul>\n<\/li>\n<\/ol>\n\t\t\t\t\t\t<\/div>\n\t\t\t\t<\/div>\n\t\t\t\t\t<\/div>\n\t\t<\/div>\n\t\t\t\t\t\t\t<\/div>\n\t\t<\/section>\n\t\t\t\t\t<\/div>\n\t\t<\/div>\n\t\t\t\t\t\t\t<\/div>\n\t\t<\/section>\n\t\t\t\t<section class=\"elementor-section elementor-top-section elementor-element elementor-element-e5c726a elementor-section-full_width elementor-section-height-default elementor-section-height-default\" data-id=\"e5c726a\" data-element_type=\"section\" data-settings=\"{&quot;background_background&quot;:&quot;classic&quot;}\">\n\t\t\t\t\t\t<div class=\"elementor-container elementor-column-gap-default\">\n\t\t\t\t\t<div class=\"elementor-column elementor-col-100 elementor-top-column elementor-element elementor-element-a8f2ded\" data-id=\"a8f2ded\" data-element_type=\"column\">\n\t\t\t<div class=\"elementor-widget-wrap elementor-element-populated\">\n\t\t\t\t\t\t\t\t<div class=\"elementor-element elementor-element-539a428 elementor-widget elementor-widget-heading\" data-id=\"539a428\" data-element_type=\"widget\" data-widget_type=\"heading.default\">\n\t\t\t\t<div class=\"elementor-widget-container\">\n\t\t\t<h2 class=\"elementor-heading-title elementor-size-default\">Palabras de nuestros clientes satisfechos<\/h2>\t\t<\/div>\n\t\t\t\t<\/div>\n\t\t\t\t<div class=\"elementor-element elementor-element-8a76618 elementor-widget elementor-widget-art-testimonials\" data-id=\"8a76618\" data-element_type=\"widget\" data-widget_type=\"art-testimonials.default\">\n\t\t\t\t<div class=\"elementor-widget-container\">\n\t\t\t\r\n\r\n\t\t<div class=\"art-testimonial-wrapper\">\r\n\r\n\t\t\t\r\n\t\t\t<div class=\"swiper-container-testimonial-info\">\r\n\t\t\t\t<div class=\"swiper-wrapper \">\r\n\r\n\t\t\t\t\t\t\t\t\t\t\t<div class=\"swiper-slide testimonial-item\">\r\n\t\t\t\t\t\t\t<div class=\"art-testimonial-data art-h5\"><p><span class=\"TextRun SCXW117265945 BCX8\" lang=\"EN-US\" xml:lang=\"EN-US\" data-contrast=\"auto\"><span class=\"NormalTextRun SCXW117265945 BCX8\">\u201c<span class=\"NormalTextRun SCXW154981885 BCX8\">I planned by vacations <\/span><span class=\"NormalTextRun SCXW154981885 BCX8\">around<\/span><span class=\"NormalTextRun SCXW154981885 BCX8\"> this<\/span><span class=\"NormalTextRun SCXW154981885 BCX8\"> treatment <\/span><span class=\"NormalTextRun SCXW154981885 BCX8\">and it was the best <\/span><span class=\"NormalTextRun SCXW154981885 BCX8\">decision<\/span><span class=\"NormalTextRun SCXW154981885 BCX8\"> ever<\/span><span class=\"NormalTextRun SCXW154981885 BCX8\">. <\/span><span class=\"NormalTextRun SCXW154981885 BCX8\">Got relaxed and my new baby fac<\/span><span class=\"NormalTextRun SCXW154981885 BCX8\">e.\"<\/span><\/span><\/span><\/p><\/div>\r\n\t\t\t\t\t\t\t<div class=\"art-testimonial-name art-body-three-font\">Ellison Oswalt<\/div>\r\n\t\t\t\t\t\t<\/div>\r\n\t\t\t\t\t\t\t\t\t\t\t<div class=\"swiper-slide testimonial-item\">\r\n\t\t\t\t\t\t\t<div class=\"art-testimonial-data art-h5\"><p><span class=\"TextRun SCXW117265945 BCX8\" lang=\"EN-US\" xml:lang=\"EN-US\" data-contrast=\"auto\"><span class=\"NormalTextRun SCXW117265945 BCX8\">\u201cI will definitely come <\/span><span class=\"NormalTextRun SCXW117265945 BCX8\">back;<\/span><span class=\"NormalTextRun SCXW117265945 BCX8\"> the laser did magic with my dark spots. <\/span><span class=\"NormalTextRun SCXW117265945 BCX8\">Plus,<\/span><span class=\"NormalTextRun SCXW117265945 BCX8\"> th<\/span><span class=\"NormalTextRun SCXW117265945 BCX8\">e sunscreen they recommended <\/span><span class=\"NormalTextRun SCXW117265945 BCX8\">is helping the process\".<\/span><\/span><\/p><\/div>\r\n\t\t\t\t\t\t\t<div class=\"art-testimonial-name art-body-three-font\">Lorena Guti\u00e9rrez<\/div>\r\n\t\t\t\t\t\t<\/div>\r\n\t\t\t\t\t\t\t\t\t\t\t<div class=\"swiper-slide testimonial-item\">\r\n\t\t\t\t\t\t\t<div class=\"art-testimonial-data art-h5\"><p><span class=\"TextRun SCXW117265945 BCX8\" lang=\"EN-US\" xml:lang=\"EN-US\" data-contrast=\"auto\"><span class=\"NormalTextRun SCXW117265945 BCX8\">\u201c<span class=\"NormalTextRun SCXW262249257 BCX8\">The word LASER was intimidating, but thanks to the staff I almost fall asleep during the session, they made me feel so se<\/span><span class=\"NormalTextRun SCXW262249257 BCX8\">cure! .<\/span><\/span><span class=\"NormalTextRun SCXW117265945 BCX8\">\"<\/span><\/span><\/p><\/div>\r\n\t\t\t\t\t\t\t<div class=\"art-testimonial-name art-body-three-font\">Theresa Granados <\/div>\r\n\t\t\t\t\t\t<\/div>\r\n\t\t\t\t\t\r\n\t\t\t\t<\/div>\r\n\r\n\t\t\t\t<!-- Add Arrows -->\r\n\t\t\t\t<div class=\"swiper-button-prev \"><\/div>\r\n\t\t\t\t<div class=\"swiper-button-next \"><\/div>\r\n\r\n\t\t\t<\/div>\r\n\r\n\t\t<\/div>\r\n\r\n\r\n\t\t\t\t<\/div>\n\t\t\t\t<\/div>\n\t\t\t\t\t<\/div>\n\t\t<\/div>\n\t\t\t\t\t\t\t<\/div>\n\t\t<\/section>\n\t\t\t\t\t\t\t<\/div>\n\t\t","protected":false},"excerpt":{"rendered":"<p>La terapia PRP es un tratamiento m\u00e9dico de vanguardia para diversos problemas musculoesquel\u00e9ticos. Consiste en utilizar una cantidad concentrada de plaquetas de la sangre, que liberan factores de crecimiento y prote\u00ednas para estimular la cicatrizaci\u00f3n en tejidos con flujo sangu\u00edneo limitado, como tendones y cart\u00edlagos. Visi\u00f3n general de la PRP C\u00f3mo funciona el PRP El [&hellip;]<\/p>\n","protected":false},"author":1,"featured_media":0,"parent":7192,"menu_order":0,"comment_status":"closed","ping_status":"closed","template":"elementor_header_footer","meta":{"inline_featured_image":false,"footnotes":""},"class_list":["post-7405","page","type-page","status-publish","hentry"],"acf":[],"_links":{"self":[{"href":"https:\/\/zazilha.com\/es\/wp-json\/wp\/v2\/pages\/7405","targetHints":{"allow":["GET"]}}],"collection":[{"href":"https:\/\/zazilha.com\/es\/wp-json\/wp\/v2\/pages"}],"about":[{"href":"https:\/\/zazilha.com\/es\/wp-json\/wp\/v2\/types\/page"}],"author":[{"embeddable":true,"href":"https:\/\/zazilha.com\/es\/wp-json\/wp\/v2\/users\/1"}],"replies":[{"embeddable":true,"href":"https:\/\/zazilha.com\/es\/wp-json\/wp\/v2\/comments?post=7405"}],"version-history":[{"count":6,"href":"https:\/\/zazilha.com\/es\/wp-json\/wp\/v2\/pages\/7405\/revisions"}],"predecessor-version":[{"id":7563,"href":"https:\/\/zazilha.com\/es\/wp-json\/wp\/v2\/pages\/7405\/revisions\/7563"}],"up":[{"embeddable":true,"href":"https:\/\/zazilha.com\/es\/wp-json\/wp\/v2\/pages\/7192"}],"wp:attachment":[{"href":"https:\/\/zazilha.com\/es\/wp-json\/wp\/v2\/media?parent=7405"}],"curies":[{"name":"wp","href":"https:\/\/api.w.org\/{rel}","templated":true}]}}