{"id":7409,"date":"2023-12-02T19:47:18","date_gmt":"2023-12-03T00:47:18","guid":{"rendered":"https:\/\/zazilha.com\/servicios\/skin-pen\/"},"modified":"2023-12-13T17:38:18","modified_gmt":"2023-12-13T22:38:18","slug":"microneedling","status":"publish","type":"page","link":"https:\/\/zazilha.com\/es\/servicios-de-spa\/microneedling\/","title":{"rendered":"Skin Pen"},"content":{"rendered":"\t\t<div data-elementor-type=\"wp-page\" data-elementor-id=\"7409\" class=\"elementor elementor-7409 elementor-6795\" data-elementor-post-type=\"page\">\n\t\t\t\t\t\t\t\t\t<section class=\"elementor-section elementor-top-section elementor-element elementor-element-76f2d36 elementor-section-full_width elementor-section-height-default elementor-section-height-default\" data-id=\"76f2d36\" data-element_type=\"section\">\n\t\t\t\t\t\t<div class=\"elementor-container elementor-column-gap-default\">\n\t\t\t\t\t<div class=\"elementor-column elementor-col-100 elementor-top-column elementor-element elementor-element-da7f186\" data-id=\"da7f186\" data-element_type=\"column\">\n\t\t\t<div class=\"elementor-widget-wrap elementor-element-populated\">\n\t\t\t\t\t\t\t\t<div class=\"elementor-element elementor-element-2c04f70 elementor-widget elementor-widget-art-ordinary-page-header\" data-id=\"2c04f70\" data-element_type=\"widget\" data-widget_type=\"art-ordinary-page-header.default\">\n\t\t\t\t<div class=\"elementor-widget-container\">\n\t\t\t\r\n\t\t<div class=\"art-ordinary-page-header\" style=\"background-image:url(https:\/\/zazilha.com\/wp-content\/uploads\/2022\/09\/Lv4n73uzXxg.jpg)\">\r\n\r\n\t\t\t<div class=\"container\">\r\n\r\n\t\t\t\t<div class=\"art-ordinary-page-data\" style=\"text-align:center\">\r\n\r\n\t\t\t\t\t<h1 class=\"art-page-header-title\">Skin Pen<\/h1>\r\n\r\n                    \r\n\t\t\t\t<\/div>\r\n\r\n\t\t\t<\/div>\r\n\r\n\t\t<\/div>\r\n\r\n\t\t\t\t<\/div>\n\t\t\t\t<\/div>\n\t\t\t\t\t<\/div>\n\t\t<\/div>\n\t\t\t\t\t\t\t<\/div>\n\t\t<\/section>\n\t\t\t\t<section class=\"elementor-section elementor-top-section elementor-element elementor-element-33caea6 elementor-section-boxed elementor-section-height-default elementor-section-height-default\" data-id=\"33caea6\" data-element_type=\"section\">\n\t\t\t\t\t\t<div class=\"elementor-container elementor-column-gap-default\">\n\t\t\t\t\t<div class=\"elementor-column elementor-col-100 elementor-top-column elementor-element elementor-element-ebfcd4c\" data-id=\"ebfcd4c\" data-element_type=\"column\">\n\t\t\t<div class=\"elementor-widget-wrap elementor-element-populated\">\n\t\t\t\t\t\t\t\t<div class=\"elementor-element elementor-element-7c122d4 elementor-widget elementor-widget-text-editor\" data-id=\"7c122d4\" data-element_type=\"widget\" data-widget_type=\"text-editor.default\">\n\t\t\t\t<div class=\"elementor-widget-container\">\n\t\t\t<style>\/*! elementor - v3.18.0 - 20-12-2023 *\/\n.elementor-widget-text-editor.elementor-drop-cap-view-stacked .elementor-drop-cap{background-color:#69727d;color:#fff}.elementor-widget-text-editor.elementor-drop-cap-view-framed .elementor-drop-cap{color:#69727d;border:3px solid;background-color:transparent}.elementor-widget-text-editor:not(.elementor-drop-cap-view-default) .elementor-drop-cap{margin-top:8px}.elementor-widget-text-editor:not(.elementor-drop-cap-view-default) .elementor-drop-cap-letter{width:1em;height:1em}.elementor-widget-text-editor .elementor-drop-cap{float:left;text-align:center;line-height:1;font-size:50px}.elementor-widget-text-editor .elementor-drop-cap-letter{display:inline-block}<\/style>\t\t\t\t<p style=\"text-align: center;\">SkinPen, un revolucionario tratamiento de micropunci\u00f3n, ofrece una soluci\u00f3n de rejuvenecimiento cut\u00e1neo en tan s\u00f3lo tres tratamientos. Este procedimiento de 30 minutos crea microcanales en la piel a una velocidad de 1.600 por segundo, estimulando el proceso de cicatrizaci\u00f3n de forma natural y eficaz. Seguro para todos los tonos y tipos de piel, SkinPen evita el uso de calor o productos qu\u00edmicos, garantizando resultados naturales. Un estudio cl\u00ednico demuestra que el 90% de los pacientes recomendar\u00eda SkinPen.<\/p>\n\t\t\t\t\t\t<\/div>\n\t\t\t\t<\/div>\n\t\t\t\t\t<\/div>\n\t\t<\/div>\n\t\t\t\t\t\t\t<\/div>\n\t\t<\/section>\n\t\t\t\t<section class=\"elementor-section elementor-top-section elementor-element elementor-element-55fa3fc elementor-section-boxed elementor-section-height-default elementor-section-height-default\" data-id=\"55fa3fc\" data-element_type=\"section\">\n\t\t\t\t\t\t<div class=\"elementor-container elementor-column-gap-default\">\n\t\t\t\t\t<div class=\"elementor-column elementor-col-50 elementor-top-column elementor-element elementor-element-82af7e3\" data-id=\"82af7e3\" data-element_type=\"column\">\n\t\t\t<div class=\"elementor-widget-wrap elementor-element-populated\">\n\t\t\t\t\t\t\t\t<div class=\"elementor-element elementor-element-32139fc elementor-widget elementor-widget-heading\" data-id=\"32139fc\" data-element_type=\"widget\" data-widget_type=\"heading.default\">\n\t\t\t\t<div class=\"elementor-widget-container\">\n\t\t\t<style>\/*! elementor - v3.18.0 - 20-12-2023 *\/\n.elementor-heading-title{padding:0;margin:0;line-height:1}.elementor-widget-heading .elementor-heading-title[class*=elementor-size-]>a{color:inherit;font-size:inherit;line-height:inherit}.elementor-widget-heading .elementor-heading-title.elementor-size-small{font-size:15px}.elementor-widget-heading .elementor-heading-title.elementor-size-medium{font-size:19px}.elementor-widget-heading .elementor-heading-title.elementor-size-large{font-size:29px}.elementor-widget-heading .elementor-heading-title.elementor-size-xl{font-size:39px}.elementor-widget-heading .elementor-heading-title.elementor-size-xxl{font-size:59px}<\/style><h2 class=\"elementor-heading-title elementor-size-default\">Skin Pen<\/h2>\t\t<\/div>\n\t\t\t\t<\/div>\n\t\t\t\t<div class=\"elementor-element elementor-element-4b1767f elementor-widget elementor-widget-text-editor\" data-id=\"4b1767f\" data-element_type=\"widget\" data-widget_type=\"text-editor.default\">\n\t\t\t\t<div class=\"elementor-widget-container\">\n\t\t\t\t\t\t\t<h3>Por qu\u00e9 elegir SkinPen para microneedling<\/h3>\n<p>SkinPen destaca por ser el primer dispositivo de microneedling autorizado por la FDA, conocido por su seguridad y eficacia. Rejuvenece la piel desde el interior, proporcionando un aspecto m\u00e1s joven y resultados duraderos hasta seis meses. El tratamiento es r\u00e1pido, sencillo y apenas requiere tiempo de inactividad, por lo que resulta ideal para mejorar el aspecto de las cicatrices del acn\u00e9 y las arrugas del cuello.<\/p>\n<\/p>\n<h3>El proceso en 3 pasos de SkinPen<\/h3>\n\t\t\t\t\t\t<\/div>\n\t\t\t\t<\/div>\n\t\t\t\t<section class=\"elementor-section elementor-inner-section elementor-element elementor-element-0e1828e elementor-section-boxed elementor-section-height-default elementor-section-height-default\" data-id=\"0e1828e\" data-element_type=\"section\">\n\t\t\t\t\t\t<div class=\"elementor-container elementor-column-gap-default\">\n\t\t\t\t\t<div class=\"elementor-column elementor-col-100 elementor-inner-column elementor-element elementor-element-a0ad7dc\" data-id=\"a0ad7dc\" data-element_type=\"column\">\n\t\t\t<div class=\"elementor-widget-wrap elementor-element-populated\">\n\t\t\t\t\t\t\t\t<div class=\"elementor-element elementor-element-a9b4040 elementor-widget elementor-widget-text-editor\" data-id=\"a9b4040\" data-element_type=\"widget\" data-widget_type=\"text-editor.default\">\n\t\t\t\t<div class=\"elementor-widget-container\">\n\t\t\t\t\t\t\t<ul>\n<li><strong>Inflamaci\u00f3n:<\/strong> Las microagujas de SkinPen inician la respuesta inmunitaria, desinfectando las heridas, eliminando los restos e iniciando la creaci\u00f3n de nuevo tejido.<\/li>\n<li><strong>Proliferaci\u00f3n:<\/strong> Las microheridas se reconstruyen con c\u00e9lulas de granulaci\u00f3n, incluido el col\u00e1geno, y una red de nuevos vasos sangu\u00edneos.<\/li>\n<li><strong>Remodelaci\u00f3n:<\/strong> Los nuevos tejidos d\u00e9rmicos y vasos sangu\u00edneos, ricos en prote\u00ednas de col\u00e1geno y elastina, potencian la juventud de la piel.<\/li>\n<\/ul>\n\t\t\t\t\t\t<\/div>\n\t\t\t\t<\/div>\n\t\t\t\t\t<\/div>\n\t\t<\/div>\n\t\t\t\t\t\t\t<\/div>\n\t\t<\/section>\n\t\t\t\t<section class=\"elementor-section elementor-inner-section elementor-element elementor-element-22e7e51 elementor-section-boxed elementor-section-height-default elementor-section-height-default\" data-id=\"22e7e51\" data-element_type=\"section\">\n\t\t\t\t\t\t<div class=\"elementor-container elementor-column-gap-default\">\n\t\t\t\t\t<div class=\"elementor-column elementor-col-100 elementor-inner-column elementor-element elementor-element-63ccf80\" data-id=\"63ccf80\" data-element_type=\"column\">\n\t\t\t<div class=\"elementor-widget-wrap elementor-element-populated\">\n\t\t\t\t\t\t\t\t<div class=\"elementor-element elementor-element-c1521fa elementor-align-center elementor-widget elementor-widget-button\" data-id=\"c1521fa\" data-element_type=\"widget\" data-widget_type=\"button.default\">\n\t\t\t\t<div class=\"elementor-widget-container\">\n\t\t\t\t\t<div class=\"elementor-button-wrapper\">\n\t\t\t<a class=\"elementor-button elementor-button-link elementor-size-sm\" href=\"https:\/\/zazilha.com\/es\/contacto\/\">\n\t\t\t\t\t\t<span class=\"elementor-button-content-wrapper\">\n\t\t\t\t\t\t<span class=\"elementor-button-text\">ENVIAR MENSAJE<\/span>\n\t\t<\/span>\n\t\t\t\t\t<\/a>\n\t\t<\/div>\n\t\t\t\t<\/div>\n\t\t\t\t<\/div>\n\t\t\t\t\t<\/div>\n\t\t<\/div>\n\t\t\t\t\t\t\t<\/div>\n\t\t<\/section>\n\t\t\t\t\t<\/div>\n\t\t<\/div>\n\t\t\t\t<div class=\"elementor-column elementor-col-50 elementor-top-column elementor-element elementor-element-b6cbfe2\" data-id=\"b6cbfe2\" data-element_type=\"column\">\n\t\t\t<div class=\"elementor-widget-wrap elementor-element-populated\">\n\t\t\t\t\t\t\t\t<section class=\"elementor-section elementor-inner-section elementor-element elementor-element-2cf664b elementor-hidden-tablet elementor-section-boxed elementor-section-height-default elementor-section-height-default\" data-id=\"2cf664b\" data-element_type=\"section\">\n\t\t\t\t\t\t<div class=\"elementor-container elementor-column-gap-default\">\n\t\t\t\t\t<div class=\"elementor-column elementor-col-100 elementor-inner-column elementor-element elementor-element-76a94fd\" data-id=\"76a94fd\" data-element_type=\"column\">\n\t\t\t<div class=\"elementor-widget-wrap elementor-element-populated\">\n\t\t\t\t\t\t\t\t<div class=\"elementor-element elementor-element-77be1e5 elementor-widget elementor-widget-image\" data-id=\"77be1e5\" data-element_type=\"widget\" data-widget_type=\"image.default\">\n\t\t\t\t<div class=\"elementor-widget-container\">\n\t\t\t<style>\/*! elementor - v3.18.0 - 20-12-2023 *\/\n.elementor-widget-image{text-align:center}.elementor-widget-image a{display:inline-block}.elementor-widget-image a img[src$=\".svg\"]{width:48px}.elementor-widget-image img{vertical-align:middle;display:inline-block}<\/style>\t\t\t\t\t\t\t\t\t\t\t\t<img fetchpriority=\"high\" decoding=\"async\" width=\"1000\" height=\"567\" src=\"https:\/\/zazilha.com\/wp-content\/uploads\/2023\/12\/SkinPen-Microneedling.jpeg\" class=\"attachment-large size-large wp-image-6796\" alt=\"\" srcset=\"https:\/\/zazilha.com\/wp-content\/uploads\/2023\/12\/SkinPen-Microneedling.jpeg 1000w, https:\/\/zazilha.com\/wp-content\/uploads\/2023\/12\/SkinPen-Microneedling-300x170.jpeg 300w, https:\/\/zazilha.com\/wp-content\/uploads\/2023\/12\/SkinPen-Microneedling-768x435.jpeg 768w, https:\/\/zazilha.com\/wp-content\/uploads\/2023\/12\/SkinPen-Microneedling-600x340.jpeg 600w, https:\/\/zazilha.com\/wp-content\/uploads\/2023\/12\/SkinPen-Microneedling-120x68.jpeg 120w\" sizes=\"(max-width: 1000px) 100vw, 1000px\" \/>\t\t\t\t\t\t\t\t\t\t\t\t\t\t\t<\/div>\n\t\t\t\t<\/div>\n\t\t\t\t<div class=\"elementor-element elementor-element-d13717a elementor-widget elementor-widget-image\" data-id=\"d13717a\" data-element_type=\"widget\" data-widget_type=\"image.default\">\n\t\t\t\t<div class=\"elementor-widget-container\">\n\t\t\t\t\t\t\t\t\t\t\t\t\t\t\t<img decoding=\"async\" width=\"1024\" height=\"463\" src=\"https:\/\/zazilha.com\/wp-content\/uploads\/2023\/12\/find-a-provider-1024x463.jpg\" class=\"attachment-large size-large wp-image-6797\" alt=\"Professional team\" srcset=\"https:\/\/zazilha.com\/wp-content\/uploads\/2023\/12\/find-a-provider-1024x463.jpg 1024w, https:\/\/zazilha.com\/wp-content\/uploads\/2023\/12\/find-a-provider-300x136.jpg 300w, https:\/\/zazilha.com\/wp-content\/uploads\/2023\/12\/find-a-provider-768x347.jpg 768w, https:\/\/zazilha.com\/wp-content\/uploads\/2023\/12\/find-a-provider-1536x694.jpg 1536w, https:\/\/zazilha.com\/wp-content\/uploads\/2023\/12\/find-a-provider-600x271.jpg 600w, https:\/\/zazilha.com\/wp-content\/uploads\/2023\/12\/find-a-provider-120x54.jpg 120w, https:\/\/zazilha.com\/wp-content\/uploads\/2023\/12\/find-a-provider.jpg 1970w\" sizes=\"(max-width: 1024px) 100vw, 1024px\" \/>\t\t\t\t\t\t\t\t\t\t\t\t\t\t\t<\/div>\n\t\t\t\t<\/div>\n\t\t\t\t\t<\/div>\n\t\t<\/div>\n\t\t\t\t\t\t\t<\/div>\n\t\t<\/section>\n\t\t\t\t\t<\/div>\n\t\t<\/div>\n\t\t\t\t\t\t\t<\/div>\n\t\t<\/section>\n\t\t\t\t<section class=\"elementor-section elementor-top-section elementor-element elementor-element-a0b71a4 elementor-section-boxed elementor-section-height-default elementor-section-height-default\" data-id=\"a0b71a4\" data-element_type=\"section\">\n\t\t\t\t\t\t<div class=\"elementor-container elementor-column-gap-default\">\n\t\t\t\t\t<div class=\"elementor-column elementor-col-100 elementor-top-column elementor-element elementor-element-181a0d9\" data-id=\"181a0d9\" data-element_type=\"column\">\n\t\t\t<div class=\"elementor-widget-wrap elementor-element-populated\">\n\t\t\t\t\t\t\t\t<div class=\"elementor-element elementor-element-c6df78b elementor-widget elementor-widget-heading\" data-id=\"c6df78b\" data-element_type=\"widget\" data-widget_type=\"heading.default\">\n\t\t\t\t<div class=\"elementor-widget-container\">\n\t\t\t<h2 class=\"elementor-heading-title elementor-size-default\">Preguntas frecuentes<\/h2>\t\t<\/div>\n\t\t\t\t<\/div>\n\t\t\t\t<section class=\"elementor-section elementor-inner-section elementor-element elementor-element-bc22f87 elementor-section-boxed elementor-section-height-default elementor-section-height-default\" data-id=\"bc22f87\" data-element_type=\"section\">\n\t\t\t\t\t\t<div class=\"elementor-container elementor-column-gap-default\">\n\t\t\t\t\t<div class=\"elementor-column elementor-col-50 elementor-inner-column elementor-element elementor-element-eb86a1c\" data-id=\"eb86a1c\" data-element_type=\"column\">\n\t\t\t<div class=\"elementor-widget-wrap elementor-element-populated\">\n\t\t\t\t\t\t\t\t<div class=\"elementor-element elementor-element-11228fd elementor-widget elementor-widget-image\" data-id=\"11228fd\" data-element_type=\"widget\" data-widget_type=\"image.default\">\n\t\t\t\t<div class=\"elementor-widget-container\">\n\t\t\t\t\t\t\t\t\t\t\t\t\t\t\t<img decoding=\"async\" src=\"https:\/\/zazilha.com\/wp-content\/uploads\/elementor\/thumbs\/Rejuvenation-q2n4viccig9g88qif2de9pfs5kcx0h5nqcl2ap9apc.jpg\" title=\"Rejuvenation\" alt=\"Rejuvenation\" loading=\"lazy\" \/>\t\t\t\t\t\t\t\t\t\t\t\t\t\t\t<\/div>\n\t\t\t\t<\/div>\n\t\t\t\t\t<\/div>\n\t\t<\/div>\n\t\t\t\t<div class=\"elementor-column elementor-col-50 elementor-inner-column elementor-element elementor-element-ea76127\" data-id=\"ea76127\" data-element_type=\"column\">\n\t\t\t<div class=\"elementor-widget-wrap elementor-element-populated\">\n\t\t\t\t\t\t\t\t<div class=\"elementor-element elementor-element-a038b55 elementor-widget elementor-widget-text-editor\" data-id=\"a038b55\" data-element_type=\"widget\" data-widget_type=\"text-editor.default\">\n\t\t\t\t<div class=\"elementor-widget-container\">\n\t\t\t\t\t\t\t<ol>\n<li>\n<p><strong>\u00bfCu\u00e1ntos tratamientos son necesarios con SkinPen?<\/strong><\/p>\n<p>Por lo general, se recomienda una serie de tres tratamientos para obtener resultados \u00f3ptimos, pero esto puede variar en funci\u00f3n de las condiciones de la piel y los objetivos individuales.<\/p>\n<\/li>\n<li>\n<p><strong>\u00bfEs doloroso el tratamiento con SkinPen?<\/strong><\/p>\n<p>Los pacientes pueden experimentar ligeras molestias durante el proceso de micropunci\u00f3n, pero SkinPen est\u00e1 dise\u00f1ado para ser m\u00ednimamente invasivo y, en general, bien tolerado.<\/p>\n<\/li>\n<li>\n<p><strong>\u00bfSe puede utilizar SkinPen en todo tipo de pieles?<\/strong><\/p>\n<p>S\u00ed, SkinPen es seguro y eficaz para todos los tonos y tipos de piel, lo que lo convierte en una opci\u00f3n vers\u00e1til para diversas necesidades de rejuvenecimiento cut\u00e1neo.<\/p>\n<\/li>\n<\/ol>\n\t\t\t\t\t\t<\/div>\n\t\t\t\t<\/div>\n\t\t\t\t\t<\/div>\n\t\t<\/div>\n\t\t\t\t\t\t\t<\/div>\n\t\t<\/section>\n\t\t\t\t\t<\/div>\n\t\t<\/div>\n\t\t\t\t\t\t\t<\/div>\n\t\t<\/section>\n\t\t\t\t<section class=\"elementor-section elementor-top-section elementor-element elementor-element-e5c726a elementor-section-full_width elementor-section-height-default elementor-section-height-default\" data-id=\"e5c726a\" data-element_type=\"section\" data-settings=\"{&quot;background_background&quot;:&quot;classic&quot;}\">\n\t\t\t\t\t\t<div class=\"elementor-container elementor-column-gap-default\">\n\t\t\t\t\t<div class=\"elementor-column elementor-col-100 elementor-top-column elementor-element elementor-element-a8f2ded\" data-id=\"a8f2ded\" data-element_type=\"column\">\n\t\t\t<div class=\"elementor-widget-wrap elementor-element-populated\">\n\t\t\t\t\t\t\t\t<div class=\"elementor-element elementor-element-539a428 elementor-widget elementor-widget-heading\" data-id=\"539a428\" data-element_type=\"widget\" data-widget_type=\"heading.default\">\n\t\t\t\t<div class=\"elementor-widget-container\">\n\t\t\t<h2 class=\"elementor-heading-title elementor-size-default\">Palabras de nuestros clientes satisfechos<\/h2>\t\t<\/div>\n\t\t\t\t<\/div>\n\t\t\t\t<div class=\"elementor-element elementor-element-8a76618 elementor-widget elementor-widget-art-testimonials\" data-id=\"8a76618\" data-element_type=\"widget\" data-widget_type=\"art-testimonials.default\">\n\t\t\t\t<div class=\"elementor-widget-container\">\n\t\t\t\r\n\r\n\t\t<div class=\"art-testimonial-wrapper\">\r\n\r\n\t\t\t\r\n\t\t\t<div class=\"swiper-container-testimonial-info\">\r\n\t\t\t\t<div class=\"swiper-wrapper \">\r\n\r\n\t\t\t\t\t\t\t\t\t\t\t<div class=\"swiper-slide testimonial-item\">\r\n\t\t\t\t\t\t\t<div class=\"art-testimonial-data art-h5\"><p><span class=\"TextRun SCXW117265945 BCX8\" lang=\"EN-US\" xml:lang=\"EN-US\" data-contrast=\"auto\"><span class=\"NormalTextRun SCXW117265945 BCX8\">\u201c<span class=\"NormalTextRun SCXW154981885 BCX8\">I planned by vacations <\/span><span class=\"NormalTextRun SCXW154981885 BCX8\">around<\/span><span class=\"NormalTextRun SCXW154981885 BCX8\"> this<\/span><span class=\"NormalTextRun SCXW154981885 BCX8\"> treatment <\/span><span class=\"NormalTextRun SCXW154981885 BCX8\">and it was the best <\/span><span class=\"NormalTextRun SCXW154981885 BCX8\">decision<\/span><span class=\"NormalTextRun SCXW154981885 BCX8\"> ever<\/span><span class=\"NormalTextRun SCXW154981885 BCX8\">. <\/span><span class=\"NormalTextRun SCXW154981885 BCX8\">Got relaxed and my new baby fac<\/span><span class=\"NormalTextRun SCXW154981885 BCX8\">e.\"<\/span><\/span><\/span><\/p><\/div>\r\n\t\t\t\t\t\t\t<div class=\"art-testimonial-name art-body-three-font\">Ellison Oswalt<\/div>\r\n\t\t\t\t\t\t<\/div>\r\n\t\t\t\t\t\t\t\t\t\t\t<div class=\"swiper-slide testimonial-item\">\r\n\t\t\t\t\t\t\t<div class=\"art-testimonial-data art-h5\"><p><span class=\"TextRun SCXW117265945 BCX8\" lang=\"EN-US\" xml:lang=\"EN-US\" data-contrast=\"auto\"><span class=\"NormalTextRun SCXW117265945 BCX8\">\u201cI will definitely come <\/span><span class=\"NormalTextRun SCXW117265945 BCX8\">back;<\/span><span class=\"NormalTextRun SCXW117265945 BCX8\"> the laser did magic with my dark spots. <\/span><span class=\"NormalTextRun SCXW117265945 BCX8\">Plus,<\/span><span class=\"NormalTextRun SCXW117265945 BCX8\"> th<\/span><span class=\"NormalTextRun SCXW117265945 BCX8\">e sunscreen they recommended <\/span><span class=\"NormalTextRun SCXW117265945 BCX8\">is helping the process\".<\/span><\/span><\/p><\/div>\r\n\t\t\t\t\t\t\t<div class=\"art-testimonial-name art-body-three-font\">Lorena Guti\u00e9rrez<\/div>\r\n\t\t\t\t\t\t<\/div>\r\n\t\t\t\t\t\t\t\t\t\t\t<div class=\"swiper-slide testimonial-item\">\r\n\t\t\t\t\t\t\t<div class=\"art-testimonial-data art-h5\"><p><span class=\"TextRun SCXW117265945 BCX8\" lang=\"EN-US\" xml:lang=\"EN-US\" data-contrast=\"auto\"><span class=\"NormalTextRun SCXW117265945 BCX8\">\u201c<span class=\"NormalTextRun SCXW262249257 BCX8\">The word LASER was intimidating, but thanks to the staff I almost fall asleep during the session, they made me feel so se<\/span><span class=\"NormalTextRun SCXW262249257 BCX8\">cure! .<\/span><\/span><span class=\"NormalTextRun SCXW117265945 BCX8\">\"<\/span><\/span><\/p><\/div>\r\n\t\t\t\t\t\t\t<div class=\"art-testimonial-name art-body-three-font\">Theresa Granados <\/div>\r\n\t\t\t\t\t\t<\/div>\r\n\t\t\t\t\t\r\n\t\t\t\t<\/div>\r\n\r\n\t\t\t\t<!-- Add Arrows -->\r\n\t\t\t\t<div class=\"swiper-button-prev \"><\/div>\r\n\t\t\t\t<div class=\"swiper-button-next \"><\/div>\r\n\r\n\t\t\t<\/div>\r\n\r\n\t\t<\/div>\r\n\r\n\r\n\t\t\t\t<\/div>\n\t\t\t\t<\/div>\n\t\t\t\t\t<\/div>\n\t\t<\/div>\n\t\t\t\t\t\t\t<\/div>\n\t\t<\/section>\n\t\t\t\t\t\t\t<\/div>\n\t\t","protected":false},"excerpt":{"rendered":"<p>SkinPen, un revolucionario tratamiento de micropunci\u00f3n, ofrece una soluci\u00f3n de rejuvenecimiento cut\u00e1neo en tan s\u00f3lo tres tratamientos. Este procedimiento de 30 minutos crea microcanales en la piel a una velocidad de 1.600 por segundo, estimulando el proceso de cicatrizaci\u00f3n de forma natural y eficaz. Seguro para todos los tonos y tipos de piel, SkinPen evita [&hellip;]<\/p>\n","protected":false},"author":1,"featured_media":0,"parent":7192,"menu_order":0,"comment_status":"closed","ping_status":"closed","template":"elementor_header_footer","meta":{"inline_featured_image":false,"footnotes":""},"class_list":["post-7409","page","type-page","status-publish","hentry"],"acf":[],"_links":{"self":[{"href":"https:\/\/zazilha.com\/es\/wp-json\/wp\/v2\/pages\/7409","targetHints":{"allow":["GET"]}}],"collection":[{"href":"https:\/\/zazilha.com\/es\/wp-json\/wp\/v2\/pages"}],"about":[{"href":"https:\/\/zazilha.com\/es\/wp-json\/wp\/v2\/types\/page"}],"author":[{"embeddable":true,"href":"https:\/\/zazilha.com\/es\/wp-json\/wp\/v2\/users\/1"}],"replies":[{"embeddable":true,"href":"https:\/\/zazilha.com\/es\/wp-json\/wp\/v2\/comments?post=7409"}],"version-history":[{"count":2,"href":"https:\/\/zazilha.com\/es\/wp-json\/wp\/v2\/pages\/7409\/revisions"}],"predecessor-version":[{"id":7513,"href":"https:\/\/zazilha.com\/es\/wp-json\/wp\/v2\/pages\/7409\/revisions\/7513"}],"up":[{"embeddable":true,"href":"https:\/\/zazilha.com\/es\/wp-json\/wp\/v2\/pages\/7192"}],"wp:attachment":[{"href":"https:\/\/zazilha.com\/es\/wp-json\/wp\/v2\/media?parent=7409"}],"curies":[{"name":"wp","href":"https:\/\/api.w.org\/{rel}","templated":true}]}}